{"id":23597,"date":"2024-08-02T22:28:10","date_gmt":"2024-08-02T22:28:10","guid":{"rendered":"https:\/\/multimascota.com.ar\/?post_type=product&#038;p=23597"},"modified":"2025-09-20T14:37:48","modified_gmt":"2025-09-20T14:37:48","slug":"livra-gatos-adultos","status":"publish","type":"product","link":"https:\/\/multimascota.com.ar\/es_ar\/producto\/livra-gatos-adultos\/","title":{"rendered":"Livra Gatos Adultos"},"content":{"rendered":"<h2>Alimento Balanceado LIVRA para Gatos Adultos.<\/h2>\n<p><em>Principalmente compuesto por: <\/em><\/p>\n<ul>\n<li>POLLO Y CORDERO.<\/li>\n<li>HUEVO.<\/li>\n<li>ARROZ INTEGRAL.<\/li>\n<li>BATATA.<\/li>\n<li>ARVEJAS.<\/li>\n<\/ul>\n<hr \/>\n<h2>INGREDIENTES<\/h2>\n<p>Harina de pollo, harina de cordero, huevo en polvo, arroz integral, harina de batata, arvejas, gluten de ma\u00edz, germen de ma\u00edz, aceite de salm\u00f3n (fuente de omega), aceite de pollo, hidrolizado proteico de v\u00edsceras de ave, conservantes naturales: extracto de romero, tocoferoles, \u00e1cido c\u00edtrico, levadura de cerveza (MOS), pulpa de remolacha (FOS), zeolita, extracto de yucca schidigera, n\u00facleo vitam\u00ednico mineral: vitaminas: A, D3, E, K, B1, B2, B6, B12, zinc, hierro, cobre, yodo, calcio, manganeso, selenio, biotina, colina, lisina, taurina, metionina, condroitin sulfato, glucosamina, L-carnitina, dipropionato de calcio, \u00e1cido propi\u00f3nico, \u00e1cido f\u00f3lico, \u00e1cido nicot\u00ednico, betacaroteno.<\/p>\n<h1 class=\"Title__StyledTitle-sc-18dtzln-0 gcfAYW Benefits__TitleStyled-sc-w1mt52-0 hrfAmc benefits-title\"><span style=\"color: #800080\">LOS BENEFICIOS<\/span><\/h1>\n<div class=\"Benefits__BenefitWrapper-sc-w1mt52-5 kIMMxS\">\n<div class=\"Benefits__ItemImgContainer-sc-w1mt52-6 gipgAZ\">\n<div class=\"gatsby-image-wrapper gatsby-image-wrapper-constrained benefit-icon\" data-gatsby-image-wrapper=\"\">\n<p>&nbsp;<\/p>\n<\/div>\n<\/div>\n<div class=\"Benefits__BenefitInfoWrapper-sc-w1mt52-7 jWvHOP\">\n<h5><span style=\"color: #993366\">FUNCIONALIDAD<\/span><\/h5>\n<p><span class=\"Text__StyledText-sc-1q47m2q-0 kqKlIn benefits-text-detail\">Ingredientes nobles que respetan las necesidades nutricionales ancestrales de los carn\u00edvoros utilizando en la formulaci\u00f3n solo prote\u00ednas y grasas de origen animal, seleccionando ingredientes por sus beneficios para potenciar un estado equilibrado y saludable.<\/span><\/p>\n<\/div>\n<\/div>\n<div class=\"Benefits__BenefitWrapper-sc-w1mt52-5 kIMMxS\">\n<div class=\"Benefits__ItemImgContainer-sc-w1mt52-6 gipgAZ\">\n<div class=\"gatsby-image-wrapper gatsby-image-wrapper-constrained benefit-icon\" data-gatsby-image-wrapper=\"\">\n<div aria-hidden=\"true\" data-placeholder-image=\"\"><span style=\"color: #993366\"><strong>PIEL Y PELO<\/strong><\/span><\/div>\n<\/div>\n<\/div>\n<div class=\"Benefits__BenefitInfoWrapper-sc-w1mt52-7 jWvHOP\">\n<p><span class=\"Text__StyledText-sc-1q47m2q-0 kqKlIn benefits-text-detail\">La calidad de sus prote\u00ednas junto al aceite de salm\u00f3n favorecen la absorci\u00f3n de los nutrientes necesarios para mejorar la salud de la piel y el pelo.<\/span><\/p>\n<\/div>\n<\/div>\n<div class=\"Benefits__BenefitWrapper-sc-w1mt52-5 kIMMxS\">\n<div class=\"Benefits__ItemImgContainer-sc-w1mt52-6 gipgAZ\">\n<div class=\"gatsby-image-wrapper gatsby-image-wrapper-constrained benefit-icon\" data-gatsby-image-wrapper=\"\">\n<div aria-hidden=\"true\" data-placeholder-image=\"\"><span style=\"color: #993366\"><strong>BALANCE DE PH URINARIO<\/strong><\/span><\/div>\n<\/div>\n<\/div>\n<div class=\"Benefits__BenefitInfoWrapper-sc-w1mt52-7 jWvHOP\">\n<p><span class=\"Text__StyledText-sc-1q47m2q-0 kqKlIn benefits-text-detail\">Gracias a la calidad de sus nutrientes, sus niveles de minerales balanceados favorecen un pH equilibrado que ayuda a mantener un sistema urinario sano.<\/span><\/p>\n<\/div>\n<\/div>\n<div class=\"Benefits__BenefitWrapper-sc-w1mt52-5 kIMMxS\">\n<div class=\"Benefits__ItemImgContainer-sc-w1mt52-6 gipgAZ\">\n<div class=\"gatsby-image-wrapper gatsby-image-wrapper-constrained benefit-icon\" data-gatsby-image-wrapper=\"\">\n<p>&nbsp;<\/p>\n<\/div>\n<\/div>\n<div class=\"Benefits__BenefitInfoWrapper-sc-w1mt52-7 jWvHOP\">\n<h5><span style=\"color: #993366\">CONTROL DE BOLAS DE PELO<\/span><\/h5>\n<p><span class=\"Text__StyledText-sc-1q47m2q-0 kqKlIn benefits-text-detail\">Suplementado con \ufb01bras naturales de baja fermentaci\u00f3n que colaboran a la eliminaci\u00f3n de las bolas de pelo a trav\u00e9s del tracto digestivo de manera natural.<\/span><\/p>\n<\/div>\n<\/div>\n<p>&nbsp;<\/p>\n<p>fuente: <a href=\"https:\/\/www.livra.ar\/producto_gatosadultos\/#productos\">https:\/\/www.livra.ar\/producto_gatosadultos\/#productos<\/a><\/p>","protected":false},"excerpt":{"rendered":"<p>Alimento Balanceado LIVRA para Gatos Adultos. Principalmente compuesto por: POLLO Y CORDERO. HUEVO. ARROZ INTEGRAL. BATATA. ARVEJAS. INGREDIENTES Harina de<\/p>","protected":false},"featured_media":23602,"comment_status":"closed","ping_status":"closed","template":"","meta":[],"product_brand":[],"product_cat":[205],"product_tag":[762,764,765,757,763],"class_list":{"0":"post-23597","1":"product","2":"type-product","3":"status-publish","4":"has-post-thumbnail","6":"product_cat-gatos","7":"product_tag-alimento","8":"product_tag-balanceado","9":"product_tag-balanceado-gato","10":"product_tag-gato","11":"product_tag-livra-gato","13":"first","14":"instock","15":"shipping-taxable","16":"purchasable","17":"product-type-variable"},"yoast_head":"<!-- This site is optimized with the Yoast SEO plugin v27.3 - https:\/\/yoast.com\/product\/yoast-seo-wordpress\/ -->\n<title>Livra Gatos Adultos - MULTIMASCOTA<\/title>\n<meta name=\"robots\" content=\"index, follow, max-snippet:-1, max-image-preview:large, max-video-preview:-1\" \/>\n<link rel=\"canonical\" href=\"https:\/\/multimascota.com.ar\/es_ar\/producto\/livra-gatos-adultos\/\" \/>\n<meta property=\"og:locale\" content=\"es_ES\" \/>\n<meta property=\"og:type\" content=\"article\" \/>\n<meta property=\"og:title\" content=\"Livra Gatos Adultos - MULTIMASCOTA\" \/>\n<meta property=\"og:description\" content=\"Alimento Balanceado LIVRA para Gatos Adultos. Principalmente compuesto por: POLLO Y CORDERO. HUEVO. ARROZ INTEGRAL. BATATA. ARVEJAS. INGREDIENTES Harina de\" \/>\n<meta property=\"og:url\" content=\"https:\/\/multimascota.com.ar\/es_ar\/producto\/livra-gatos-adultos\/\" \/>\n<meta property=\"og:site_name\" content=\"MULTIMASCOTA\" \/>\n<meta property=\"article:publisher\" content=\"https:\/\/www.facebook.com\/multimascota\" \/>\n<meta property=\"article:modified_time\" content=\"2025-09-20T14:37:48+00:00\" \/>\n<meta property=\"og:image\" content=\"https:\/\/multimascota.com.ar\/wp-content\/uploads\/2024\/08\/livra-gato-adulto-webp.webp\" \/>\n\t<meta property=\"og:image:width\" content=\"1815\" \/>\n\t<meta property=\"og:image:height\" content=\"2199\" \/>\n\t<meta property=\"og:image:type\" content=\"image\/webp\" \/>\n<meta name=\"twitter:card\" content=\"summary_large_image\" \/>\n<meta name=\"twitter:label1\" content=\"Tiempo de lectura\" \/>\n\t<meta name=\"twitter:data1\" content=\"1 minuto\" \/>\n<script type=\"application\/ld+json\" class=\"yoast-schema-graph\">{\"@context\":\"https:\\\/\\\/schema.org\",\"@graph\":[{\"@type\":[\"WebPage\",\"ItemPage\"],\"@id\":\"https:\\\/\\\/multimascota.com.ar\\\/producto\\\/livra-gatos-adultos\\\/\",\"url\":\"https:\\\/\\\/multimascota.com.ar\\\/producto\\\/livra-gatos-adultos\\\/\",\"name\":\"Livra Gatos Adultos - MULTIMASCOTA\",\"isPartOf\":{\"@id\":\"https:\\\/\\\/multimascota.com.ar\\\/#website\"},\"primaryImageOfPage\":{\"@id\":\"https:\\\/\\\/multimascota.com.ar\\\/producto\\\/livra-gatos-adultos\\\/#primaryimage\"},\"image\":{\"@id\":\"https:\\\/\\\/multimascota.com.ar\\\/producto\\\/livra-gatos-adultos\\\/#primaryimage\"},\"thumbnailUrl\":\"https:\\\/\\\/i0.wp.com\\\/multimascota.com.ar\\\/wp-content\\\/uploads\\\/2024\\\/08\\\/livra-gato-adulto-webp.webp?fit=1815%2C2199&ssl=1\",\"datePublished\":\"2024-08-02T22:28:10+00:00\",\"dateModified\":\"2025-09-20T14:37:48+00:00\",\"breadcrumb\":{\"@id\":\"https:\\\/\\\/multimascota.com.ar\\\/producto\\\/livra-gatos-adultos\\\/#breadcrumb\"},\"inLanguage\":\"es-AR\",\"potentialAction\":[{\"@type\":\"ReadAction\",\"target\":[\"https:\\\/\\\/multimascota.com.ar\\\/producto\\\/livra-gatos-adultos\\\/\"]}]},{\"@type\":\"ImageObject\",\"inLanguage\":\"es-AR\",\"@id\":\"https:\\\/\\\/multimascota.com.ar\\\/producto\\\/livra-gatos-adultos\\\/#primaryimage\",\"url\":\"https:\\\/\\\/i0.wp.com\\\/multimascota.com.ar\\\/wp-content\\\/uploads\\\/2024\\\/08\\\/livra-gato-adulto-webp.webp?fit=1815%2C2199&ssl=1\",\"contentUrl\":\"https:\\\/\\\/i0.wp.com\\\/multimascota.com.ar\\\/wp-content\\\/uploads\\\/2024\\\/08\\\/livra-gato-adulto-webp.webp?fit=1815%2C2199&ssl=1\",\"width\":1815,\"height\":2199},{\"@type\":\"BreadcrumbList\",\"@id\":\"https:\\\/\\\/multimascota.com.ar\\\/producto\\\/livra-gatos-adultos\\\/#breadcrumb\",\"itemListElement\":[{\"@type\":\"ListItem\",\"position\":1,\"name\":\"Portada\",\"item\":\"https:\\\/\\\/multimascota.com.ar\\\/\"},{\"@type\":\"ListItem\",\"position\":2,\"name\":\"Tienda\",\"item\":\"https:\\\/\\\/multimascota.com.ar\\\/tienda\\\/\"},{\"@type\":\"ListItem\",\"position\":3,\"name\":\"Livra Gatos Adultos\"}]},{\"@type\":\"WebSite\",\"@id\":\"https:\\\/\\\/multimascota.com.ar\\\/#website\",\"url\":\"https:\\\/\\\/multimascota.com.ar\\\/\",\"name\":\"MULTIMASCOTA\",\"description\":\"M\u00c0S DE 20 A\u00d1OS | LOS MEJORES PRODUCTOS\",\"publisher\":{\"@id\":\"https:\\\/\\\/multimascota.com.ar\\\/#organization\"},\"potentialAction\":[{\"@type\":\"SearchAction\",\"target\":{\"@type\":\"EntryPoint\",\"urlTemplate\":\"https:\\\/\\\/multimascota.com.ar\\\/?s={search_term_string}\"},\"query-input\":{\"@type\":\"PropertyValueSpecification\",\"valueRequired\":true,\"valueName\":\"search_term_string\"}}],\"inLanguage\":\"es-AR\"},{\"@type\":\"Organization\",\"@id\":\"https:\\\/\\\/multimascota.com.ar\\\/#organization\",\"name\":\"Multimascota Veterinaria\",\"url\":\"https:\\\/\\\/multimascota.com.ar\\\/\",\"logo\":{\"@type\":\"ImageObject\",\"inLanguage\":\"es-AR\",\"@id\":\"https:\\\/\\\/multimascota.com.ar\\\/#\\\/schema\\\/logo\\\/image\\\/\",\"url\":\"https:\\\/\\\/multimascota.com.ar\\\/wp-content\\\/uploads\\\/2021\\\/07\\\/LG1-1.png\",\"contentUrl\":\"https:\\\/\\\/multimascota.com.ar\\\/wp-content\\\/uploads\\\/2021\\\/07\\\/LG1-1.png\",\"width\":500,\"height\":500,\"caption\":\"Multimascota Veterinaria\"},\"image\":{\"@id\":\"https:\\\/\\\/multimascota.com.ar\\\/#\\\/schema\\\/logo\\\/image\\\/\"},\"sameAs\":[\"https:\\\/\\\/www.facebook.com\\\/multimascota\",\"https:\\\/\\\/www.instagram.com\\\/multimascotasrl\\\/\"]}]}<\/script>\n<!-- \/ Yoast SEO plugin. -->","yoast_head_json":{"title":"Livra Gatos Adultos - MULTIMASCOTA","robots":{"index":"index","follow":"follow","max-snippet":"max-snippet:-1","max-image-preview":"max-image-preview:large","max-video-preview":"max-video-preview:-1"},"canonical":"https:\/\/multimascota.com.ar\/es_ar\/producto\/livra-gatos-adultos\/","og_locale":"es_ES","og_type":"article","og_title":"Livra Gatos Adultos - MULTIMASCOTA","og_description":"Alimento Balanceado LIVRA para Gatos Adultos. Principalmente compuesto por: POLLO Y CORDERO. HUEVO. ARROZ INTEGRAL. BATATA. ARVEJAS. INGREDIENTES Harina de","og_url":"https:\/\/multimascota.com.ar\/es_ar\/producto\/livra-gatos-adultos\/","og_site_name":"MULTIMASCOTA","article_publisher":"https:\/\/www.facebook.com\/multimascota","article_modified_time":"2025-09-20T14:37:48+00:00","og_image":[{"width":1815,"height":2199,"url":"https:\/\/multimascota.com.ar\/wp-content\/uploads\/2024\/08\/livra-gato-adulto-webp.webp","type":"image\/webp"}],"twitter_card":"summary_large_image","twitter_misc":{"Tiempo de lectura":"1 minuto"},"schema":{"@context":"https:\/\/schema.org","@graph":[{"@type":["WebPage","ItemPage"],"@id":"https:\/\/multimascota.com.ar\/producto\/livra-gatos-adultos\/","url":"https:\/\/multimascota.com.ar\/producto\/livra-gatos-adultos\/","name":"Livra Gatos Adultos - MULTIMASCOTA","isPartOf":{"@id":"https:\/\/multimascota.com.ar\/#website"},"primaryImageOfPage":{"@id":"https:\/\/multimascota.com.ar\/producto\/livra-gatos-adultos\/#primaryimage"},"image":{"@id":"https:\/\/multimascota.com.ar\/producto\/livra-gatos-adultos\/#primaryimage"},"thumbnailUrl":"https:\/\/i0.wp.com\/multimascota.com.ar\/wp-content\/uploads\/2024\/08\/livra-gato-adulto-webp.webp?fit=1815%2C2199&ssl=1","datePublished":"2024-08-02T22:28:10+00:00","dateModified":"2025-09-20T14:37:48+00:00","breadcrumb":{"@id":"https:\/\/multimascota.com.ar\/producto\/livra-gatos-adultos\/#breadcrumb"},"inLanguage":"es-AR","potentialAction":[{"@type":"ReadAction","target":["https:\/\/multimascota.com.ar\/producto\/livra-gatos-adultos\/"]}]},{"@type":"ImageObject","inLanguage":"es-AR","@id":"https:\/\/multimascota.com.ar\/producto\/livra-gatos-adultos\/#primaryimage","url":"https:\/\/i0.wp.com\/multimascota.com.ar\/wp-content\/uploads\/2024\/08\/livra-gato-adulto-webp.webp?fit=1815%2C2199&ssl=1","contentUrl":"https:\/\/i0.wp.com\/multimascota.com.ar\/wp-content\/uploads\/2024\/08\/livra-gato-adulto-webp.webp?fit=1815%2C2199&ssl=1","width":1815,"height":2199},{"@type":"BreadcrumbList","@id":"https:\/\/multimascota.com.ar\/producto\/livra-gatos-adultos\/#breadcrumb","itemListElement":[{"@type":"ListItem","position":1,"name":"Portada","item":"https:\/\/multimascota.com.ar\/"},{"@type":"ListItem","position":2,"name":"Tienda","item":"https:\/\/multimascota.com.ar\/tienda\/"},{"@type":"ListItem","position":3,"name":"Livra Gatos Adultos"}]},{"@type":"WebSite","@id":"https:\/\/multimascota.com.ar\/#website","url":"https:\/\/multimascota.com.ar\/","name":"MULTIMASCOTA","description":"M\u00c0S DE 20 A\u00d1OS | LOS MEJORES PRODUCTOS","publisher":{"@id":"https:\/\/multimascota.com.ar\/#organization"},"potentialAction":[{"@type":"SearchAction","target":{"@type":"EntryPoint","urlTemplate":"https:\/\/multimascota.com.ar\/?s={search_term_string}"},"query-input":{"@type":"PropertyValueSpecification","valueRequired":true,"valueName":"search_term_string"}}],"inLanguage":"es-AR"},{"@type":"Organization","@id":"https:\/\/multimascota.com.ar\/#organization","name":"Multimascota Veterinaria","url":"https:\/\/multimascota.com.ar\/","logo":{"@type":"ImageObject","inLanguage":"es-AR","@id":"https:\/\/multimascota.com.ar\/#\/schema\/logo\/image\/","url":"https:\/\/multimascota.com.ar\/wp-content\/uploads\/2021\/07\/LG1-1.png","contentUrl":"https:\/\/multimascota.com.ar\/wp-content\/uploads\/2021\/07\/LG1-1.png","width":500,"height":500,"caption":"Multimascota Veterinaria"},"image":{"@id":"https:\/\/multimascota.com.ar\/#\/schema\/logo\/image\/"},"sameAs":["https:\/\/www.facebook.com\/multimascota","https:\/\/www.instagram.com\/multimascotasrl\/"]}]}},"jetpack-related-posts":[{"id":23636,"url":"https:\/\/multimascota.com.ar\/es_ar\/producto\/livra-perros-cachorros\/","url_meta":{"origin":23597,"position":0},"title":"Livra Perros Cachorros","author":"Gestor","date":"02\/08\/2024","format":false,"excerpt":"Alimento Balanceado LIVRA para Perros Cachorros Principalmente compuesto por: POLLO Y CORDERO ARROZ INTEGRAL BATATA ARVEJAS HUEVO INGREDIENTES Harina de pollo, harina de cordero, arroz integral, harina de batata, arvejas, huevo en polvo, gluten de ma\u00edz, germen de ma\u00edz, aceite de salm\u00f3n (fuente de omega), aceite de pollo, hidrolizado proteico\u2026","rel":"","context":"Entrada similar ","block_context":{"text":"Entrada similar ","link":""},"img":{"alt_text":"","src":"https:\/\/i0.wp.com\/multimascota.com.ar\/wp-content\/uploads\/2024\/08\/livra_puppy.png?fit=700%2C700&ssl=1&resize=350%2C200","width":350,"height":200,"srcset":"https:\/\/i0.wp.com\/multimascota.com.ar\/wp-content\/uploads\/2024\/08\/livra_puppy.png?fit=700%2C700&ssl=1&resize=350%2C200 1x, https:\/\/i0.wp.com\/multimascota.com.ar\/wp-content\/uploads\/2024\/08\/livra_puppy.png?fit=700%2C700&ssl=1&resize=525%2C300 1.5x, https:\/\/i0.wp.com\/multimascota.com.ar\/wp-content\/uploads\/2024\/08\/livra_puppy.png?fit=700%2C700&ssl=1&resize=700%2C400 2x"},"classes":[]},{"id":23626,"url":"https:\/\/multimascota.com.ar\/es_ar\/producto\/livra-perros-adultos-medianos-grandes\/","url_meta":{"origin":23597,"position":1},"title":"Livra Perros Adultos Medianos &amp; Grandes.","author":"Gestor","date":"02\/08\/2024","format":false,"excerpt":"Alimento Balanceado LIVRA para Perros Adultos Medianos & Grandes. Principalmente compuesto por: POLLO Y CORDERO ARROZ INTEGRAL BATATA ARVEJAS HUEVO INGREDIENTES Harina de pollo, harina de cordero, arroz integral, harina de batata, arvejas, huevo en polvo, gluten de ma\u00edz, germen de ma\u00edz, aceite de salm\u00f3n (fuente de omega), aceite de\u2026","rel":"","context":"Entrada similar ","block_context":{"text":"Entrada similar ","link":""},"img":{"alt_text":"","src":"https:\/\/i0.wp.com\/multimascota.com.ar\/wp-content\/uploads\/2024\/08\/livra-ad.-medianos-y-grandes-webp.webp?fit=990%2C1200&ssl=1&resize=350%2C200","width":350,"height":200,"srcset":"https:\/\/i0.wp.com\/multimascota.com.ar\/wp-content\/uploads\/2024\/08\/livra-ad.-medianos-y-grandes-webp.webp?fit=990%2C1200&ssl=1&resize=350%2C200 1x, https:\/\/i0.wp.com\/multimascota.com.ar\/wp-content\/uploads\/2024\/08\/livra-ad.-medianos-y-grandes-webp.webp?fit=990%2C1200&ssl=1&resize=525%2C300 1.5x, https:\/\/i0.wp.com\/multimascota.com.ar\/wp-content\/uploads\/2024\/08\/livra-ad.-medianos-y-grandes-webp.webp?fit=990%2C1200&ssl=1&resize=700%2C400 2x"},"classes":[]},{"id":23617,"url":"https:\/\/multimascota.com.ar\/es_ar\/producto\/livra-perros-adultos-minis-pequenos\/","url_meta":{"origin":23597,"position":2},"title":"Livra Perros Adultos Minis &amp; Peque\u00f1os","author":"Gestor","date":"02\/08\/2024","format":false,"excerpt":"Alimento Balanceado LIVRA para Perros Adultos Minis & Peque\u00f1os. Principalmente compuesto por: POLLO Y CORDERO ARROZ INTEGRAL BATATA ARVEJAS HUEVO INGREDIENTES Harina de pollo, harina de cordero, arroz integral, harina de batata, arvejas, huevo en polvo, gluten de ma\u00edz, germen de ma\u00edz, aceite de salm\u00f3n (fuente de omega), aceite de\u2026","rel":"","context":"Entrada similar ","block_context":{"text":"Entrada similar ","link":""},"img":{"alt_text":"","src":"https:\/\/i0.wp.com\/multimascota.com.ar\/wp-content\/uploads\/2024\/08\/livra-ad.-mini-y-peq.-webp.webp?fit=990%2C1200&ssl=1&resize=350%2C200","width":350,"height":200,"srcset":"https:\/\/i0.wp.com\/multimascota.com.ar\/wp-content\/uploads\/2024\/08\/livra-ad.-mini-y-peq.-webp.webp?fit=990%2C1200&ssl=1&resize=350%2C200 1x, https:\/\/i0.wp.com\/multimascota.com.ar\/wp-content\/uploads\/2024\/08\/livra-ad.-mini-y-peq.-webp.webp?fit=990%2C1200&ssl=1&resize=525%2C300 1.5x, https:\/\/i0.wp.com\/multimascota.com.ar\/wp-content\/uploads\/2024\/08\/livra-ad.-mini-y-peq.-webp.webp?fit=990%2C1200&ssl=1&resize=700%2C400 2x"},"classes":[]},{"id":23608,"url":"https:\/\/multimascota.com.ar\/es_ar\/producto\/livra-perros-adultos-cordero\/","url_meta":{"origin":23597,"position":3},"title":"Livra Perros Adultos CORDERO","author":"Gestor","date":"02\/08\/2024","format":false,"excerpt":"Alimento Balanceado LIVRA para Perros Adultos sabor CORDERO. Principalmente compuesto por: CORDERO ARROZ INTEGRAL BATATA ARVEJAS HUEVO INGREDIENTES Harina de cordero, arroz integral, harina de batata, arvejas, huevo en polvo, gluten de ma\u00edz, germen de ma\u00edz, aceite de salm\u00f3n (fuente de omega), aceite de pollo, hidrolizado proteico de menudencias porcinas\u2026","rel":"","context":"Entrada similar ","block_context":{"text":"Entrada similar ","link":""},"img":{"alt_text":"","src":"https:\/\/i0.wp.com\/multimascota.com.ar\/wp-content\/uploads\/2024\/08\/livra-cordero.png?fit=1024%2C1024&ssl=1&resize=350%2C200","width":350,"height":200,"srcset":"https:\/\/i0.wp.com\/multimascota.com.ar\/wp-content\/uploads\/2024\/08\/livra-cordero.png?fit=1024%2C1024&ssl=1&resize=350%2C200 1x, https:\/\/i0.wp.com\/multimascota.com.ar\/wp-content\/uploads\/2024\/08\/livra-cordero.png?fit=1024%2C1024&ssl=1&resize=525%2C300 1.5x, https:\/\/i0.wp.com\/multimascota.com.ar\/wp-content\/uploads\/2024\/08\/livra-cordero.png?fit=1024%2C1024&ssl=1&resize=700%2C400 2x"},"classes":[]},{"id":15775,"url":"https:\/\/multimascota.com.ar\/es_ar\/producto\/old-prince-novel-cordero-y-arroz-gatos-adultos\/","url_meta":{"origin":23597,"position":4},"title":"Old Prince Novel Cordero y Arroz Gatos Adultos","author":"Alejandro Nieto","date":"21\/07\/2021","format":false,"excerpt":"Old Prince Novel es un alimento balanceado y completo para gatos adultos. Completamente natural con: 0% de soja, 0% de tacc y 34% de prote\u00ednas compuestas de cordero y arroz integral, minimizando las probabilidades de alergias alimentarias y cut\u00e1neas. Sus ingredientes naturales mejora la salud digestiva, favorece a un tracto\u2026","rel":"","context":"Entrada similar ","block_context":{"text":"Entrada similar ","link":""},"img":{"alt_text":"Old Prince Novel Cordero y Arroz Gatos Adultos","src":"https:\/\/i0.wp.com\/multimascota.com.ar\/wp-content\/uploads\/2021\/07\/OLD-PRINCE-NOVEL-CORDERO-Y-ARROZ-GATOS-ADULTOS.jpg?fit=1000%2C1000&ssl=1&resize=350%2C200","width":350,"height":200,"srcset":"https:\/\/i0.wp.com\/multimascota.com.ar\/wp-content\/uploads\/2021\/07\/OLD-PRINCE-NOVEL-CORDERO-Y-ARROZ-GATOS-ADULTOS.jpg?fit=1000%2C1000&ssl=1&resize=350%2C200 1x, https:\/\/i0.wp.com\/multimascota.com.ar\/wp-content\/uploads\/2021\/07\/OLD-PRINCE-NOVEL-CORDERO-Y-ARROZ-GATOS-ADULTOS.jpg?fit=1000%2C1000&ssl=1&resize=525%2C300 1.5x, https:\/\/i0.wp.com\/multimascota.com.ar\/wp-content\/uploads\/2021\/07\/OLD-PRINCE-NOVEL-CORDERO-Y-ARROZ-GATOS-ADULTOS.jpg?fit=1000%2C1000&ssl=1&resize=700%2C400 2x"},"classes":[]},{"id":15766,"url":"https:\/\/multimascota.com.ar\/es_ar\/producto\/old-prince-novel-cordero-y-arroz-gato-adulto-esterilizado\/","url_meta":{"origin":23597,"position":5},"title":"Old Prince Novel Cordero y Arroz Adult Gato Sterilized","author":"Alejandro Nieto","date":"21\/07\/2021","format":false,"excerpt":"Old Prince Novel Cat Sterilized por 1 kg es un alimento seco y balanceado para gatos adultos castrados completamente natural con un 34% de prote\u00edna novel compuesta de cordero y arroz integral, 0% de soja y 0 % de tacc. Su composici\u00f3n minimiza las probabilidades de alergias alimentarias y cut\u00e1neas,\u2026","rel":"","context":"Entrada similar ","block_context":{"text":"Entrada similar ","link":""},"img":{"alt_text":"Old Prince Novel Cordero y Arroz Adult Gato Sterilized","src":"https:\/\/i0.wp.com\/multimascota.com.ar\/wp-content\/uploads\/2021\/07\/OLD-PRINCE-NOVEL-CORDERO-Y-ARROZ-GATO-ADULTO-ESTERILIZADO.jpg?fit=1000%2C1000&ssl=1&resize=350%2C200","width":350,"height":200,"srcset":"https:\/\/i0.wp.com\/multimascota.com.ar\/wp-content\/uploads\/2021\/07\/OLD-PRINCE-NOVEL-CORDERO-Y-ARROZ-GATO-ADULTO-ESTERILIZADO.jpg?fit=1000%2C1000&ssl=1&resize=350%2C200 1x, https:\/\/i0.wp.com\/multimascota.com.ar\/wp-content\/uploads\/2021\/07\/OLD-PRINCE-NOVEL-CORDERO-Y-ARROZ-GATO-ADULTO-ESTERILIZADO.jpg?fit=1000%2C1000&ssl=1&resize=525%2C300 1.5x, https:\/\/i0.wp.com\/multimascota.com.ar\/wp-content\/uploads\/2021\/07\/OLD-PRINCE-NOVEL-CORDERO-Y-ARROZ-GATO-ADULTO-ESTERILIZADO.jpg?fit=1000%2C1000&ssl=1&resize=700%2C400 2x"},"classes":[]}],"jetpack_sharing_enabled":true,"_links":{"self":[{"href":"https:\/\/multimascota.com.ar\/es_ar\/wp-json\/wp\/v2\/product\/23597","targetHints":{"allow":["GET"]}}],"collection":[{"href":"https:\/\/multimascota.com.ar\/es_ar\/wp-json\/wp\/v2\/product"}],"about":[{"href":"https:\/\/multimascota.com.ar\/es_ar\/wp-json\/wp\/v2\/types\/product"}],"replies":[{"embeddable":true,"href":"https:\/\/multimascota.com.ar\/es_ar\/wp-json\/wp\/v2\/comments?post=23597"}],"version-history":[{"count":2,"href":"https:\/\/multimascota.com.ar\/es_ar\/wp-json\/wp\/v2\/product\/23597\/revisions"}],"predecessor-version":[{"id":23606,"href":"https:\/\/multimascota.com.ar\/es_ar\/wp-json\/wp\/v2\/product\/23597\/revisions\/23606"}],"wp:featuredmedia":[{"embeddable":true,"href":"https:\/\/multimascota.com.ar\/es_ar\/wp-json\/wp\/v2\/media\/23602"}],"wp:attachment":[{"href":"https:\/\/multimascota.com.ar\/es_ar\/wp-json\/wp\/v2\/media?parent=23597"}],"wp:term":[{"taxonomy":"product_brand","embeddable":true,"href":"https:\/\/multimascota.com.ar\/es_ar\/wp-json\/wp\/v2\/product_brand?post=23597"},{"taxonomy":"product_cat","embeddable":true,"href":"https:\/\/multimascota.com.ar\/es_ar\/wp-json\/wp\/v2\/product_cat?post=23597"},{"taxonomy":"product_tag","embeddable":true,"href":"https:\/\/multimascota.com.ar\/es_ar\/wp-json\/wp\/v2\/product_tag?post=23597"}],"curies":[{"name":"wp","href":"https:\/\/api.w.org\/{rel}","templated":true}]}}