{"id":17852,"date":"2021-11-10T08:21:31","date_gmt":"2021-11-10T08:21:31","guid":{"rendered":"https:\/\/multimascota.com.ar\/?post_type=product&#038;p=17852"},"modified":"2025-09-20T14:48:39","modified_gmt":"2025-09-20T14:48:39","slug":"fawna-perro-adulto-mordida-mediana-y-grande","status":"publish","type":"product","link":"https:\/\/multimascota.com.ar\/es_ar\/producto\/fawna-perro-adulto-mordida-mediana-y-grande\/","title":{"rendered":"Fawna Perro Adulto Mordida Mediana y Grande"},"content":{"rendered":"<div class=\"wpb_text_column us_custom_730ee4eb\">\n<div class=\"wpb_wrapper\">\n<p><iframe title=\"FAWNA\" width=\"500\" height=\"281\" src=\"https:\/\/www.youtube.com\/embed\/2GEmDZE_o4U?feature=oembed\" frameborder=\"0\" allow=\"accelerometer; autoplay; clipboard-write; encrypted-media; gyroscope; picture-in-picture; web-share\" referrerpolicy=\"strict-origin-when-cross-origin\" allowfullscreen><\/iframe><\/p>\n<h3>CON SALM\u00d3N DEL PAC\u00cdFICO<\/h3>\n<p>Zapallo y Frutos Rojos<\/p>\n<\/div>\n<\/div>\n<div class=\"g-cols wpb_row type_default valign_top vc_inner\">\n<div class=\"vc_col-sm-4 wpb_column vc_column_container\">\n<div class=\"vc_column-inner\">\n<div class=\"wpb_wrapper\">\n<div class=\"wpb_text_column\">\n<div class=\"wpb_wrapper\">\n<h1>31%<\/h1>\n<p><strong>PROTE\u00cdNAS<\/strong><br \/>\nSalm\u00f3n &amp; Pollo<\/p>\n<\/div>\n<\/div>\n<\/div>\n<\/div>\n<\/div>\n<div class=\"vc_col-sm-8 wpb_column vc_column_container\">\n<div class=\"vc_column-inner\">\n<div class=\"wpb_wrapper\">\n<div class=\"wpb_text_column\">\n<div class=\"wpb_wrapper\">\n<h1>-20%<\/h1>\n<p><b>CARBOHIDRATOS<\/b><br \/>\n<b><\/b>Alimentaci\u00f3n m\u00e1s saludable<\/p>\n<\/div>\n<\/div>\n<\/div>\n<\/div>\n<\/div>\n<\/div>\n<div class=\"w-separator size_custom with_line width_default thick_2 style_solid color_text align_right\">\n<div class=\"w-separator-h\"><\/div>\n<\/div>\n<div class=\"aio-icon-component vc_custom_1626829445998 style_1\">\n<div id=\"Info-box-wrap-9497\" class=\"aio-icon-box left-icon\">\n<div class=\"aio-ibd-block\">\n<div class=\"aio-icon-description ult-responsive\" data-ultimate-target=\"#Info-box-wrap-9497 .aio-icon-description\" data-responsive-json-new=\"{&quot;font-size&quot;:&quot;&quot;,&quot;line-height&quot;:&quot;&quot;}\"><strong>El nivel y la calidad de origen de sus ingredientes<\/strong> aportan amino\u00e1cidos y \u00e1cidos grasos esenciales (DHA), para el \u00f3ptimo desarrollo del sistema cognitivo y la estructura corporal.<\/div>\n<\/div>\n<\/div>\n<\/div>\n<div class=\"aio-icon-component vc_custom_1626366962233 style_1\">\n<div id=\"Info-box-wrap-9497\" class=\"aio-icon-box left-icon\">\n<div class=\"aio-ibd-block\">\n<div class=\"aio-icon-description ult-responsive\" data-ultimate-target=\"#Info-box-wrap-9497 .aio-icon-description\" data-responsive-json-new=\"{&quot;font-size&quot;:&quot;&quot;,&quot;line-height&quot;:&quot;&quot;}\"><strong>Sus prebi\u00f3ticos y probi\u00f3ticos naturales<\/strong> ayudan a incrementar la flora intestinal ben\u00e9fica, favoreciendo las defensas naturales y el sistema inmunol\u00f3gico intestinal.<\/div>\n<\/div>\n<\/div>\n<\/div>\n<div class=\"aio-icon-component vc_custom_1626366978352 style_1\">\n<div id=\"Info-box-wrap-6432\" class=\"aio-icon-box left-icon\">\n<div class=\"aio-ibd-block\">\n<div class=\"aio-icon-description ult-responsive\" data-ultimate-target=\"#Info-box-wrap-6432 .aio-icon-description\" data-responsive-json-new=\"{&quot;font-size&quot;:&quot;&quot;,&quot;line-height&quot;:&quot;&quot;}\"><strong>Su elevado nivel de amino\u00e1cidos esenciales digestibles (DIAAS)<\/strong>,\u00a0provenientes de la prote\u00edna de alta calidad, permite reducir la cantidad de carbohidratos y brindar una alimentaci\u00f3n m\u00e1s saludable.<\/div>\n<\/div>\n<\/div>\n<\/div>","protected":false},"excerpt":{"rendered":"<p>CON SALM\u00d3N DEL PAC\u00cdFICO Zapallo y Frutos Rojos 31% PROTE\u00cdNAS Salm\u00f3n &amp; Pollo -20% CARBOHIDRATOS Alimentaci\u00f3n m\u00e1s saludable El nivel<\/p>","protected":false},"featured_media":17854,"comment_status":"open","ping_status":"closed","template":"","meta":[],"product_brand":[],"product_cat":[203],"product_tag":[633],"class_list":{"0":"post-17852","1":"product","2":"type-product","3":"status-publish","4":"has-post-thumbnail","6":"product_cat-perros","7":"product_tag-fawna","9":"first","10":"instock","11":"shipping-taxable","12":"purchasable","13":"product-type-variable"},"yoast_head":"<!-- This site is optimized with the Yoast SEO plugin v27.3 - https:\/\/yoast.com\/product\/yoast-seo-wordpress\/ -->\n<title>Fawna Perro Adulto Mordida Mediana y Grande - MULTIMASCOTA<\/title>\n<meta name=\"description\" content=\"Fawna Perro Adulto Mordida Mediana y Grande permite reducir la cantidad de carbohidratos y brindar una alimentaci\u00f3n m\u00e1s saludable.\" \/>\n<meta name=\"robots\" content=\"index, follow, max-snippet:-1, max-image-preview:large, max-video-preview:-1\" \/>\n<link rel=\"canonical\" href=\"https:\/\/multimascota.com.ar\/es_ar\/producto\/fawna-perro-adulto-mordida-mediana-y-grande\/\" \/>\n<meta property=\"og:locale\" content=\"es_ES\" \/>\n<meta property=\"og:type\" content=\"article\" \/>\n<meta property=\"og:title\" content=\"Fawna Perro Adulto Mordida Mediana y Grande - MULTIMASCOTA\" \/>\n<meta property=\"og:description\" content=\"Fawna Perro Adulto Mordida Mediana y Grande permite reducir la cantidad de carbohidratos y brindar una alimentaci\u00f3n m\u00e1s saludable.\" \/>\n<meta property=\"og:url\" content=\"https:\/\/multimascota.com.ar\/es_ar\/producto\/fawna-perro-adulto-mordida-mediana-y-grande\/\" \/>\n<meta property=\"og:site_name\" content=\"MULTIMASCOTA\" \/>\n<meta property=\"article:publisher\" content=\"https:\/\/www.facebook.com\/multimascota\" \/>\n<meta property=\"article:modified_time\" content=\"2025-09-20T14:48:39+00:00\" \/>\n<meta property=\"og:image\" content=\"https:\/\/multimascota.com.ar\/wp-content\/uploads\/2021\/11\/Fawna-Perro-Adulto-Mordida-Mediana-y-Grande.jpg\" \/>\n\t<meta property=\"og:image:width\" content=\"1000\" \/>\n\t<meta property=\"og:image:height\" content=\"1000\" \/>\n\t<meta property=\"og:image:type\" content=\"image\/jpeg\" \/>\n<meta name=\"twitter:card\" content=\"summary_large_image\" \/>\n<meta name=\"twitter:label1\" content=\"Tiempo de lectura\" \/>\n\t<meta name=\"twitter:data1\" content=\"1 minuto\" \/>\n<script type=\"application\/ld+json\" class=\"yoast-schema-graph\">{\"@context\":\"https:\\\/\\\/schema.org\",\"@graph\":[{\"@type\":[\"WebPage\",\"ItemPage\"],\"@id\":\"https:\\\/\\\/multimascota.com.ar\\\/producto\\\/fawna-perro-adulto-mordida-mediana-y-grande\\\/\",\"url\":\"https:\\\/\\\/multimascota.com.ar\\\/producto\\\/fawna-perro-adulto-mordida-mediana-y-grande\\\/\",\"name\":\"Fawna Perro Adulto Mordida Mediana y Grande - MULTIMASCOTA\",\"isPartOf\":{\"@id\":\"https:\\\/\\\/multimascota.com.ar\\\/#website\"},\"primaryImageOfPage\":{\"@id\":\"https:\\\/\\\/multimascota.com.ar\\\/producto\\\/fawna-perro-adulto-mordida-mediana-y-grande\\\/#primaryimage\"},\"image\":{\"@id\":\"https:\\\/\\\/multimascota.com.ar\\\/producto\\\/fawna-perro-adulto-mordida-mediana-y-grande\\\/#primaryimage\"},\"thumbnailUrl\":\"https:\\\/\\\/i0.wp.com\\\/multimascota.com.ar\\\/wp-content\\\/uploads\\\/2021\\\/11\\\/Fawna-Perro-Adulto-Mordida-Mediana-y-Grande.jpg?fit=1000%2C1000&ssl=1\",\"datePublished\":\"2021-11-10T08:21:31+00:00\",\"dateModified\":\"2025-09-20T14:48:39+00:00\",\"description\":\"Fawna Perro Adulto Mordida Mediana y Grande permite reducir la cantidad de carbohidratos y brindar una alimentaci\u00f3n m\u00e1s saludable.\",\"breadcrumb\":{\"@id\":\"https:\\\/\\\/multimascota.com.ar\\\/producto\\\/fawna-perro-adulto-mordida-mediana-y-grande\\\/#breadcrumb\"},\"inLanguage\":\"es-AR\",\"potentialAction\":[{\"@type\":\"ReadAction\",\"target\":[\"https:\\\/\\\/multimascota.com.ar\\\/producto\\\/fawna-perro-adulto-mordida-mediana-y-grande\\\/\"]}]},{\"@type\":\"ImageObject\",\"inLanguage\":\"es-AR\",\"@id\":\"https:\\\/\\\/multimascota.com.ar\\\/producto\\\/fawna-perro-adulto-mordida-mediana-y-grande\\\/#primaryimage\",\"url\":\"https:\\\/\\\/i0.wp.com\\\/multimascota.com.ar\\\/wp-content\\\/uploads\\\/2021\\\/11\\\/Fawna-Perro-Adulto-Mordida-Mediana-y-Grande.jpg?fit=1000%2C1000&ssl=1\",\"contentUrl\":\"https:\\\/\\\/i0.wp.com\\\/multimascota.com.ar\\\/wp-content\\\/uploads\\\/2021\\\/11\\\/Fawna-Perro-Adulto-Mordida-Mediana-y-Grande.jpg?fit=1000%2C1000&ssl=1\",\"width\":1000,\"height\":1000,\"caption\":\"Fawna Perro Adulto Mordida Mediana y Grande\"},{\"@type\":\"BreadcrumbList\",\"@id\":\"https:\\\/\\\/multimascota.com.ar\\\/producto\\\/fawna-perro-adulto-mordida-mediana-y-grande\\\/#breadcrumb\",\"itemListElement\":[{\"@type\":\"ListItem\",\"position\":1,\"name\":\"Portada\",\"item\":\"https:\\\/\\\/multimascota.com.ar\\\/\"},{\"@type\":\"ListItem\",\"position\":2,\"name\":\"Tienda\",\"item\":\"https:\\\/\\\/multimascota.com.ar\\\/tienda\\\/\"},{\"@type\":\"ListItem\",\"position\":3,\"name\":\"Fawna Perro Adulto Mordida Mediana y Grande\"}]},{\"@type\":\"WebSite\",\"@id\":\"https:\\\/\\\/multimascota.com.ar\\\/#website\",\"url\":\"https:\\\/\\\/multimascota.com.ar\\\/\",\"name\":\"MULTIMASCOTA\",\"description\":\"M\u00c0S DE 20 A\u00d1OS | LOS MEJORES PRODUCTOS\",\"publisher\":{\"@id\":\"https:\\\/\\\/multimascota.com.ar\\\/#organization\"},\"potentialAction\":[{\"@type\":\"SearchAction\",\"target\":{\"@type\":\"EntryPoint\",\"urlTemplate\":\"https:\\\/\\\/multimascota.com.ar\\\/?s={search_term_string}\"},\"query-input\":{\"@type\":\"PropertyValueSpecification\",\"valueRequired\":true,\"valueName\":\"search_term_string\"}}],\"inLanguage\":\"es-AR\"},{\"@type\":\"Organization\",\"@id\":\"https:\\\/\\\/multimascota.com.ar\\\/#organization\",\"name\":\"Multimascota Veterinaria\",\"url\":\"https:\\\/\\\/multimascota.com.ar\\\/\",\"logo\":{\"@type\":\"ImageObject\",\"inLanguage\":\"es-AR\",\"@id\":\"https:\\\/\\\/multimascota.com.ar\\\/#\\\/schema\\\/logo\\\/image\\\/\",\"url\":\"https:\\\/\\\/multimascota.com.ar\\\/wp-content\\\/uploads\\\/2021\\\/07\\\/LG1-1.png\",\"contentUrl\":\"https:\\\/\\\/multimascota.com.ar\\\/wp-content\\\/uploads\\\/2021\\\/07\\\/LG1-1.png\",\"width\":500,\"height\":500,\"caption\":\"Multimascota Veterinaria\"},\"image\":{\"@id\":\"https:\\\/\\\/multimascota.com.ar\\\/#\\\/schema\\\/logo\\\/image\\\/\"},\"sameAs\":[\"https:\\\/\\\/www.facebook.com\\\/multimascota\",\"https:\\\/\\\/www.instagram.com\\\/multimascotasrl\\\/\"]}]}<\/script>\n<!-- \/ Yoast SEO plugin. -->","yoast_head_json":{"title":"Fawna Perro Adulto Mordida Mediana y Grande - MULTIMASCOTA","description":"Fawna Perro Adulto Mordida Mediana y Grande permite reducir la cantidad de carbohidratos y brindar una alimentaci\u00f3n m\u00e1s saludable.","robots":{"index":"index","follow":"follow","max-snippet":"max-snippet:-1","max-image-preview":"max-image-preview:large","max-video-preview":"max-video-preview:-1"},"canonical":"https:\/\/multimascota.com.ar\/es_ar\/producto\/fawna-perro-adulto-mordida-mediana-y-grande\/","og_locale":"es_ES","og_type":"article","og_title":"Fawna Perro Adulto Mordida Mediana y Grande - MULTIMASCOTA","og_description":"Fawna Perro Adulto Mordida Mediana y Grande permite reducir la cantidad de carbohidratos y brindar una alimentaci\u00f3n m\u00e1s saludable.","og_url":"https:\/\/multimascota.com.ar\/es_ar\/producto\/fawna-perro-adulto-mordida-mediana-y-grande\/","og_site_name":"MULTIMASCOTA","article_publisher":"https:\/\/www.facebook.com\/multimascota","article_modified_time":"2025-09-20T14:48:39+00:00","og_image":[{"width":1000,"height":1000,"url":"https:\/\/multimascota.com.ar\/wp-content\/uploads\/2021\/11\/Fawna-Perro-Adulto-Mordida-Mediana-y-Grande.jpg","type":"image\/jpeg"}],"twitter_card":"summary_large_image","twitter_misc":{"Tiempo de lectura":"1 minuto"},"schema":{"@context":"https:\/\/schema.org","@graph":[{"@type":["WebPage","ItemPage"],"@id":"https:\/\/multimascota.com.ar\/producto\/fawna-perro-adulto-mordida-mediana-y-grande\/","url":"https:\/\/multimascota.com.ar\/producto\/fawna-perro-adulto-mordida-mediana-y-grande\/","name":"Fawna Perro Adulto Mordida Mediana y Grande - MULTIMASCOTA","isPartOf":{"@id":"https:\/\/multimascota.com.ar\/#website"},"primaryImageOfPage":{"@id":"https:\/\/multimascota.com.ar\/producto\/fawna-perro-adulto-mordida-mediana-y-grande\/#primaryimage"},"image":{"@id":"https:\/\/multimascota.com.ar\/producto\/fawna-perro-adulto-mordida-mediana-y-grande\/#primaryimage"},"thumbnailUrl":"https:\/\/i0.wp.com\/multimascota.com.ar\/wp-content\/uploads\/2021\/11\/Fawna-Perro-Adulto-Mordida-Mediana-y-Grande.jpg?fit=1000%2C1000&ssl=1","datePublished":"2021-11-10T08:21:31+00:00","dateModified":"2025-09-20T14:48:39+00:00","description":"Fawna Perro Adulto Mordida Mediana y Grande permite reducir la cantidad de carbohidratos y brindar una alimentaci\u00f3n m\u00e1s saludable.","breadcrumb":{"@id":"https:\/\/multimascota.com.ar\/producto\/fawna-perro-adulto-mordida-mediana-y-grande\/#breadcrumb"},"inLanguage":"es-AR","potentialAction":[{"@type":"ReadAction","target":["https:\/\/multimascota.com.ar\/producto\/fawna-perro-adulto-mordida-mediana-y-grande\/"]}]},{"@type":"ImageObject","inLanguage":"es-AR","@id":"https:\/\/multimascota.com.ar\/producto\/fawna-perro-adulto-mordida-mediana-y-grande\/#primaryimage","url":"https:\/\/i0.wp.com\/multimascota.com.ar\/wp-content\/uploads\/2021\/11\/Fawna-Perro-Adulto-Mordida-Mediana-y-Grande.jpg?fit=1000%2C1000&ssl=1","contentUrl":"https:\/\/i0.wp.com\/multimascota.com.ar\/wp-content\/uploads\/2021\/11\/Fawna-Perro-Adulto-Mordida-Mediana-y-Grande.jpg?fit=1000%2C1000&ssl=1","width":1000,"height":1000,"caption":"Fawna Perro Adulto Mordida Mediana y Grande"},{"@type":"BreadcrumbList","@id":"https:\/\/multimascota.com.ar\/producto\/fawna-perro-adulto-mordida-mediana-y-grande\/#breadcrumb","itemListElement":[{"@type":"ListItem","position":1,"name":"Portada","item":"https:\/\/multimascota.com.ar\/"},{"@type":"ListItem","position":2,"name":"Tienda","item":"https:\/\/multimascota.com.ar\/tienda\/"},{"@type":"ListItem","position":3,"name":"Fawna Perro Adulto Mordida Mediana y Grande"}]},{"@type":"WebSite","@id":"https:\/\/multimascota.com.ar\/#website","url":"https:\/\/multimascota.com.ar\/","name":"MULTIMASCOTA","description":"M\u00c0S DE 20 A\u00d1OS | LOS MEJORES PRODUCTOS","publisher":{"@id":"https:\/\/multimascota.com.ar\/#organization"},"potentialAction":[{"@type":"SearchAction","target":{"@type":"EntryPoint","urlTemplate":"https:\/\/multimascota.com.ar\/?s={search_term_string}"},"query-input":{"@type":"PropertyValueSpecification","valueRequired":true,"valueName":"search_term_string"}}],"inLanguage":"es-AR"},{"@type":"Organization","@id":"https:\/\/multimascota.com.ar\/#organization","name":"Multimascota Veterinaria","url":"https:\/\/multimascota.com.ar\/","logo":{"@type":"ImageObject","inLanguage":"es-AR","@id":"https:\/\/multimascota.com.ar\/#\/schema\/logo\/image\/","url":"https:\/\/multimascota.com.ar\/wp-content\/uploads\/2021\/07\/LG1-1.png","contentUrl":"https:\/\/multimascota.com.ar\/wp-content\/uploads\/2021\/07\/LG1-1.png","width":500,"height":500,"caption":"Multimascota Veterinaria"},"image":{"@id":"https:\/\/multimascota.com.ar\/#\/schema\/logo\/image\/"},"sameAs":["https:\/\/www.facebook.com\/multimascota","https:\/\/www.instagram.com\/multimascotasrl\/"]}]}},"jetpack-related-posts":[{"id":12185,"url":"https:\/\/multimascota.com.ar\/es_ar\/producto\/pouch-whiskas-gato-adulto-sabores-carne-pavo-pescado-pollo-salmon-sardina-x2-unidades\/","url_meta":{"origin":17852,"position":0},"title":"Pouch Whiskas gato adulto sabores Carne, Pavo, Pescado, Pollo, Salm\u00f3n, Sardina","author":"c2010341","date":"06\/06\/2025","format":false,"excerpt":"","rel":"","context":"Entrada similar ","block_context":{"text":"Entrada similar ","link":""},"img":{"alt_text":"","src":"https:\/\/i0.wp.com\/multimascota.com.ar\/wp-content\/uploads\/2021\/05\/POUCH-WHISKAS.jpg?fit=1000%2C1000&ssl=1&resize=350%2C200","width":350,"height":200,"srcset":"https:\/\/i0.wp.com\/multimascota.com.ar\/wp-content\/uploads\/2021\/05\/POUCH-WHISKAS.jpg?fit=1000%2C1000&ssl=1&resize=350%2C200 1x, https:\/\/i0.wp.com\/multimascota.com.ar\/wp-content\/uploads\/2021\/05\/POUCH-WHISKAS.jpg?fit=1000%2C1000&ssl=1&resize=525%2C300 1.5x, https:\/\/i0.wp.com\/multimascota.com.ar\/wp-content\/uploads\/2021\/05\/POUCH-WHISKAS.jpg?fit=1000%2C1000&ssl=1&resize=700%2C400 2x"},"classes":[]},{"id":11827,"url":"https:\/\/multimascota.com.ar\/es_ar\/producto\/pro-plan-sensitive-gato-piel-sensible\/","url_meta":{"origin":17852,"position":1},"title":"PRO PLAN SENSITIVE GATO (PIEL SENSIBLE)","author":"c2010341","date":"26\/05\/2021","format":false,"excerpt":"PURINA\u00ae PRO PLAN\u00ae SENSITIVE Formulado con carne fresca de salm\u00f3n y con omega 3 y 6 ofrece una nutrici\u00f3n espec\u00edfica para los gatos sensibles, promoviendo una salud \u00f3ptima y bienestar general. FORMULADO CON CARNE DE SALM\u00d3N Para gatos adultos con intolerancias alimentarias BENEFICIOS Pelaje sedoso y brillante Formulado con minerales\u2026","rel":"","context":"Entrada similar ","block_context":{"text":"Entrada similar ","link":""},"img":{"alt_text":"","src":"https:\/\/i0.wp.com\/multimascota.com.ar\/wp-content\/uploads\/2021\/05\/Pro-Plan-GatosSensitive.jpg?fit=1000%2C1000&ssl=1&resize=350%2C200","width":350,"height":200,"srcset":"https:\/\/i0.wp.com\/multimascota.com.ar\/wp-content\/uploads\/2021\/05\/Pro-Plan-GatosSensitive.jpg?fit=1000%2C1000&ssl=1&resize=350%2C200 1x, https:\/\/i0.wp.com\/multimascota.com.ar\/wp-content\/uploads\/2021\/05\/Pro-Plan-GatosSensitive.jpg?fit=1000%2C1000&ssl=1&resize=525%2C300 1.5x, https:\/\/i0.wp.com\/multimascota.com.ar\/wp-content\/uploads\/2021\/05\/Pro-Plan-GatosSensitive.jpg?fit=1000%2C1000&ssl=1&resize=700%2C400 2x"},"classes":[]},{"id":18497,"url":"https:\/\/multimascota.com.ar\/es_ar\/producto\/alimento-excellent-para-gato-cat-skin-care\/","url_meta":{"origin":17852,"position":2},"title":"Alimento Excellent para Gato Cat Skin Care","author":"Alejandro Nieto","date":"06\/12\/2021","format":false,"excerpt":"Excellent Skin Care Gato Ad Piel Sensible Con Salm\u00f3n Skin Care con Salm\u00f3n ofrece una nutrici\u00f3n especializada para gatos con sensibilidad en la piel. Beneficios: Prote\u00edna alternativa para piel sencible con salm\u00f3n Piel saludable con Omega 6 y 3, Zinc y Vitaminas A y E. Pelaje Brillante con Omega 6\u2026","rel":"","context":"Entrada similar ","block_context":{"text":"Entrada similar ","link":""},"img":{"alt_text":"Excellent Gato Cat Skin Care","src":"https:\/\/i0.wp.com\/multimascota.com.ar\/wp-content\/uploads\/2021\/12\/Excellent-Gato-Cat-Skin-Care.jpg?fit=1000%2C1000&ssl=1&resize=350%2C200","width":350,"height":200,"srcset":"https:\/\/i0.wp.com\/multimascota.com.ar\/wp-content\/uploads\/2021\/12\/Excellent-Gato-Cat-Skin-Care.jpg?fit=1000%2C1000&ssl=1&resize=350%2C200 1x, https:\/\/i0.wp.com\/multimascota.com.ar\/wp-content\/uploads\/2021\/12\/Excellent-Gato-Cat-Skin-Care.jpg?fit=1000%2C1000&ssl=1&resize=525%2C300 1.5x, https:\/\/i0.wp.com\/multimascota.com.ar\/wp-content\/uploads\/2021\/12\/Excellent-Gato-Cat-Skin-Care.jpg?fit=1000%2C1000&ssl=1&resize=700%2C400 2x"},"classes":[]},{"id":17867,"url":"https:\/\/multimascota.com.ar\/es_ar\/producto\/fawna-gato-kitten\/","url_meta":{"origin":17852,"position":3},"title":"Fawna Gato Kitten","author":"Alejandro Nieto","date":"10\/11\/2021","format":false,"excerpt":"https:\/\/youtu.be\/2GEmDZE_o4U CON SALM\u00d3N DEL PAC\u00cdFICO Zapallo y Frutos Rojos 39% PROTE\u00cdNAS Salm\u00f3n & Pollo CON PREBI\u00d3TICOS & PROBI\u00d3TICOS NATURALES Alimentaci\u00f3n m\u00e1s saludable El nivel y la calidad de origen de sus ingredientes\u00a0aportan amino\u00e1cidos esenciales que favorecen el \u00f3ptimo desarrollo de la estructura corporal. Sus prebi\u00f3ticos y probi\u00f3ticos naturales\u00a0ayudan a incrementar\u2026","rel":"","context":"Entrada similar ","block_context":{"text":"Entrada similar ","link":""},"img":{"alt_text":"Fawna Gato Kitten","src":"https:\/\/i0.wp.com\/multimascota.com.ar\/wp-content\/uploads\/2021\/11\/Fawna-Gato-Kitten.jpg?fit=1000%2C1000&ssl=1&resize=350%2C200","width":350,"height":200,"srcset":"https:\/\/i0.wp.com\/multimascota.com.ar\/wp-content\/uploads\/2021\/11\/Fawna-Gato-Kitten.jpg?fit=1000%2C1000&ssl=1&resize=350%2C200 1x, https:\/\/i0.wp.com\/multimascota.com.ar\/wp-content\/uploads\/2021\/11\/Fawna-Gato-Kitten.jpg?fit=1000%2C1000&ssl=1&resize=525%2C300 1.5x, https:\/\/i0.wp.com\/multimascota.com.ar\/wp-content\/uploads\/2021\/11\/Fawna-Gato-Kitten.jpg?fit=1000%2C1000&ssl=1&resize=700%2C400 2x"},"classes":[]},{"id":21788,"url":"https:\/\/multimascota.com.ar\/es_ar\/producto\/fawna-perro-adulto-senior\/","url_meta":{"origin":17852,"position":4},"title":"Fawna Perro Adulto Senior","author":"Gestor","date":"25\/03\/2023","format":false,"excerpt":"CON SALM\u00d3N DEL PAC\u00cdFICO Zapallo y Frutos Rojos 31% PROTE\u00cdNAS Salm\u00f3n & Pollo -50% GRASAS Reducido en calor\u00edas Formulado especialmente\u00a0para retrasar los procesos naturales de envejecimiento. El origen de sus ingredientes favorece el \u00f3ptimo mantenimiento\u00a0 de la estructura cognitiva y corporal. INGREDIENTES Harina de salm\u00f3n, harina de pollo, arroz integral,\u2026","rel":"","context":"Entrada similar ","block_context":{"text":"Entrada similar ","link":""},"img":{"alt_text":"","src":"https:\/\/i0.wp.com\/multimascota.com.ar\/wp-content\/uploads\/2023\/03\/fawna-senior.jpg?fit=1000%2C1000&ssl=1&resize=350%2C200","width":350,"height":200,"srcset":"https:\/\/i0.wp.com\/multimascota.com.ar\/wp-content\/uploads\/2023\/03\/fawna-senior.jpg?fit=1000%2C1000&ssl=1&resize=350%2C200 1x, https:\/\/i0.wp.com\/multimascota.com.ar\/wp-content\/uploads\/2023\/03\/fawna-senior.jpg?fit=1000%2C1000&ssl=1&resize=525%2C300 1.5x, https:\/\/i0.wp.com\/multimascota.com.ar\/wp-content\/uploads\/2023\/03\/fawna-senior.jpg?fit=1000%2C1000&ssl=1&resize=700%2C400 2x"},"classes":[]},{"id":11738,"url":"https:\/\/multimascota.com.ar\/es_ar\/producto\/pouch-pro-plan-gato-adulto-kitten-sterilized-salmon-pollo-85-gr\/","url_meta":{"origin":17852,"position":5},"title":"Pouch Pro Plan Gato Adulto, Kitten &amp; Sterilized ( Salm\u00f3n-Pollo) 85 gr","author":"c2010341","date":"26\/05\/2021","format":false,"excerpt":"Purina\u00ae Pro Plan\u00ae Alimento h\u00famedo Alimento h\u00famedo completo y balanceado para gatos cachorro o adultos de todas las razas. PURINA\u00ae\u00a0PRO PLAN\u00ae\u00a0alimento h\u00famedo combina la nutrici\u00f3n que tu deseas con el sabor que a ellos les encanta. Un alimento 100% completo y balanceado, con deliciosos trozos en salsa y beneficios nutricionales\u2026","rel":"","context":"Entrada similar ","block_context":{"text":"Entrada similar ","link":""},"img":{"alt_text":"","src":"https:\/\/i0.wp.com\/multimascota.com.ar\/wp-content\/uploads\/2021\/05\/Pouch-Pro-Plan-Gato-Adulto-Kitten-Sterilized-Salmon-Pollo.jpg?fit=1000%2C1000&ssl=1&resize=350%2C200","width":350,"height":200,"srcset":"https:\/\/i0.wp.com\/multimascota.com.ar\/wp-content\/uploads\/2021\/05\/Pouch-Pro-Plan-Gato-Adulto-Kitten-Sterilized-Salmon-Pollo.jpg?fit=1000%2C1000&ssl=1&resize=350%2C200 1x, https:\/\/i0.wp.com\/multimascota.com.ar\/wp-content\/uploads\/2021\/05\/Pouch-Pro-Plan-Gato-Adulto-Kitten-Sterilized-Salmon-Pollo.jpg?fit=1000%2C1000&ssl=1&resize=525%2C300 1.5x, https:\/\/i0.wp.com\/multimascota.com.ar\/wp-content\/uploads\/2021\/05\/Pouch-Pro-Plan-Gato-Adulto-Kitten-Sterilized-Salmon-Pollo.jpg?fit=1000%2C1000&ssl=1&resize=700%2C400 2x"},"classes":[]}],"jetpack_sharing_enabled":true,"_links":{"self":[{"href":"https:\/\/multimascota.com.ar\/es_ar\/wp-json\/wp\/v2\/product\/17852","targetHints":{"allow":["GET"]}}],"collection":[{"href":"https:\/\/multimascota.com.ar\/es_ar\/wp-json\/wp\/v2\/product"}],"about":[{"href":"https:\/\/multimascota.com.ar\/es_ar\/wp-json\/wp\/v2\/types\/product"}],"replies":[{"embeddable":true,"href":"https:\/\/multimascota.com.ar\/es_ar\/wp-json\/wp\/v2\/comments?post=17852"}],"version-history":[{"count":0,"href":"https:\/\/multimascota.com.ar\/es_ar\/wp-json\/wp\/v2\/product\/17852\/revisions"}],"wp:featuredmedia":[{"embeddable":true,"href":"https:\/\/multimascota.com.ar\/es_ar\/wp-json\/wp\/v2\/media\/17854"}],"wp:attachment":[{"href":"https:\/\/multimascota.com.ar\/es_ar\/wp-json\/wp\/v2\/media?parent=17852"}],"wp:term":[{"taxonomy":"product_brand","embeddable":true,"href":"https:\/\/multimascota.com.ar\/es_ar\/wp-json\/wp\/v2\/product_brand?post=17852"},{"taxonomy":"product_cat","embeddable":true,"href":"https:\/\/multimascota.com.ar\/es_ar\/wp-json\/wp\/v2\/product_cat?post=17852"},{"taxonomy":"product_tag","embeddable":true,"href":"https:\/\/multimascota.com.ar\/es_ar\/wp-json\/wp\/v2\/product_tag?post=17852"}],"curies":[{"name":"wp","href":"https:\/\/api.w.org\/{rel}","templated":true}]}}