{"id":16722,"date":"2021-08-18T20:34:03","date_gmt":"2021-08-18T20:34:03","guid":{"rendered":"https:\/\/multimascota.com.ar\/?post_type=product&#038;p=16722"},"modified":"2024-09-13T19:19:39","modified_gmt":"2024-09-13T19:19:39","slug":"orejas-de-cerdo-x-10-unidades","status":"publish","type":"product","link":"https:\/\/multimascota.com.ar\/es_ar\/producto\/orejas-de-cerdo-x-10-unidades\/","title":{"rendered":"Orejas De Cerdo Naturales"},"content":{"rendered":"<p>Orejas de cuero porcino sin tratamiento de blanqueo con coloraci\u00f3n natural.<\/p>\n<p>Productos elaborados con carne de productores especialmente seleccionados por la calidad de su materia prima, sin qu\u00edmicos, conservantes, saborizantes ni colorantes.<\/p>\n<p>Garantizando la mejor calidad durante cada paso de la producci\u00f3n de nuestros productos, con el fin de lograr un producto terminado de alt\u00edsima calidad.<\/p>\n<p>El envasado se realiza manualmente para poder efectuar una \u00faltima revisi\u00f3n del producto y que le llegue al consumidor tal cual queremos.<\/p>","protected":false},"excerpt":{"rendered":"<p>Orejas de cuero porcino sin tratamiento de blanqueo con coloraci\u00f3n natural. Productos elaborados con carne de productores especialmente seleccionados por<\/p>","protected":false},"featured_media":21146,"comment_status":"open","ping_status":"closed","template":"","meta":[],"product_brand":[],"product_cat":[203,619],"product_tag":[584],"class_list":{"0":"post-16722","1":"product","2":"type-product","3":"status-publish","4":"has-post-thumbnail","6":"product_cat-perros","7":"product_cat-populares","8":"product_tag-golosinas-snacks","10":"first","11":"instock","12":"shipping-taxable","13":"purchasable","14":"product-type-variable"},"yoast_head":"<!-- This site is optimized with the Yoast SEO plugin v27.3 - https:\/\/yoast.com\/product\/yoast-seo-wordpress\/ -->\n<title>Orejas De Cerdo Naturales - MULTIMASCOTA<\/title>\n<meta name=\"description\" content=\"Orejas de cuero porcino sin tratamiento de blanqueo por eso la coloracion natural.\u00a0Productos elaborados con carne.\" \/>\n<meta name=\"robots\" content=\"index, follow, max-snippet:-1, max-image-preview:large, max-video-preview:-1\" \/>\n<link rel=\"canonical\" href=\"https:\/\/multimascota.com.ar\/es_ar\/producto\/orejas-de-cerdo-x-10-unidades\/\" \/>\n<meta property=\"og:locale\" content=\"es_ES\" \/>\n<meta property=\"og:type\" content=\"article\" \/>\n<meta property=\"og:title\" content=\"Orejas De Cerdo Naturales - MULTIMASCOTA\" \/>\n<meta property=\"og:description\" content=\"Orejas de cuero porcino sin tratamiento de blanqueo por eso la coloracion natural.\u00a0Productos elaborados con carne.\" \/>\n<meta property=\"og:url\" content=\"https:\/\/multimascota.com.ar\/es_ar\/producto\/orejas-de-cerdo-x-10-unidades\/\" \/>\n<meta property=\"og:site_name\" content=\"MULTIMASCOTA\" \/>\n<meta property=\"article:publisher\" content=\"https:\/\/www.facebook.com\/multimascota\" \/>\n<meta property=\"article:modified_time\" content=\"2024-09-13T19:19:39+00:00\" \/>\n<meta property=\"og:image\" content=\"https:\/\/multimascota.com.ar\/wp-content\/uploads\/2021\/08\/Oreja-de-Cerdo.jpg\" \/>\n\t<meta property=\"og:image:width\" content=\"800\" \/>\n\t<meta property=\"og:image:height\" content=\"800\" \/>\n\t<meta property=\"og:image:type\" content=\"image\/jpeg\" \/>\n<meta name=\"twitter:card\" content=\"summary_large_image\" \/>\n<meta name=\"twitter:label1\" content=\"Tiempo de lectura\" \/>\n\t<meta name=\"twitter:data1\" content=\"1 minuto\" \/>\n<script type=\"application\/ld+json\" class=\"yoast-schema-graph\">{\"@context\":\"https:\\\/\\\/schema.org\",\"@graph\":[{\"@type\":[\"WebPage\",\"ItemPage\"],\"@id\":\"https:\\\/\\\/multimascota.com.ar\\\/producto\\\/orejas-de-cerdo-x-10-unidades\\\/\",\"url\":\"https:\\\/\\\/multimascota.com.ar\\\/producto\\\/orejas-de-cerdo-x-10-unidades\\\/\",\"name\":\"Orejas De Cerdo Naturales - MULTIMASCOTA\",\"isPartOf\":{\"@id\":\"https:\\\/\\\/multimascota.com.ar\\\/#website\"},\"primaryImageOfPage\":{\"@id\":\"https:\\\/\\\/multimascota.com.ar\\\/producto\\\/orejas-de-cerdo-x-10-unidades\\\/#primaryimage\"},\"image\":{\"@id\":\"https:\\\/\\\/multimascota.com.ar\\\/producto\\\/orejas-de-cerdo-x-10-unidades\\\/#primaryimage\"},\"thumbnailUrl\":\"https:\\\/\\\/i0.wp.com\\\/multimascota.com.ar\\\/wp-content\\\/uploads\\\/2021\\\/08\\\/Oreja-de-Cerdo.jpg?fit=800%2C800&ssl=1\",\"datePublished\":\"2021-08-18T20:34:03+00:00\",\"dateModified\":\"2024-09-13T19:19:39+00:00\",\"description\":\"Orejas de cuero porcino sin tratamiento de blanqueo por eso la coloracion natural.\u00a0Productos elaborados con carne.\",\"breadcrumb\":{\"@id\":\"https:\\\/\\\/multimascota.com.ar\\\/producto\\\/orejas-de-cerdo-x-10-unidades\\\/#breadcrumb\"},\"inLanguage\":\"es-AR\",\"potentialAction\":[{\"@type\":\"ReadAction\",\"target\":[\"https:\\\/\\\/multimascota.com.ar\\\/producto\\\/orejas-de-cerdo-x-10-unidades\\\/\"]}]},{\"@type\":\"ImageObject\",\"inLanguage\":\"es-AR\",\"@id\":\"https:\\\/\\\/multimascota.com.ar\\\/producto\\\/orejas-de-cerdo-x-10-unidades\\\/#primaryimage\",\"url\":\"https:\\\/\\\/i0.wp.com\\\/multimascota.com.ar\\\/wp-content\\\/uploads\\\/2021\\\/08\\\/Oreja-de-Cerdo.jpg?fit=800%2C800&ssl=1\",\"contentUrl\":\"https:\\\/\\\/i0.wp.com\\\/multimascota.com.ar\\\/wp-content\\\/uploads\\\/2021\\\/08\\\/Oreja-de-Cerdo.jpg?fit=800%2C800&ssl=1\",\"width\":800,\"height\":800},{\"@type\":\"BreadcrumbList\",\"@id\":\"https:\\\/\\\/multimascota.com.ar\\\/producto\\\/orejas-de-cerdo-x-10-unidades\\\/#breadcrumb\",\"itemListElement\":[{\"@type\":\"ListItem\",\"position\":1,\"name\":\"Portada\",\"item\":\"https:\\\/\\\/multimascota.com.ar\\\/\"},{\"@type\":\"ListItem\",\"position\":2,\"name\":\"Tienda\",\"item\":\"https:\\\/\\\/multimascota.com.ar\\\/tienda\\\/\"},{\"@type\":\"ListItem\",\"position\":3,\"name\":\"Orejas De Cerdo Naturales\"}]},{\"@type\":\"WebSite\",\"@id\":\"https:\\\/\\\/multimascota.com.ar\\\/#website\",\"url\":\"https:\\\/\\\/multimascota.com.ar\\\/\",\"name\":\"MULTIMASCOTA\",\"description\":\"M\u00c0S DE 20 A\u00d1OS | LOS MEJORES PRODUCTOS\",\"publisher\":{\"@id\":\"https:\\\/\\\/multimascota.com.ar\\\/#organization\"},\"potentialAction\":[{\"@type\":\"SearchAction\",\"target\":{\"@type\":\"EntryPoint\",\"urlTemplate\":\"https:\\\/\\\/multimascota.com.ar\\\/?s={search_term_string}\"},\"query-input\":{\"@type\":\"PropertyValueSpecification\",\"valueRequired\":true,\"valueName\":\"search_term_string\"}}],\"inLanguage\":\"es-AR\"},{\"@type\":\"Organization\",\"@id\":\"https:\\\/\\\/multimascota.com.ar\\\/#organization\",\"name\":\"Multimascota Veterinaria\",\"url\":\"https:\\\/\\\/multimascota.com.ar\\\/\",\"logo\":{\"@type\":\"ImageObject\",\"inLanguage\":\"es-AR\",\"@id\":\"https:\\\/\\\/multimascota.com.ar\\\/#\\\/schema\\\/logo\\\/image\\\/\",\"url\":\"https:\\\/\\\/multimascota.com.ar\\\/wp-content\\\/uploads\\\/2021\\\/07\\\/LG1-1.png\",\"contentUrl\":\"https:\\\/\\\/multimascota.com.ar\\\/wp-content\\\/uploads\\\/2021\\\/07\\\/LG1-1.png\",\"width\":500,\"height\":500,\"caption\":\"Multimascota Veterinaria\"},\"image\":{\"@id\":\"https:\\\/\\\/multimascota.com.ar\\\/#\\\/schema\\\/logo\\\/image\\\/\"},\"sameAs\":[\"https:\\\/\\\/www.facebook.com\\\/multimascota\",\"https:\\\/\\\/www.instagram.com\\\/multimascotasrl\\\/\"]}]}<\/script>\n<!-- \/ Yoast SEO plugin. -->","yoast_head_json":{"title":"Orejas De Cerdo Naturales - MULTIMASCOTA","description":"Orejas de cuero porcino sin tratamiento de blanqueo por eso la coloracion natural.\u00a0Productos elaborados con carne.","robots":{"index":"index","follow":"follow","max-snippet":"max-snippet:-1","max-image-preview":"max-image-preview:large","max-video-preview":"max-video-preview:-1"},"canonical":"https:\/\/multimascota.com.ar\/es_ar\/producto\/orejas-de-cerdo-x-10-unidades\/","og_locale":"es_ES","og_type":"article","og_title":"Orejas De Cerdo Naturales - MULTIMASCOTA","og_description":"Orejas de cuero porcino sin tratamiento de blanqueo por eso la coloracion natural.\u00a0Productos elaborados con carne.","og_url":"https:\/\/multimascota.com.ar\/es_ar\/producto\/orejas-de-cerdo-x-10-unidades\/","og_site_name":"MULTIMASCOTA","article_publisher":"https:\/\/www.facebook.com\/multimascota","article_modified_time":"2024-09-13T19:19:39+00:00","og_image":[{"width":800,"height":800,"url":"https:\/\/multimascota.com.ar\/wp-content\/uploads\/2021\/08\/Oreja-de-Cerdo.jpg","type":"image\/jpeg"}],"twitter_card":"summary_large_image","twitter_misc":{"Tiempo de lectura":"1 minuto"},"schema":{"@context":"https:\/\/schema.org","@graph":[{"@type":["WebPage","ItemPage"],"@id":"https:\/\/multimascota.com.ar\/producto\/orejas-de-cerdo-x-10-unidades\/","url":"https:\/\/multimascota.com.ar\/producto\/orejas-de-cerdo-x-10-unidades\/","name":"Orejas De Cerdo Naturales - MULTIMASCOTA","isPartOf":{"@id":"https:\/\/multimascota.com.ar\/#website"},"primaryImageOfPage":{"@id":"https:\/\/multimascota.com.ar\/producto\/orejas-de-cerdo-x-10-unidades\/#primaryimage"},"image":{"@id":"https:\/\/multimascota.com.ar\/producto\/orejas-de-cerdo-x-10-unidades\/#primaryimage"},"thumbnailUrl":"https:\/\/i0.wp.com\/multimascota.com.ar\/wp-content\/uploads\/2021\/08\/Oreja-de-Cerdo.jpg?fit=800%2C800&ssl=1","datePublished":"2021-08-18T20:34:03+00:00","dateModified":"2024-09-13T19:19:39+00:00","description":"Orejas de cuero porcino sin tratamiento de blanqueo por eso la coloracion natural.\u00a0Productos elaborados con carne.","breadcrumb":{"@id":"https:\/\/multimascota.com.ar\/producto\/orejas-de-cerdo-x-10-unidades\/#breadcrumb"},"inLanguage":"es-AR","potentialAction":[{"@type":"ReadAction","target":["https:\/\/multimascota.com.ar\/producto\/orejas-de-cerdo-x-10-unidades\/"]}]},{"@type":"ImageObject","inLanguage":"es-AR","@id":"https:\/\/multimascota.com.ar\/producto\/orejas-de-cerdo-x-10-unidades\/#primaryimage","url":"https:\/\/i0.wp.com\/multimascota.com.ar\/wp-content\/uploads\/2021\/08\/Oreja-de-Cerdo.jpg?fit=800%2C800&ssl=1","contentUrl":"https:\/\/i0.wp.com\/multimascota.com.ar\/wp-content\/uploads\/2021\/08\/Oreja-de-Cerdo.jpg?fit=800%2C800&ssl=1","width":800,"height":800},{"@type":"BreadcrumbList","@id":"https:\/\/multimascota.com.ar\/producto\/orejas-de-cerdo-x-10-unidades\/#breadcrumb","itemListElement":[{"@type":"ListItem","position":1,"name":"Portada","item":"https:\/\/multimascota.com.ar\/"},{"@type":"ListItem","position":2,"name":"Tienda","item":"https:\/\/multimascota.com.ar\/tienda\/"},{"@type":"ListItem","position":3,"name":"Orejas De Cerdo Naturales"}]},{"@type":"WebSite","@id":"https:\/\/multimascota.com.ar\/#website","url":"https:\/\/multimascota.com.ar\/","name":"MULTIMASCOTA","description":"M\u00c0S DE 20 A\u00d1OS | LOS MEJORES PRODUCTOS","publisher":{"@id":"https:\/\/multimascota.com.ar\/#organization"},"potentialAction":[{"@type":"SearchAction","target":{"@type":"EntryPoint","urlTemplate":"https:\/\/multimascota.com.ar\/?s={search_term_string}"},"query-input":{"@type":"PropertyValueSpecification","valueRequired":true,"valueName":"search_term_string"}}],"inLanguage":"es-AR"},{"@type":"Organization","@id":"https:\/\/multimascota.com.ar\/#organization","name":"Multimascota Veterinaria","url":"https:\/\/multimascota.com.ar\/","logo":{"@type":"ImageObject","inLanguage":"es-AR","@id":"https:\/\/multimascota.com.ar\/#\/schema\/logo\/image\/","url":"https:\/\/multimascota.com.ar\/wp-content\/uploads\/2021\/07\/LG1-1.png","contentUrl":"https:\/\/multimascota.com.ar\/wp-content\/uploads\/2021\/07\/LG1-1.png","width":500,"height":500,"caption":"Multimascota Veterinaria"},"image":{"@id":"https:\/\/multimascota.com.ar\/#\/schema\/logo\/image\/"},"sameAs":["https:\/\/www.facebook.com\/multimascota","https:\/\/www.instagram.com\/multimascotasrl\/"]}]}},"jetpack-related-posts":[{"id":21149,"url":"https:\/\/multimascota.com.ar\/es_ar\/producto\/orejas-de-vaca-naturales\/","url_meta":{"origin":16722,"position":0},"title":"Orejas De Vaca Naturales","author":"Gestor","date":"18\/10\/2022","format":false,"excerpt":"Orejas de cuero vacuno. Productos elaborados con carne de productores especialmente seleccionados por la calidad de su materia prima. Garantizando la mejor calidad durante cada paso de la producci\u00f3n de nuestros productos, con el fin de lograr un producto terminado de alt\u00edsima calidad. \u00a0","rel":"","context":"Entrada similar ","block_context":{"text":"Entrada similar ","link":""},"img":{"alt_text":"","src":"https:\/\/i0.wp.com\/multimascota.com.ar\/wp-content\/uploads\/2021\/08\/Oreja-de-Vaca.jpg?fit=800%2C800&ssl=1&resize=350%2C200","width":350,"height":200,"srcset":"https:\/\/i0.wp.com\/multimascota.com.ar\/wp-content\/uploads\/2021\/08\/Oreja-de-Vaca.jpg?fit=800%2C800&ssl=1&resize=350%2C200 1x, https:\/\/i0.wp.com\/multimascota.com.ar\/wp-content\/uploads\/2021\/08\/Oreja-de-Vaca.jpg?fit=800%2C800&ssl=1&resize=525%2C300 1.5x, https:\/\/i0.wp.com\/multimascota.com.ar\/wp-content\/uploads\/2021\/08\/Oreja-de-Vaca.jpg?fit=800%2C800&ssl=1&resize=700%2C400 2x"},"classes":[]},{"id":16705,"url":"https:\/\/multimascota.com.ar\/es_ar\/producto\/femur-horneado-hueso-natural\/","url_meta":{"origin":16722,"position":1},"title":"F\u00e9mur Horneado Termo sellado Growis","author":"","date":"18\/08\/2021","format":false,"excerpt":"PESO aprox. 0.300 kg DIMENSIONES aprox. 21 \u00d7 5 \u00d7 7 cm","rel":"","context":"Entrada similar ","block_context":{"text":"Entrada similar ","link":""},"img":{"alt_text":"","src":"https:\/\/i0.wp.com\/multimascota.com.ar\/wp-content\/uploads\/2021\/08\/femur-horneado.png?fit=1200%2C1200&ssl=1&resize=350%2C200","width":350,"height":200,"srcset":"https:\/\/i0.wp.com\/multimascota.com.ar\/wp-content\/uploads\/2021\/08\/femur-horneado.png?fit=1200%2C1200&ssl=1&resize=350%2C200 1x, https:\/\/i0.wp.com\/multimascota.com.ar\/wp-content\/uploads\/2021\/08\/femur-horneado.png?fit=1200%2C1200&ssl=1&resize=525%2C300 1.5x, https:\/\/i0.wp.com\/multimascota.com.ar\/wp-content\/uploads\/2021\/08\/femur-horneado.png?fit=1200%2C1200&ssl=1&resize=700%2C400 2x, https:\/\/i0.wp.com\/multimascota.com.ar\/wp-content\/uploads\/2021\/08\/femur-horneado.png?fit=1200%2C1200&ssl=1&resize=1050%2C600 3x"},"classes":[]},{"id":16917,"url":"https:\/\/multimascota.com.ar\/es_ar\/producto\/tiritas-dr-zoo-de-salmon-grillado\/","url_meta":{"origin":16722,"position":2},"title":"Tiritas Dr. Zoo Gato Varios Sabores","author":"","date":"19\/08\/2021","format":false,"excerpt":"Los Snacks de Dr. Zoo son ideales para cualquier mascota por su tama\u00f1o, calidad, consistencia y sabor. Hechos con ingredientes naturales, son deliciosos y nutritivos. Ya sea para premiarlo o entretenerlo, no dejes de probarlos. Beneficios Nutritivos Hechos con ingredientes naturales Sabrosos Pr\u00e1cticos","rel":"","context":"Entrada similar ","block_context":{"text":"Entrada similar ","link":""},"img":{"alt_text":"","src":"https:\/\/i0.wp.com\/multimascota.com.ar\/wp-content\/uploads\/2021\/08\/dr-zoo-tiritas-salmon-grillado-40-grs1-5eaa00e5e0441920f915605235903106-640-0.jpg?fit=640%2C928&ssl=1&resize=350%2C200","width":350,"height":200,"srcset":"https:\/\/i0.wp.com\/multimascota.com.ar\/wp-content\/uploads\/2021\/08\/dr-zoo-tiritas-salmon-grillado-40-grs1-5eaa00e5e0441920f915605235903106-640-0.jpg?fit=640%2C928&ssl=1&resize=350%2C200 1x, https:\/\/i0.wp.com\/multimascota.com.ar\/wp-content\/uploads\/2021\/08\/dr-zoo-tiritas-salmon-grillado-40-grs1-5eaa00e5e0441920f915605235903106-640-0.jpg?fit=640%2C928&ssl=1&resize=525%2C300 1.5x"},"classes":[]},{"id":17852,"url":"https:\/\/multimascota.com.ar\/es_ar\/producto\/fawna-perro-adulto-mordida-mediana-y-grande\/","url_meta":{"origin":16722,"position":3},"title":"Fawna Perro Adulto Mordida Mediana y Grande","author":"Alejandro Nieto","date":"10\/11\/2021","format":false,"excerpt":"https:\/\/youtu.be\/2GEmDZE_o4U CON SALM\u00d3N DEL PAC\u00cdFICO Zapallo y Frutos Rojos 31% PROTE\u00cdNAS Salm\u00f3n & Pollo -20% CARBOHIDRATOS Alimentaci\u00f3n m\u00e1s saludable El nivel y la calidad de origen de sus ingredientes aportan amino\u00e1cidos y \u00e1cidos grasos esenciales (DHA), para el \u00f3ptimo desarrollo del sistema cognitivo y la estructura corporal. Sus prebi\u00f3ticos y\u2026","rel":"","context":"Entrada similar ","block_context":{"text":"Entrada similar ","link":""},"img":{"alt_text":"Fawna Perro Adulto Mordida Mediana y Grande","src":"https:\/\/i0.wp.com\/multimascota.com.ar\/wp-content\/uploads\/2021\/11\/Fawna-Perro-Adulto-Mordida-Mediana-y-Grande.jpg?fit=1000%2C1000&ssl=1&resize=350%2C200","width":350,"height":200,"srcset":"https:\/\/i0.wp.com\/multimascota.com.ar\/wp-content\/uploads\/2021\/11\/Fawna-Perro-Adulto-Mordida-Mediana-y-Grande.jpg?fit=1000%2C1000&ssl=1&resize=350%2C200 1x, https:\/\/i0.wp.com\/multimascota.com.ar\/wp-content\/uploads\/2021\/11\/Fawna-Perro-Adulto-Mordida-Mediana-y-Grande.jpg?fit=1000%2C1000&ssl=1&resize=525%2C300 1.5x, https:\/\/i0.wp.com\/multimascota.com.ar\/wp-content\/uploads\/2021\/11\/Fawna-Perro-Adulto-Mordida-Mediana-y-Grande.jpg?fit=1000%2C1000&ssl=1&resize=700%2C400 2x"},"classes":[]},{"id":11798,"url":"https:\/\/multimascota.com.ar\/es_ar\/producto\/pro-plan-reduced-calorie-gato-adulto-pollo-arroz\/","url_meta":{"origin":16722,"position":4},"title":"PRO PLAN REDUCED CALORIE GATO ADULTO (POLLO\/ARROZ)","author":"c2010341","date":"26\/05\/2021","format":false,"excerpt":"PURINA\u00ae PRO PLAN\u00ae REDUCED CALORIE Con prote\u00ednas de alta calidad de pollo y fuente natural de fibras. Est\u00e1 formulado para promover la ingesta necesaria de nutrientes esenciales durante la restricci\u00f3n cal\u00f3rica. Concede una protecci\u00f3n antioxidante que potencia las funciones del sistema inmunitario. Formulado para gatos adultos con tendencia al sobrepeso\u2026","rel":"","context":"Entrada similar ","block_context":{"text":"Entrada similar ","link":""},"img":{"alt_text":"","src":"https:\/\/i0.wp.com\/multimascota.com.ar\/wp-content\/uploads\/2021\/05\/Pro-PlanGatos-Reduced-Calories.jpg?fit=1000%2C1000&ssl=1&resize=350%2C200","width":350,"height":200,"srcset":"https:\/\/i0.wp.com\/multimascota.com.ar\/wp-content\/uploads\/2021\/05\/Pro-PlanGatos-Reduced-Calories.jpg?fit=1000%2C1000&ssl=1&resize=350%2C200 1x, https:\/\/i0.wp.com\/multimascota.com.ar\/wp-content\/uploads\/2021\/05\/Pro-PlanGatos-Reduced-Calories.jpg?fit=1000%2C1000&ssl=1&resize=525%2C300 1.5x, https:\/\/i0.wp.com\/multimascota.com.ar\/wp-content\/uploads\/2021\/05\/Pro-PlanGatos-Reduced-Calories.jpg?fit=1000%2C1000&ssl=1&resize=700%2C400 2x"},"classes":[]},{"id":17874,"url":"https:\/\/multimascota.com.ar\/es_ar\/producto\/fawna-adult-cat\/","url_meta":{"origin":16722,"position":5},"title":"Fawna Adult Cat","author":"Alejandro Nieto","date":"10\/11\/2021","format":false,"excerpt":"https:\/\/youtu.be\/2GEmDZE_o4U CON SALM\u00d3N DEL PAC\u00cdFICO Zapallo y Frutos rojos 35% PROTE\u00cdNAS Salm\u00f3n & Pollo CON PREBI\u00d3TICOS & PROBI\u00d3TICOS NATURALES Alimentaci\u00f3n m\u00e1s saludable El nivel y calidad de origen de sus ingredientes, son necesarios en el aporte de amino\u00e1cidos esenciales para mantener una estructura corporal saludable. Su elevado nivel de amino\u00e1cidos\u2026","rel":"","context":"Entrada similar ","block_context":{"text":"Entrada similar ","link":""},"img":{"alt_text":"Fawna Adult Cat","src":"https:\/\/i0.wp.com\/multimascota.com.ar\/wp-content\/uploads\/2021\/11\/Fawna-Adult-Cat.jpg?fit=1000%2C1000&ssl=1&resize=350%2C200","width":350,"height":200,"srcset":"https:\/\/i0.wp.com\/multimascota.com.ar\/wp-content\/uploads\/2021\/11\/Fawna-Adult-Cat.jpg?fit=1000%2C1000&ssl=1&resize=350%2C200 1x, https:\/\/i0.wp.com\/multimascota.com.ar\/wp-content\/uploads\/2021\/11\/Fawna-Adult-Cat.jpg?fit=1000%2C1000&ssl=1&resize=525%2C300 1.5x, https:\/\/i0.wp.com\/multimascota.com.ar\/wp-content\/uploads\/2021\/11\/Fawna-Adult-Cat.jpg?fit=1000%2C1000&ssl=1&resize=700%2C400 2x"},"classes":[]}],"jetpack_sharing_enabled":true,"_links":{"self":[{"href":"https:\/\/multimascota.com.ar\/es_ar\/wp-json\/wp\/v2\/product\/16722","targetHints":{"allow":["GET"]}}],"collection":[{"href":"https:\/\/multimascota.com.ar\/es_ar\/wp-json\/wp\/v2\/product"}],"about":[{"href":"https:\/\/multimascota.com.ar\/es_ar\/wp-json\/wp\/v2\/types\/product"}],"replies":[{"embeddable":true,"href":"https:\/\/multimascota.com.ar\/es_ar\/wp-json\/wp\/v2\/comments?post=16722"}],"version-history":[{"count":4,"href":"https:\/\/multimascota.com.ar\/es_ar\/wp-json\/wp\/v2\/product\/16722\/revisions"}],"predecessor-version":[{"id":23317,"href":"https:\/\/multimascota.com.ar\/es_ar\/wp-json\/wp\/v2\/product\/16722\/revisions\/23317"}],"wp:featuredmedia":[{"embeddable":true,"href":"https:\/\/multimascota.com.ar\/es_ar\/wp-json\/wp\/v2\/media\/21146"}],"wp:attachment":[{"href":"https:\/\/multimascota.com.ar\/es_ar\/wp-json\/wp\/v2\/media?parent=16722"}],"wp:term":[{"taxonomy":"product_brand","embeddable":true,"href":"https:\/\/multimascota.com.ar\/es_ar\/wp-json\/wp\/v2\/product_brand?post=16722"},{"taxonomy":"product_cat","embeddable":true,"href":"https:\/\/multimascota.com.ar\/es_ar\/wp-json\/wp\/v2\/product_cat?post=16722"},{"taxonomy":"product_tag","embeddable":true,"href":"https:\/\/multimascota.com.ar\/es_ar\/wp-json\/wp\/v2\/product_tag?post=16722"}],"curies":[{"name":"wp","href":"https:\/\/api.w.org\/{rel}","templated":true}]}}