{"id":15522,"date":"2021-07-18T06:58:31","date_gmt":"2021-07-18T06:58:31","guid":{"rendered":"https:\/\/multimascota.com.ar\/producto\/cardina-cepillo-perro-gato-varios-tamanos-no3\/"},"modified":"2025-05-22T22:40:13","modified_gmt":"2025-05-22T22:40:13","slug":"cardina-cepillo-perro-gato-varios-tamanos-no3","status":"publish","type":"product","link":"https:\/\/multimascota.com.ar\/es_ar\/producto\/cardina-cepillo-perro-gato-varios-tamanos-no3\/","title":{"rendered":"Cardina Cepillo Perro &#8211; Gato Varios Tama\u00f1os."},"content":{"rendered":"<p>Cardina Mini:\u00a0 \u00a0 \u00a0 \u00a0 \u00a0 cabezal: 4,5 x 6cm<br \/>\nCardina Chico:\u00a0 \u00a0 \u00a0 \u00a0 cabezal: 4,5 x 9cm<br \/>\nCardina Mediano:\u00a0 cabezal: 5,5 x 12cm<br \/>\nCardina Grande:\u00a0 \u00a0 \u00a0cabezal: 7,5 x 12cm<\/p>\n<p>Cepillo\/cardina para perro y gatos con puntas protegidas.<br \/>\n* La cardina m\u00e1s vendida en todo el mundo!<br \/>\n* A diferencia de otros cepillos protege la piel de tu mascota del da\u00f1o de las puntas filosas de los alambres.<\/p>\n<p>&nbsp;<\/p>\n<p>&nbsp;<\/p>","protected":false},"excerpt":{"rendered":"<p>Cardina Mini:\u00a0 \u00a0 \u00a0 \u00a0 \u00a0 cabezal: 4,5 x 6cm Cardina Chico:\u00a0 \u00a0 \u00a0 \u00a0 cabezal: 4,5 x 9cm Cardina<\/p>","protected":false},"featured_media":21182,"comment_status":"open","ping_status":"closed","template":"","meta":[],"product_brand":[],"product_cat":[205,203,498],"product_tag":[528],"class_list":{"0":"post-15522","1":"product","2":"type-product","3":"status-publish","4":"has-post-thumbnail","6":"product_cat-gatos","7":"product_cat-perros","8":"product_cat-roedores-lagomorfos","9":"product_tag-cepillos","11":"first","12":"instock","13":"shipping-taxable","14":"purchasable","15":"product-type-variable"},"yoast_head":"<!-- This site is optimized with the Yoast SEO plugin v27.3 - https:\/\/yoast.com\/product\/yoast-seo-wordpress\/ -->\n<title>Cardina Cepillo Perro - Gato Varios Tama\u00f1os. - MULTIMASCOTA<\/title>\n<meta name=\"robots\" content=\"index, follow, max-snippet:-1, max-image-preview:large, max-video-preview:-1\" \/>\n<link rel=\"canonical\" href=\"https:\/\/multimascota.com.ar\/es_ar\/producto\/cardina-cepillo-perro-gato-varios-tamanos-no3\/\" \/>\n<meta property=\"og:locale\" content=\"es_ES\" \/>\n<meta property=\"og:type\" content=\"article\" \/>\n<meta property=\"og:title\" content=\"Cardina Cepillo Perro - Gato Varios Tama\u00f1os. - MULTIMASCOTA\" \/>\n<meta property=\"og:description\" content=\"Cardina Mini:\u00a0 \u00a0 \u00a0 \u00a0 \u00a0 cabezal: 4,5 x 6cm Cardina Chico:\u00a0 \u00a0 \u00a0 \u00a0 cabezal: 4,5 x 9cm Cardina\" \/>\n<meta property=\"og:url\" content=\"https:\/\/multimascota.com.ar\/es_ar\/producto\/cardina-cepillo-perro-gato-varios-tamanos-no3\/\" \/>\n<meta property=\"og:site_name\" content=\"MULTIMASCOTA\" \/>\n<meta property=\"article:publisher\" content=\"https:\/\/www.facebook.com\/multimascota\" \/>\n<meta property=\"article:modified_time\" content=\"2025-05-22T22:40:13+00:00\" \/>\n<meta property=\"og:image\" content=\"https:\/\/multimascota.com.ar\/wp-content\/uploads\/2021\/07\/Cardinas2.jpg\" \/>\n\t<meta property=\"og:image:width\" content=\"800\" \/>\n\t<meta property=\"og:image:height\" content=\"800\" \/>\n\t<meta property=\"og:image:type\" content=\"image\/jpeg\" \/>\n<meta name=\"twitter:card\" content=\"summary_large_image\" \/>\n<script type=\"application\/ld+json\" class=\"yoast-schema-graph\">{\"@context\":\"https:\\\/\\\/schema.org\",\"@graph\":[{\"@type\":[\"WebPage\",\"ItemPage\"],\"@id\":\"https:\\\/\\\/multimascota.com.ar\\\/producto\\\/cardina-cepillo-perro-gato-varios-tamanos-no3\\\/\",\"url\":\"https:\\\/\\\/multimascota.com.ar\\\/producto\\\/cardina-cepillo-perro-gato-varios-tamanos-no3\\\/\",\"name\":\"Cardina Cepillo Perro - Gato Varios Tama\u00f1os. - MULTIMASCOTA\",\"isPartOf\":{\"@id\":\"https:\\\/\\\/multimascota.com.ar\\\/#website\"},\"primaryImageOfPage\":{\"@id\":\"https:\\\/\\\/multimascota.com.ar\\\/producto\\\/cardina-cepillo-perro-gato-varios-tamanos-no3\\\/#primaryimage\"},\"image\":{\"@id\":\"https:\\\/\\\/multimascota.com.ar\\\/producto\\\/cardina-cepillo-perro-gato-varios-tamanos-no3\\\/#primaryimage\"},\"thumbnailUrl\":\"https:\\\/\\\/i0.wp.com\\\/multimascota.com.ar\\\/wp-content\\\/uploads\\\/2021\\\/07\\\/Cardinas2.jpg?fit=800%2C800&ssl=1\",\"datePublished\":\"2021-07-18T06:58:31+00:00\",\"dateModified\":\"2025-05-22T22:40:13+00:00\",\"breadcrumb\":{\"@id\":\"https:\\\/\\\/multimascota.com.ar\\\/producto\\\/cardina-cepillo-perro-gato-varios-tamanos-no3\\\/#breadcrumb\"},\"inLanguage\":\"es-AR\",\"potentialAction\":[{\"@type\":\"ReadAction\",\"target\":[\"https:\\\/\\\/multimascota.com.ar\\\/producto\\\/cardina-cepillo-perro-gato-varios-tamanos-no3\\\/\"]}]},{\"@type\":\"ImageObject\",\"inLanguage\":\"es-AR\",\"@id\":\"https:\\\/\\\/multimascota.com.ar\\\/producto\\\/cardina-cepillo-perro-gato-varios-tamanos-no3\\\/#primaryimage\",\"url\":\"https:\\\/\\\/i0.wp.com\\\/multimascota.com.ar\\\/wp-content\\\/uploads\\\/2021\\\/07\\\/Cardinas2.jpg?fit=800%2C800&ssl=1\",\"contentUrl\":\"https:\\\/\\\/i0.wp.com\\\/multimascota.com.ar\\\/wp-content\\\/uploads\\\/2021\\\/07\\\/Cardinas2.jpg?fit=800%2C800&ssl=1\",\"width\":800,\"height\":800},{\"@type\":\"BreadcrumbList\",\"@id\":\"https:\\\/\\\/multimascota.com.ar\\\/producto\\\/cardina-cepillo-perro-gato-varios-tamanos-no3\\\/#breadcrumb\",\"itemListElement\":[{\"@type\":\"ListItem\",\"position\":1,\"name\":\"Portada\",\"item\":\"https:\\\/\\\/multimascota.com.ar\\\/\"},{\"@type\":\"ListItem\",\"position\":2,\"name\":\"Tienda\",\"item\":\"https:\\\/\\\/multimascota.com.ar\\\/tienda\\\/\"},{\"@type\":\"ListItem\",\"position\":3,\"name\":\"Cardina Cepillo Perro &#8211; Gato Varios Tama\u00f1os.\"}]},{\"@type\":\"WebSite\",\"@id\":\"https:\\\/\\\/multimascota.com.ar\\\/#website\",\"url\":\"https:\\\/\\\/multimascota.com.ar\\\/\",\"name\":\"MULTIMASCOTA\",\"description\":\"M\u00c0S DE 20 A\u00d1OS | LOS MEJORES PRODUCTOS\",\"publisher\":{\"@id\":\"https:\\\/\\\/multimascota.com.ar\\\/#organization\"},\"potentialAction\":[{\"@type\":\"SearchAction\",\"target\":{\"@type\":\"EntryPoint\",\"urlTemplate\":\"https:\\\/\\\/multimascota.com.ar\\\/?s={search_term_string}\"},\"query-input\":{\"@type\":\"PropertyValueSpecification\",\"valueRequired\":true,\"valueName\":\"search_term_string\"}}],\"inLanguage\":\"es-AR\"},{\"@type\":\"Organization\",\"@id\":\"https:\\\/\\\/multimascota.com.ar\\\/#organization\",\"name\":\"Multimascota Veterinaria\",\"url\":\"https:\\\/\\\/multimascota.com.ar\\\/\",\"logo\":{\"@type\":\"ImageObject\",\"inLanguage\":\"es-AR\",\"@id\":\"https:\\\/\\\/multimascota.com.ar\\\/#\\\/schema\\\/logo\\\/image\\\/\",\"url\":\"https:\\\/\\\/multimascota.com.ar\\\/wp-content\\\/uploads\\\/2021\\\/07\\\/LG1-1.png\",\"contentUrl\":\"https:\\\/\\\/multimascota.com.ar\\\/wp-content\\\/uploads\\\/2021\\\/07\\\/LG1-1.png\",\"width\":500,\"height\":500,\"caption\":\"Multimascota Veterinaria\"},\"image\":{\"@id\":\"https:\\\/\\\/multimascota.com.ar\\\/#\\\/schema\\\/logo\\\/image\\\/\"},\"sameAs\":[\"https:\\\/\\\/www.facebook.com\\\/multimascota\",\"https:\\\/\\\/www.instagram.com\\\/multimascotasrl\\\/\"]}]}<\/script>\n<!-- \/ Yoast SEO plugin. -->","yoast_head_json":{"title":"Cardina Cepillo Perro - Gato Varios Tama\u00f1os. - MULTIMASCOTA","robots":{"index":"index","follow":"follow","max-snippet":"max-snippet:-1","max-image-preview":"max-image-preview:large","max-video-preview":"max-video-preview:-1"},"canonical":"https:\/\/multimascota.com.ar\/es_ar\/producto\/cardina-cepillo-perro-gato-varios-tamanos-no3\/","og_locale":"es_ES","og_type":"article","og_title":"Cardina Cepillo Perro - Gato Varios Tama\u00f1os. - MULTIMASCOTA","og_description":"Cardina Mini:\u00a0 \u00a0 \u00a0 \u00a0 \u00a0 cabezal: 4,5 x 6cm Cardina Chico:\u00a0 \u00a0 \u00a0 \u00a0 cabezal: 4,5 x 9cm Cardina","og_url":"https:\/\/multimascota.com.ar\/es_ar\/producto\/cardina-cepillo-perro-gato-varios-tamanos-no3\/","og_site_name":"MULTIMASCOTA","article_publisher":"https:\/\/www.facebook.com\/multimascota","article_modified_time":"2025-05-22T22:40:13+00:00","og_image":[{"width":800,"height":800,"url":"https:\/\/multimascota.com.ar\/wp-content\/uploads\/2021\/07\/Cardinas2.jpg","type":"image\/jpeg"}],"twitter_card":"summary_large_image","schema":{"@context":"https:\/\/schema.org","@graph":[{"@type":["WebPage","ItemPage"],"@id":"https:\/\/multimascota.com.ar\/producto\/cardina-cepillo-perro-gato-varios-tamanos-no3\/","url":"https:\/\/multimascota.com.ar\/producto\/cardina-cepillo-perro-gato-varios-tamanos-no3\/","name":"Cardina Cepillo Perro - Gato Varios Tama\u00f1os. - MULTIMASCOTA","isPartOf":{"@id":"https:\/\/multimascota.com.ar\/#website"},"primaryImageOfPage":{"@id":"https:\/\/multimascota.com.ar\/producto\/cardina-cepillo-perro-gato-varios-tamanos-no3\/#primaryimage"},"image":{"@id":"https:\/\/multimascota.com.ar\/producto\/cardina-cepillo-perro-gato-varios-tamanos-no3\/#primaryimage"},"thumbnailUrl":"https:\/\/i0.wp.com\/multimascota.com.ar\/wp-content\/uploads\/2021\/07\/Cardinas2.jpg?fit=800%2C800&ssl=1","datePublished":"2021-07-18T06:58:31+00:00","dateModified":"2025-05-22T22:40:13+00:00","breadcrumb":{"@id":"https:\/\/multimascota.com.ar\/producto\/cardina-cepillo-perro-gato-varios-tamanos-no3\/#breadcrumb"},"inLanguage":"es-AR","potentialAction":[{"@type":"ReadAction","target":["https:\/\/multimascota.com.ar\/producto\/cardina-cepillo-perro-gato-varios-tamanos-no3\/"]}]},{"@type":"ImageObject","inLanguage":"es-AR","@id":"https:\/\/multimascota.com.ar\/producto\/cardina-cepillo-perro-gato-varios-tamanos-no3\/#primaryimage","url":"https:\/\/i0.wp.com\/multimascota.com.ar\/wp-content\/uploads\/2021\/07\/Cardinas2.jpg?fit=800%2C800&ssl=1","contentUrl":"https:\/\/i0.wp.com\/multimascota.com.ar\/wp-content\/uploads\/2021\/07\/Cardinas2.jpg?fit=800%2C800&ssl=1","width":800,"height":800},{"@type":"BreadcrumbList","@id":"https:\/\/multimascota.com.ar\/producto\/cardina-cepillo-perro-gato-varios-tamanos-no3\/#breadcrumb","itemListElement":[{"@type":"ListItem","position":1,"name":"Portada","item":"https:\/\/multimascota.com.ar\/"},{"@type":"ListItem","position":2,"name":"Tienda","item":"https:\/\/multimascota.com.ar\/tienda\/"},{"@type":"ListItem","position":3,"name":"Cardina Cepillo Perro &#8211; Gato Varios Tama\u00f1os."}]},{"@type":"WebSite","@id":"https:\/\/multimascota.com.ar\/#website","url":"https:\/\/multimascota.com.ar\/","name":"MULTIMASCOTA","description":"M\u00c0S DE 20 A\u00d1OS | LOS MEJORES PRODUCTOS","publisher":{"@id":"https:\/\/multimascota.com.ar\/#organization"},"potentialAction":[{"@type":"SearchAction","target":{"@type":"EntryPoint","urlTemplate":"https:\/\/multimascota.com.ar\/?s={search_term_string}"},"query-input":{"@type":"PropertyValueSpecification","valueRequired":true,"valueName":"search_term_string"}}],"inLanguage":"es-AR"},{"@type":"Organization","@id":"https:\/\/multimascota.com.ar\/#organization","name":"Multimascota Veterinaria","url":"https:\/\/multimascota.com.ar\/","logo":{"@type":"ImageObject","inLanguage":"es-AR","@id":"https:\/\/multimascota.com.ar\/#\/schema\/logo\/image\/","url":"https:\/\/multimascota.com.ar\/wp-content\/uploads\/2021\/07\/LG1-1.png","contentUrl":"https:\/\/multimascota.com.ar\/wp-content\/uploads\/2021\/07\/LG1-1.png","width":500,"height":500,"caption":"Multimascota Veterinaria"},"image":{"@id":"https:\/\/multimascota.com.ar\/#\/schema\/logo\/image\/"},"sameAs":["https:\/\/www.facebook.com\/multimascota","https:\/\/www.instagram.com\/multimascotasrl\/"]}]}},"jetpack-related-posts":[{"id":15106,"url":"https:\/\/multimascota.com.ar\/es_ar\/producto\/cardina-con-expulsor\/","url_meta":{"origin":15522,"position":0},"title":"CARDINA CON EXPULSOR","author":"Alejandro Nieto","date":"18\/07\/2021","format":false,"excerpt":"HIGIENE Cardina expulsa pelos. Ideal para pelo largo y corto de perros y gatos.","rel":"","context":"Entrada similar ","block_context":{"text":"Entrada similar ","link":""},"img":{"alt_text":"","src":"https:\/\/i0.wp.com\/multimascota.com.ar\/wp-content\/uploads\/2021\/07\/CARDINA-CON-EXPULSORCARDINA-CON-EXPULSOR-BLISTER.jpg?fit=800%2C800&ssl=1&resize=350%2C200","width":350,"height":200,"srcset":"https:\/\/i0.wp.com\/multimascota.com.ar\/wp-content\/uploads\/2021\/07\/CARDINA-CON-EXPULSORCARDINA-CON-EXPULSOR-BLISTER.jpg?fit=800%2C800&ssl=1&resize=350%2C200 1x, https:\/\/i0.wp.com\/multimascota.com.ar\/wp-content\/uploads\/2021\/07\/CARDINA-CON-EXPULSORCARDINA-CON-EXPULSOR-BLISTER.jpg?fit=800%2C800&ssl=1&resize=525%2C300 1.5x, https:\/\/i0.wp.com\/multimascota.com.ar\/wp-content\/uploads\/2021\/07\/CARDINA-CON-EXPULSORCARDINA-CON-EXPULSOR-BLISTER.jpg?fit=800%2C800&ssl=1&resize=700%2C400 2x"},"classes":[]},{"id":15488,"url":"https:\/\/multimascota.com.ar\/es_ar\/producto\/repuesto-rodillo-quita-pelos-para-la-ropa-adhesivo-x-2-unidades\/","url_meta":{"origin":15522,"position":1},"title":"REPUESTO RODILLO QUITA PELOS PARA LA ROPA ADHESIVO X 2 UNIDADES","author":"Alejandro Nieto","date":"18\/07\/2021","format":false,"excerpt":"","rel":"","context":"Entrada similar ","block_context":{"text":"Entrada similar ","link":""},"img":{"alt_text":"repuesto para cepillo quitapelos","src":"https:\/\/i0.wp.com\/multimascota.com.ar\/wp-content\/uploads\/2021\/07\/repuesto-para-cepillo-quitapelos.jpg?fit=1000%2C1000&ssl=1&resize=350%2C200","width":350,"height":200,"srcset":"https:\/\/i0.wp.com\/multimascota.com.ar\/wp-content\/uploads\/2021\/07\/repuesto-para-cepillo-quitapelos.jpg?fit=1000%2C1000&ssl=1&resize=350%2C200 1x, https:\/\/i0.wp.com\/multimascota.com.ar\/wp-content\/uploads\/2021\/07\/repuesto-para-cepillo-quitapelos.jpg?fit=1000%2C1000&ssl=1&resize=525%2C300 1.5x, https:\/\/i0.wp.com\/multimascota.com.ar\/wp-content\/uploads\/2021\/07\/repuesto-para-cepillo-quitapelos.jpg?fit=1000%2C1000&ssl=1&resize=700%2C400 2x"},"classes":[]},{"id":15432,"url":"https:\/\/multimascota.com.ar\/es_ar\/producto\/manopla-guante-cepillo-para-perros-y-garos\/","url_meta":{"origin":15522,"position":2},"title":"MANOPLA GUANTE CEPILLO PARA PERROS Y GATOS","author":"Alejandro Nieto","date":"18\/07\/2021","format":false,"excerpt":"GUANTE PARA PEINAR * Excelente guante con puntas de silicona. Sirve para masajear, peinar y desenredar el pelo de tu mascota. Al ser flexible, permite ajustarse al cuerpo del animal llegando a lugares que otros cepillos no pueden llegar, evitando cualquier tipo de da\u00f1o en la piel. *Apto para razas\u2026","rel":"","context":"Entrada similar ","block_context":{"text":"Entrada similar ","link":""},"img":{"alt_text":"","src":"https:\/\/i0.wp.com\/multimascota.com.ar\/wp-content\/uploads\/2021\/07\/GUANTE.png?fit=294%2C254&ssl=1&resize=350%2C200","width":350,"height":200},"classes":[]},{"id":23486,"url":"https:\/\/multimascota.com.ar\/es_ar\/producto\/osspret-reacondicionador-mayor-volumen-x-250ml\/","url_meta":{"origin":15522,"position":3},"title":"Osspret Reacondicionador Mayor Volumen x 250ml","author":"Gestor","date":"12\/03\/2024","format":false,"excerpt":"Acci\u00f3n Usar en el enjuague posterior al lavado. Descripci\u00f3n Facilita el cepillado por su efecto antiest\u00e1tico. F\u00f3rmula mejorada indicada para dar mayor volumen. Para ser usado en caninos y felinos. Diluir: 1 en 5 de agua en el momento de uso. Componentes:Pr\u00e1cticamente libre de componentes grasos con adici\u00f3n de Cloruro\u2026","rel":"","context":"Entrada similar ","block_context":{"text":"Entrada similar ","link":""},"img":{"alt_text":"","src":"https:\/\/i0.wp.com\/multimascota.com.ar\/wp-content\/uploads\/2024\/03\/enjuague-may-volumen.png?fit=1024%2C1024&ssl=1&resize=350%2C200","width":350,"height":200,"srcset":"https:\/\/i0.wp.com\/multimascota.com.ar\/wp-content\/uploads\/2024\/03\/enjuague-may-volumen.png?fit=1024%2C1024&ssl=1&resize=350%2C200 1x, https:\/\/i0.wp.com\/multimascota.com.ar\/wp-content\/uploads\/2024\/03\/enjuague-may-volumen.png?fit=1024%2C1024&ssl=1&resize=525%2C300 1.5x, https:\/\/i0.wp.com\/multimascota.com.ar\/wp-content\/uploads\/2024\/03\/enjuague-may-volumen.png?fit=1024%2C1024&ssl=1&resize=700%2C400 2x"},"classes":[]},{"id":23502,"url":"https:\/\/multimascota.com.ar\/es_ar\/producto\/moksha-crema-de-enjuague-x-250-ml\/","url_meta":{"origin":15522,"position":4},"title":"Moksha Crema de Enjuague x 250ml","author":"Gestor","date":"12\/03\/2024","format":false,"excerpt":"Aceite de palta zanahoria: contiene gl\u00facidos, vitaminas (carotenos o provitamina A, vitamina C y del grupo B) Fitoesteroles y amino\u00e1cidos que poseen acci\u00f3n antioxidante, vitaminizante y restauradora de la piel; facilitan el desenredo del pelo, dej\u00e1ndolo suave y brilloso. Reduce el tiempo de cepillado y previene la formaci\u00f3n de nudos.\u2026","rel":"","context":"Entrada similar ","block_context":{"text":"Entrada similar ","link":""},"img":{"alt_text":"","src":"https:\/\/i0.wp.com\/multimascota.com.ar\/wp-content\/uploads\/2024\/03\/Moksha-crema-de-enjuague.jpg?fit=1080%2C1080&ssl=1&resize=350%2C200","width":350,"height":200,"srcset":"https:\/\/i0.wp.com\/multimascota.com.ar\/wp-content\/uploads\/2024\/03\/Moksha-crema-de-enjuague.jpg?fit=1080%2C1080&ssl=1&resize=350%2C200 1x, https:\/\/i0.wp.com\/multimascota.com.ar\/wp-content\/uploads\/2024\/03\/Moksha-crema-de-enjuague.jpg?fit=1080%2C1080&ssl=1&resize=525%2C300 1.5x, https:\/\/i0.wp.com\/multimascota.com.ar\/wp-content\/uploads\/2024\/03\/Moksha-crema-de-enjuague.jpg?fit=1080%2C1080&ssl=1&resize=700%2C400 2x, https:\/\/i0.wp.com\/multimascota.com.ar\/wp-content\/uploads\/2024\/03\/Moksha-crema-de-enjuague.jpg?fit=1080%2C1080&ssl=1&resize=1050%2C600 3x"},"classes":[]},{"id":15108,"url":"https:\/\/multimascota.com.ar\/es_ar\/producto\/cepillo-anatomico-doble-mediano\/","url_meta":{"origin":15522,"position":5},"title":"CEPILLO ANATOMICO DOBLE MEDIANO","author":"Alejandro Nieto","date":"18\/07\/2021","format":false,"excerpt":"HIGIENE","rel":"","context":"Entrada similar ","block_context":{"text":"Entrada similar ","link":""},"img":{"alt_text":"","src":"https:\/\/i0.wp.com\/multimascota.com.ar\/wp-content\/uploads\/2021\/07\/2044CEPILLO-ANATOMICO-DOBLE-MEDIANO.png?fit=500%2C500&ssl=1&resize=350%2C200","width":350,"height":200},"classes":[]}],"jetpack_sharing_enabled":true,"_links":{"self":[{"href":"https:\/\/multimascota.com.ar\/es_ar\/wp-json\/wp\/v2\/product\/15522","targetHints":{"allow":["GET"]}}],"collection":[{"href":"https:\/\/multimascota.com.ar\/es_ar\/wp-json\/wp\/v2\/product"}],"about":[{"href":"https:\/\/multimascota.com.ar\/es_ar\/wp-json\/wp\/v2\/types\/product"}],"replies":[{"embeddable":true,"href":"https:\/\/multimascota.com.ar\/es_ar\/wp-json\/wp\/v2\/comments?post=15522"}],"version-history":[{"count":2,"href":"https:\/\/multimascota.com.ar\/es_ar\/wp-json\/wp\/v2\/product\/15522\/revisions"}],"predecessor-version":[{"id":22572,"href":"https:\/\/multimascota.com.ar\/es_ar\/wp-json\/wp\/v2\/product\/15522\/revisions\/22572"}],"wp:featuredmedia":[{"embeddable":true,"href":"https:\/\/multimascota.com.ar\/es_ar\/wp-json\/wp\/v2\/media\/21182"}],"wp:attachment":[{"href":"https:\/\/multimascota.com.ar\/es_ar\/wp-json\/wp\/v2\/media?parent=15522"}],"wp:term":[{"taxonomy":"product_brand","embeddable":true,"href":"https:\/\/multimascota.com.ar\/es_ar\/wp-json\/wp\/v2\/product_brand?post=15522"},{"taxonomy":"product_cat","embeddable":true,"href":"https:\/\/multimascota.com.ar\/es_ar\/wp-json\/wp\/v2\/product_cat?post=15522"},{"taxonomy":"product_tag","embeddable":true,"href":"https:\/\/multimascota.com.ar\/es_ar\/wp-json\/wp\/v2\/product_tag?post=15522"}],"curies":[{"name":"wp","href":"https:\/\/api.w.org\/{rel}","templated":true}]}}