{"id":14050,"date":"2021-06-28T01:20:50","date_gmt":"2021-06-28T01:20:50","guid":{"rendered":"https:\/\/multimascota.com.ar\/producto\/royal-canin-boxer-30-junior-12k\/"},"modified":"2025-09-13T15:38:16","modified_gmt":"2025-09-13T15:38:16","slug":"royal-canin-boxer-30-junior-12k","status":"publish","type":"product","link":"https:\/\/multimascota.com.ar\/es_ar\/producto\/royal-canin-boxer-30-junior-12k\/","title":{"rendered":"Royal Canin Boxer Junior 12K"},"content":{"rendered":"<h4>Royal Canin Boxer 30 Junior<\/h4>\n<div>\u00a0Royal Canin Boxer 30 Junior es un alimento S\u00faper Premium. A medida para cachorros de la raza Boxer. Desde 2 a 15 meses.<\/div>\n<div><\/div>\n<div>\u00c3\u201cPTIMO DESARROLLO MUSCULAR:<\/div>\n<div>Ayuda al correcto desarrollo de las articulaciones y de la masa muscular. Debido a un contenido \u00f3ptimo de prote\u00ednas, un alto nivel de L-carnitina, condroitina, glucosamina, EPA y DHA.<\/div>\n<div><\/div>\n<div>ESPECIAL MORFOLOG\u00c3\u008dA MAXILOFACIAL:<\/div>\n<div>Debido a su cr\u00e1neo braquicef\u00e1lico (m\u00e1s ancho que largo con stop marcado y nariz chata) y a su prognatismo mandibular (mand\u00edbula inferior que sobresale hacia adelante y se curva levemente hacia arriba), al Boxer cachorro se le dificulta la toma y degluci\u00f3n del alimento. Boxer 30 Junior facilita la prensi\u00f3n del alimento y estimula la masticaci\u00f3n gracias a una croqueta ergon\u00f3mica especialmente dise\u00f1ada.<\/div>\n<div><\/div>\n<div>\u00a0REFUERZO DE LAS DEFENSAS NATURALES:<\/div>\n<div>Contribuye a reforzar las defensas naturales del cachorro a travs de un complejo sinrgico de antioxidantes (lute\u00edna, taurina, vitamina C y E) y de manano-oligosac\u00e1ridos que ayudan a limitar el desarrollo de bacterias pat\u00f3genas intestinales.<\/div>","protected":false},"excerpt":{"rendered":"<p>Royal Canin Boxer 30 Junior \u00a0Royal Canin Boxer 30 Junior es un alimento S\u00faper Premium. A medida para cachorros de<\/p>","protected":false},"featured_media":14049,"comment_status":"open","ping_status":"closed","template":"","meta":[],"product_brand":[],"product_cat":[203],"product_tag":[506],"class_list":{"0":"post-14050","1":"product","2":"type-product","3":"status-publish","4":"has-post-thumbnail","6":"product_cat-perros","7":"product_tag-royal-canin-perro","9":"first","10":"instock","11":"shipping-taxable","12":"purchasable","13":"product-type-simple"},"yoast_head":"<!-- This site is optimized with the Yoast SEO plugin v27.3 - https:\/\/yoast.com\/product\/yoast-seo-wordpress\/ -->\n<title>Royal Canin Boxer Junior 12K - MULTIMASCOTA<\/title>\n<meta name=\"robots\" content=\"index, follow, max-snippet:-1, max-image-preview:large, max-video-preview:-1\" \/>\n<link rel=\"canonical\" href=\"https:\/\/multimascota.com.ar\/es_ar\/producto\/royal-canin-boxer-30-junior-12k\/\" \/>\n<meta property=\"og:locale\" content=\"es_ES\" \/>\n<meta property=\"og:type\" content=\"article\" \/>\n<meta property=\"og:title\" content=\"Royal Canin Boxer Junior 12K - MULTIMASCOTA\" \/>\n<meta property=\"og:description\" content=\"Royal Canin Boxer 30 Junior \u00a0Royal Canin Boxer 30 Junior es un alimento S\u00faper Premium. A medida para cachorros de\" \/>\n<meta property=\"og:url\" content=\"https:\/\/multimascota.com.ar\/es_ar\/producto\/royal-canin-boxer-30-junior-12k\/\" \/>\n<meta property=\"og:site_name\" content=\"MULTIMASCOTA\" \/>\n<meta property=\"article:publisher\" content=\"https:\/\/www.facebook.com\/multimascota\" \/>\n<meta property=\"article:modified_time\" content=\"2025-09-13T15:38:16+00:00\" \/>\n<meta property=\"og:image\" content=\"https:\/\/multimascota.com.ar\/wp-content\/uploads\/2021\/06\/Boxer-Junior-500.png\" \/>\n\t<meta property=\"og:image:width\" content=\"500\" \/>\n\t<meta property=\"og:image:height\" content=\"500\" \/>\n\t<meta property=\"og:image:type\" content=\"image\/png\" \/>\n<meta name=\"twitter:card\" content=\"summary_large_image\" \/>\n<meta name=\"twitter:label1\" content=\"Tiempo de lectura\" \/>\n\t<meta name=\"twitter:data1\" content=\"1 minuto\" \/>\n<script type=\"application\/ld+json\" class=\"yoast-schema-graph\">{\"@context\":\"https:\\\/\\\/schema.org\",\"@graph\":[{\"@type\":[\"WebPage\",\"ItemPage\"],\"@id\":\"https:\\\/\\\/multimascota.com.ar\\\/producto\\\/royal-canin-boxer-30-junior-12k\\\/\",\"url\":\"https:\\\/\\\/multimascota.com.ar\\\/producto\\\/royal-canin-boxer-30-junior-12k\\\/\",\"name\":\"Royal Canin Boxer Junior 12K - MULTIMASCOTA\",\"isPartOf\":{\"@id\":\"https:\\\/\\\/multimascota.com.ar\\\/#website\"},\"primaryImageOfPage\":{\"@id\":\"https:\\\/\\\/multimascota.com.ar\\\/producto\\\/royal-canin-boxer-30-junior-12k\\\/#primaryimage\"},\"image\":{\"@id\":\"https:\\\/\\\/multimascota.com.ar\\\/producto\\\/royal-canin-boxer-30-junior-12k\\\/#primaryimage\"},\"thumbnailUrl\":\"https:\\\/\\\/i0.wp.com\\\/multimascota.com.ar\\\/wp-content\\\/uploads\\\/2021\\\/06\\\/Boxer-Junior-500.png?fit=500%2C500&ssl=1\",\"datePublished\":\"2021-06-28T01:20:50+00:00\",\"dateModified\":\"2025-09-13T15:38:16+00:00\",\"breadcrumb\":{\"@id\":\"https:\\\/\\\/multimascota.com.ar\\\/producto\\\/royal-canin-boxer-30-junior-12k\\\/#breadcrumb\"},\"inLanguage\":\"es-AR\",\"potentialAction\":[{\"@type\":\"ReadAction\",\"target\":[\"https:\\\/\\\/multimascota.com.ar\\\/producto\\\/royal-canin-boxer-30-junior-12k\\\/\"]}]},{\"@type\":\"ImageObject\",\"inLanguage\":\"es-AR\",\"@id\":\"https:\\\/\\\/multimascota.com.ar\\\/producto\\\/royal-canin-boxer-30-junior-12k\\\/#primaryimage\",\"url\":\"https:\\\/\\\/i0.wp.com\\\/multimascota.com.ar\\\/wp-content\\\/uploads\\\/2021\\\/06\\\/Boxer-Junior-500.png?fit=500%2C500&ssl=1\",\"contentUrl\":\"https:\\\/\\\/i0.wp.com\\\/multimascota.com.ar\\\/wp-content\\\/uploads\\\/2021\\\/06\\\/Boxer-Junior-500.png?fit=500%2C500&ssl=1\",\"width\":500,\"height\":500},{\"@type\":\"BreadcrumbList\",\"@id\":\"https:\\\/\\\/multimascota.com.ar\\\/producto\\\/royal-canin-boxer-30-junior-12k\\\/#breadcrumb\",\"itemListElement\":[{\"@type\":\"ListItem\",\"position\":1,\"name\":\"Portada\",\"item\":\"https:\\\/\\\/multimascota.com.ar\\\/\"},{\"@type\":\"ListItem\",\"position\":2,\"name\":\"Tienda\",\"item\":\"https:\\\/\\\/multimascota.com.ar\\\/tienda\\\/\"},{\"@type\":\"ListItem\",\"position\":3,\"name\":\"Royal Canin Boxer Junior 12K\"}]},{\"@type\":\"WebSite\",\"@id\":\"https:\\\/\\\/multimascota.com.ar\\\/#website\",\"url\":\"https:\\\/\\\/multimascota.com.ar\\\/\",\"name\":\"MULTIMASCOTA\",\"description\":\"M\u00c0S DE 20 A\u00d1OS | LOS MEJORES PRODUCTOS\",\"publisher\":{\"@id\":\"https:\\\/\\\/multimascota.com.ar\\\/#organization\"},\"potentialAction\":[{\"@type\":\"SearchAction\",\"target\":{\"@type\":\"EntryPoint\",\"urlTemplate\":\"https:\\\/\\\/multimascota.com.ar\\\/?s={search_term_string}\"},\"query-input\":{\"@type\":\"PropertyValueSpecification\",\"valueRequired\":true,\"valueName\":\"search_term_string\"}}],\"inLanguage\":\"es-AR\"},{\"@type\":\"Organization\",\"@id\":\"https:\\\/\\\/multimascota.com.ar\\\/#organization\",\"name\":\"Multimascota Veterinaria\",\"url\":\"https:\\\/\\\/multimascota.com.ar\\\/\",\"logo\":{\"@type\":\"ImageObject\",\"inLanguage\":\"es-AR\",\"@id\":\"https:\\\/\\\/multimascota.com.ar\\\/#\\\/schema\\\/logo\\\/image\\\/\",\"url\":\"https:\\\/\\\/multimascota.com.ar\\\/wp-content\\\/uploads\\\/2021\\\/07\\\/LG1-1.png\",\"contentUrl\":\"https:\\\/\\\/multimascota.com.ar\\\/wp-content\\\/uploads\\\/2021\\\/07\\\/LG1-1.png\",\"width\":500,\"height\":500,\"caption\":\"Multimascota Veterinaria\"},\"image\":{\"@id\":\"https:\\\/\\\/multimascota.com.ar\\\/#\\\/schema\\\/logo\\\/image\\\/\"},\"sameAs\":[\"https:\\\/\\\/www.facebook.com\\\/multimascota\",\"https:\\\/\\\/www.instagram.com\\\/multimascotasrl\\\/\"]}]}<\/script>\n<!-- \/ Yoast SEO plugin. -->","yoast_head_json":{"title":"Royal Canin Boxer Junior 12K - MULTIMASCOTA","robots":{"index":"index","follow":"follow","max-snippet":"max-snippet:-1","max-image-preview":"max-image-preview:large","max-video-preview":"max-video-preview:-1"},"canonical":"https:\/\/multimascota.com.ar\/es_ar\/producto\/royal-canin-boxer-30-junior-12k\/","og_locale":"es_ES","og_type":"article","og_title":"Royal Canin Boxer Junior 12K - MULTIMASCOTA","og_description":"Royal Canin Boxer 30 Junior \u00a0Royal Canin Boxer 30 Junior es un alimento S\u00faper Premium. A medida para cachorros de","og_url":"https:\/\/multimascota.com.ar\/es_ar\/producto\/royal-canin-boxer-30-junior-12k\/","og_site_name":"MULTIMASCOTA","article_publisher":"https:\/\/www.facebook.com\/multimascota","article_modified_time":"2025-09-13T15:38:16+00:00","og_image":[{"width":500,"height":500,"url":"https:\/\/multimascota.com.ar\/wp-content\/uploads\/2021\/06\/Boxer-Junior-500.png","type":"image\/png"}],"twitter_card":"summary_large_image","twitter_misc":{"Tiempo de lectura":"1 minuto"},"schema":{"@context":"https:\/\/schema.org","@graph":[{"@type":["WebPage","ItemPage"],"@id":"https:\/\/multimascota.com.ar\/producto\/royal-canin-boxer-30-junior-12k\/","url":"https:\/\/multimascota.com.ar\/producto\/royal-canin-boxer-30-junior-12k\/","name":"Royal Canin Boxer Junior 12K - MULTIMASCOTA","isPartOf":{"@id":"https:\/\/multimascota.com.ar\/#website"},"primaryImageOfPage":{"@id":"https:\/\/multimascota.com.ar\/producto\/royal-canin-boxer-30-junior-12k\/#primaryimage"},"image":{"@id":"https:\/\/multimascota.com.ar\/producto\/royal-canin-boxer-30-junior-12k\/#primaryimage"},"thumbnailUrl":"https:\/\/i0.wp.com\/multimascota.com.ar\/wp-content\/uploads\/2021\/06\/Boxer-Junior-500.png?fit=500%2C500&ssl=1","datePublished":"2021-06-28T01:20:50+00:00","dateModified":"2025-09-13T15:38:16+00:00","breadcrumb":{"@id":"https:\/\/multimascota.com.ar\/producto\/royal-canin-boxer-30-junior-12k\/#breadcrumb"},"inLanguage":"es-AR","potentialAction":[{"@type":"ReadAction","target":["https:\/\/multimascota.com.ar\/producto\/royal-canin-boxer-30-junior-12k\/"]}]},{"@type":"ImageObject","inLanguage":"es-AR","@id":"https:\/\/multimascota.com.ar\/producto\/royal-canin-boxer-30-junior-12k\/#primaryimage","url":"https:\/\/i0.wp.com\/multimascota.com.ar\/wp-content\/uploads\/2021\/06\/Boxer-Junior-500.png?fit=500%2C500&ssl=1","contentUrl":"https:\/\/i0.wp.com\/multimascota.com.ar\/wp-content\/uploads\/2021\/06\/Boxer-Junior-500.png?fit=500%2C500&ssl=1","width":500,"height":500},{"@type":"BreadcrumbList","@id":"https:\/\/multimascota.com.ar\/producto\/royal-canin-boxer-30-junior-12k\/#breadcrumb","itemListElement":[{"@type":"ListItem","position":1,"name":"Portada","item":"https:\/\/multimascota.com.ar\/"},{"@type":"ListItem","position":2,"name":"Tienda","item":"https:\/\/multimascota.com.ar\/tienda\/"},{"@type":"ListItem","position":3,"name":"Royal Canin Boxer Junior 12K"}]},{"@type":"WebSite","@id":"https:\/\/multimascota.com.ar\/#website","url":"https:\/\/multimascota.com.ar\/","name":"MULTIMASCOTA","description":"M\u00c0S DE 20 A\u00d1OS | LOS MEJORES PRODUCTOS","publisher":{"@id":"https:\/\/multimascota.com.ar\/#organization"},"potentialAction":[{"@type":"SearchAction","target":{"@type":"EntryPoint","urlTemplate":"https:\/\/multimascota.com.ar\/?s={search_term_string}"},"query-input":{"@type":"PropertyValueSpecification","valueRequired":true,"valueName":"search_term_string"}}],"inLanguage":"es-AR"},{"@type":"Organization","@id":"https:\/\/multimascota.com.ar\/#organization","name":"Multimascota Veterinaria","url":"https:\/\/multimascota.com.ar\/","logo":{"@type":"ImageObject","inLanguage":"es-AR","@id":"https:\/\/multimascota.com.ar\/#\/schema\/logo\/image\/","url":"https:\/\/multimascota.com.ar\/wp-content\/uploads\/2021\/07\/LG1-1.png","contentUrl":"https:\/\/multimascota.com.ar\/wp-content\/uploads\/2021\/07\/LG1-1.png","width":500,"height":500,"caption":"Multimascota Veterinaria"},"image":{"@id":"https:\/\/multimascota.com.ar\/#\/schema\/logo\/image\/"},"sameAs":["https:\/\/www.facebook.com\/multimascota","https:\/\/www.instagram.com\/multimascotasrl\/"]}]}},"jetpack-related-posts":[{"id":14202,"url":"https:\/\/multimascota.com.ar\/es_ar\/producto\/royal-canin-bulldog-frances-junior\/","url_meta":{"origin":14050,"position":0},"title":"Royal Canin Bulldog Frances Junior","author":"Alejandro Nieto","date":"28\/06\/2021","format":false,"excerpt":"Alimento para perros cachorros de raza Bulldog Franc\u00e9s. De 2 meses a 12 meses de edad. Defensas naturales Contribuye a reforzar las defensas naturales del cachorro Bulldog Franc\u00e9s.Croqueta adaptada Especial para mand\u00edbula braquicef\u00e1lica. Facilita la prensi\u00f3n y estimula la masticaci\u00f3n del cachorro Bulldog Franc\u00e9s gracias a una croqueta especialmente adaptada.\u2026","rel":"","context":"Entrada similar ","block_context":{"text":"Entrada similar ","link":""},"img":{"alt_text":"","src":"https:\/\/i0.wp.com\/multimascota.com.ar\/wp-content\/uploads\/2021\/06\/Royal-Canin-Bulldog-Frances-Junior.jpg?fit=1000%2C1000&ssl=1&resize=350%2C200","width":350,"height":200,"srcset":"https:\/\/i0.wp.com\/multimascota.com.ar\/wp-content\/uploads\/2021\/06\/Royal-Canin-Bulldog-Frances-Junior.jpg?fit=1000%2C1000&ssl=1&resize=350%2C200 1x, https:\/\/i0.wp.com\/multimascota.com.ar\/wp-content\/uploads\/2021\/06\/Royal-Canin-Bulldog-Frances-Junior.jpg?fit=1000%2C1000&ssl=1&resize=525%2C300 1.5x, https:\/\/i0.wp.com\/multimascota.com.ar\/wp-content\/uploads\/2021\/06\/Royal-Canin-Bulldog-Frances-Junior.jpg?fit=1000%2C1000&ssl=1&resize=700%2C400 2x"},"classes":[]},{"id":14169,"url":"https:\/\/multimascota.com.ar\/es_ar\/producto\/royal-canin-x-small-junior\/","url_meta":{"origin":14050,"position":1},"title":"Royal Canin X Small Junior","author":"Alejandro Nieto","date":"28\/06\/2021","format":false,"excerpt":"Royal Canin X-Small Junior Royal Canin X-Small Junior es un alimento Super Premium para perros cachorros de raza muy peque\u00f1a hasta 4 kg de peso adulto y 10 meses de edad. \u00a0Se ha desarrollado una croqueta de peque\u00f1o tama\u00f1o para que se adapte perfectamente a la mand\u00edbula miniatura de los\u2026","rel":"","context":"Entrada similar ","block_context":{"text":"Entrada similar ","link":""},"img":{"alt_text":"","src":"https:\/\/i0.wp.com\/multimascota.com.ar\/wp-content\/uploads\/2021\/06\/X-Small-Juniors-500.png?fit=500%2C500&ssl=1&resize=350%2C200","width":350,"height":200},"classes":[]},{"id":14149,"url":"https:\/\/multimascota.com.ar\/es_ar\/producto\/royal-canin-german-shepherd-30-junior-ovejero\/","url_meta":{"origin":14050,"position":2},"title":"Royal Canin German Shepherd Junior (Ovejero)","author":"Alejandro Nieto","date":"28\/06\/2021","format":false,"excerpt":"Royal Canin German Shepherd\u00a0 Junior Royal Canin German Shepherd 30 Junior es un alimento S\u00faper Premium, a medida para cachorros de la raza Pastor Alem\u00e1n. Desde 2 a 15 meses. FOCALIZADO EN LA SEGURIDAD DIGESTIVA: \u00a0Garantiza la m\u00e1xima seguridad digestiva teniendo en cuenta la delicada digesti\u00f3n del cachorro de Pastor\u2026","rel":"","context":"Entrada similar ","block_context":{"text":"Entrada similar ","link":""},"img":{"alt_text":"Royal Canin Cachorro pastor aleman","src":"https:\/\/i0.wp.com\/multimascota.com.ar\/wp-content\/uploads\/2021\/06\/Cachorro-pastor-aleman.jpg?fit=1000%2C1000&ssl=1&resize=350%2C200","width":350,"height":200,"srcset":"https:\/\/i0.wp.com\/multimascota.com.ar\/wp-content\/uploads\/2021\/06\/Cachorro-pastor-aleman.jpg?fit=1000%2C1000&ssl=1&resize=350%2C200 1x, https:\/\/i0.wp.com\/multimascota.com.ar\/wp-content\/uploads\/2021\/06\/Cachorro-pastor-aleman.jpg?fit=1000%2C1000&ssl=1&resize=525%2C300 1.5x, https:\/\/i0.wp.com\/multimascota.com.ar\/wp-content\/uploads\/2021\/06\/Cachorro-pastor-aleman.jpg?fit=1000%2C1000&ssl=1&resize=700%2C400 2x"},"classes":[]},{"id":14163,"url":"https:\/\/multimascota.com.ar\/es_ar\/producto\/royal-canin-yorkshire-terrier-29-junior\/","url_meta":{"origin":14050,"position":3},"title":"Royal Canin Yorkshire Terrier Junior","author":"Alejandro Nieto","date":"28\/06\/2021","format":false,"excerpt":"Royal Canin Yorkshire Terrier Junior Royal Canin Yorkshire Terrier\u00a0 Junior es un alimento S\u00faper Premium a medida para cachorros de la raza Yorkshire. Desde 2 a 10 meses. CRECIMIENTO R\u00c3\u0081PIDO: Ayuda a cubrir las necesidades de un crecimiento corto e intenso. Debido a su alto contenido en grasas y a\u2026","rel":"","context":"Entrada similar ","block_context":{"text":"Entrada similar ","link":""},"img":{"alt_text":"Royal Canin Yorkshire Terrier Junior","src":"https:\/\/i0.wp.com\/multimascota.com.ar\/wp-content\/uploads\/2021\/06\/Yorkshire-Terrier-Junior.jpg?fit=1000%2C1000&ssl=1&resize=350%2C200","width":350,"height":200,"srcset":"https:\/\/i0.wp.com\/multimascota.com.ar\/wp-content\/uploads\/2021\/06\/Yorkshire-Terrier-Junior.jpg?fit=1000%2C1000&ssl=1&resize=350%2C200 1x, https:\/\/i0.wp.com\/multimascota.com.ar\/wp-content\/uploads\/2021\/06\/Yorkshire-Terrier-Junior.jpg?fit=1000%2C1000&ssl=1&resize=525%2C300 1.5x, https:\/\/i0.wp.com\/multimascota.com.ar\/wp-content\/uploads\/2021\/06\/Yorkshire-Terrier-Junior.jpg?fit=1000%2C1000&ssl=1&resize=700%2C400 2x"},"classes":[]},{"id":14159,"url":"https:\/\/multimascota.com.ar\/es_ar\/producto\/royal-canin-labrador-retriever-33-junior\/","url_meta":{"origin":14050,"position":4},"title":"Royal Canin Labrador Retriever Junior","author":"Alejandro Nieto","date":"28\/06\/2021","format":false,"excerpt":"Royal Canin Labrador Retriever \u00a0Royal Canin Labrador Retriever Junior es un alimento Super Premium a medida para cachorros de la raza Labrador Retriever de 2 a 15 meses. CRECIMIENTO SEGURO: Contribuye al correcto desarrollo de la s\u00f3lida estructura \u00f3sea del cachorro de Labrador gracias al contenido adaptado de energ\u00eda, prote\u00ednas,\u2026","rel":"","context":"Entrada similar ","block_context":{"text":"Entrada similar ","link":""},"img":{"alt_text":"","src":"https:\/\/i0.wp.com\/multimascota.com.ar\/wp-content\/uploads\/2021\/06\/Royal-Canin-Cachorro-labrador-retriever.jpg?fit=1000%2C1000&ssl=1&resize=350%2C200","width":350,"height":200,"srcset":"https:\/\/i0.wp.com\/multimascota.com.ar\/wp-content\/uploads\/2021\/06\/Royal-Canin-Cachorro-labrador-retriever.jpg?fit=1000%2C1000&ssl=1&resize=350%2C200 1x, https:\/\/i0.wp.com\/multimascota.com.ar\/wp-content\/uploads\/2021\/06\/Royal-Canin-Cachorro-labrador-retriever.jpg?fit=1000%2C1000&ssl=1&resize=525%2C300 1.5x, https:\/\/i0.wp.com\/multimascota.com.ar\/wp-content\/uploads\/2021\/06\/Royal-Canin-Cachorro-labrador-retriever.jpg?fit=1000%2C1000&ssl=1&resize=700%2C400 2x"},"classes":[]},{"id":14030,"url":"https:\/\/multimascota.com.ar\/es_ar\/producto\/royal-canin-boxer-26-adult-12k\/","url_meta":{"origin":14050,"position":5},"title":"Royal Canin Boxer Adulto","author":"Alejandro Nieto","date":"28\/06\/2021","format":false,"excerpt":"Alimento completo para perros adultos y maduros de raza B\u00f3xer. A partir de los 15 meses de edad. \u00a0 Dinamismo muscular Contribuye al mantenimiento de la masa muscular y ayuda a proteger articulaciones gracias a su \u00f3ptimo contenido de prote\u00ednas (26%), de L-carnitina, de condroitina y glucosamina (1.100 mg\/kg) y\u2026","rel":"","context":"Entrada similar ","block_context":{"text":"Entrada similar ","link":""},"img":{"alt_text":"","src":"https:\/\/i0.wp.com\/multimascota.com.ar\/wp-content\/uploads\/2021\/06\/Boxer-Adult.jpg?fit=1000%2C1000&ssl=1&resize=350%2C200","width":350,"height":200,"srcset":"https:\/\/i0.wp.com\/multimascota.com.ar\/wp-content\/uploads\/2021\/06\/Boxer-Adult.jpg?fit=1000%2C1000&ssl=1&resize=350%2C200 1x, https:\/\/i0.wp.com\/multimascota.com.ar\/wp-content\/uploads\/2021\/06\/Boxer-Adult.jpg?fit=1000%2C1000&ssl=1&resize=525%2C300 1.5x, https:\/\/i0.wp.com\/multimascota.com.ar\/wp-content\/uploads\/2021\/06\/Boxer-Adult.jpg?fit=1000%2C1000&ssl=1&resize=700%2C400 2x"},"classes":[]}],"jetpack_sharing_enabled":true,"_links":{"self":[{"href":"https:\/\/multimascota.com.ar\/es_ar\/wp-json\/wp\/v2\/product\/14050","targetHints":{"allow":["GET"]}}],"collection":[{"href":"https:\/\/multimascota.com.ar\/es_ar\/wp-json\/wp\/v2\/product"}],"about":[{"href":"https:\/\/multimascota.com.ar\/es_ar\/wp-json\/wp\/v2\/types\/product"}],"replies":[{"embeddable":true,"href":"https:\/\/multimascota.com.ar\/es_ar\/wp-json\/wp\/v2\/comments?post=14050"}],"version-history":[{"count":1,"href":"https:\/\/multimascota.com.ar\/es_ar\/wp-json\/wp\/v2\/product\/14050\/revisions"}],"predecessor-version":[{"id":23842,"href":"https:\/\/multimascota.com.ar\/es_ar\/wp-json\/wp\/v2\/product\/14050\/revisions\/23842"}],"wp:featuredmedia":[{"embeddable":true,"href":"https:\/\/multimascota.com.ar\/es_ar\/wp-json\/wp\/v2\/media\/14049"}],"wp:attachment":[{"href":"https:\/\/multimascota.com.ar\/es_ar\/wp-json\/wp\/v2\/media?parent=14050"}],"wp:term":[{"taxonomy":"product_brand","embeddable":true,"href":"https:\/\/multimascota.com.ar\/es_ar\/wp-json\/wp\/v2\/product_brand?post=14050"},{"taxonomy":"product_cat","embeddable":true,"href":"https:\/\/multimascota.com.ar\/es_ar\/wp-json\/wp\/v2\/product_cat?post=14050"},{"taxonomy":"product_tag","embeddable":true,"href":"https:\/\/multimascota.com.ar\/es_ar\/wp-json\/wp\/v2\/product_tag?post=14050"}],"curies":[{"name":"wp","href":"https:\/\/api.w.org\/{rel}","templated":true}]}}