{"id":13961,"date":"2021-06-28T01:19:40","date_gmt":"2021-06-28T01:19:40","guid":{"rendered":"https:\/\/multimascota.com.ar\/producto\/royal-canin-gastro-intestinal-dog\/"},"modified":"2025-10-23T15:53:23","modified_gmt":"2025-10-23T15:53:23","slug":"royal-canin-gastro-intestinal-dog","status":"publish","type":"product","link":"https:\/\/multimascota.com.ar\/es_ar\/producto\/royal-canin-gastro-intestinal-dog\/","title":{"rendered":"Royal Canin Gastro Intestinal Dog"},"content":{"rendered":"<p>Es un alimento completo para perros, formulado para ayudar en el manejo de los trastornos agudos de absorci\u00f3n intestinal y promover la restauraci\u00f3n nutricional y convalecencia. Ingredientes altamente digestibles. Elevados niveles de electrolitos y nutrientes esenciales. Densidad energ\u00e9tica elevada.<\/p>\n<div class=\"rc-text--center-md rc-padding--sm--mobile rc-btn-wrapper buy-buttons\">\n<div class=\"rc-template__benefit-item rc-margin-x--none rc-padding-bottom--md--desktop rc-padding-bottom--md--mobile rc-padding-x--sm--desktop\">\n<div class=\"rc-padding-x--none--mobile\">\n<h3 class=\"rc-delta rc-margin-y--none rc-padding-bottom--sm--mobile rc-padding-bottom--xs--desktop\">Soporte digestivo<\/h3>\n<p class=\"rc-margin-y--none\">Una f\u00f3rmula altamente digestible, con contenido balanceado de fibras, incluyendo prebi\u00f3ticos, para favorecer una digesti\u00f3n y tr\u00e1nsito intestinal saludables.<\/p>\n<\/div>\n<\/div>\n<div class=\"rc-template__benefit-item rc-margin-x--none rc-padding-bottom--md--desktop rc-padding-bottom--md--mobile rc-padding-x--sm--desktop\">\n<div class=\"rc-padding-x--none--mobile\">\n<h3 class=\"rc-delta rc-margin-y--none rc-padding-bottom--sm--mobile rc-padding-bottom--xs--desktop\">Alta energ\u00eda<\/h3>\n<p class=\"rc-margin-y--none\">Un alto contenido de energ\u00eda para ayudar a reducir el volumen de raci\u00f3n y disminuir la carga intestinal.<\/p>\n<\/div>\n<\/div>\n<div class=\"rc-template__benefit-item rc-margin-x--none rc-padding-bottom--md--desktop rc-padding-bottom--md--mobile rc-padding-x--sm--desktop\">\n<div class=\"rc-padding-x--none--mobile\">\n<h3 class=\"rc-delta rc-margin-y--none rc-padding-bottom--sm--mobile rc-padding-bottom--xs--desktop\">Alta palatabilidad<\/h3>\n<p class=\"rc-margin-y--none\">Alta palatabilidad para satisfacer un apetito disminuido.<\/p>\n<h3 class=\"rc-delta rc-margin-y--none rc-padding-bottom--sm--mobile rc-padding-bottom--xs--desktop\">Ingredientes<\/h3>\n<p>Arroz, harina de subproductos de pollo, grasas animales (vacuna y\/o pollo),ma\u00edz, hidrolizado de h\u00edgado de pollo y\/o vacuno y\/o cerdo, levadura de cerveza, huevo en polvo, salesminerales, aceite de soja, celulosa purificada, aceite de pescado, zeolita, c\u00e1scara de psyllium,vitaminas, fructo-oligosac\u00e1ridos (FOS), manano-oligosac\u00e1ridos (MOS), DL-metionina, taurina, extractode rosa de la India (rico en lute\u00edna), oligoelementos quelados, oligoelementos.Vitaminas: Colina, vitamina E, vitamina C, niacina, pantotenato de calcio, vitamina B6, vitamina B2,vitamina A, vitamina B1, biotina, \u00e1cido f\u00f3lico, vitamina B12, vitamina D3.Sales minerales: Fosfato monoc\u00e1lcico, cloruro de sodio, sorbato de potasio, cloruro de potasio, \u00f3xidode magnesio.Oligoelementos: \u00d3xido de zinc, sulfato de hierro, \u00f3xido de manganeso, sulfato de cobre, selenio org\u00e1nico,iodato de calcio.Oligoelementos quelados: Zinc, manganeso, cobre.Conservantes y antioxidantes: BHA, galato de propilo y \u00e1cido c\u00edtrico.<\/p>\n<p>Prote\u00edna bruta (m\u00edn.): 23%; Extracto et\u00e9reo (m\u00edn.): 18%; Fibra cruda (m\u00e1x.):4%; Minerales (m\u00e1x.): 9%; Humedad (m\u00e1x.): 10%; Calcio (m\u00edn.): 0,71%, (m\u00e1x.): 1,65%; F\u00f3sforo (m\u00edn.): 0,6%,(m\u00e1x.): 1,4%; Sodio (m\u00e1x.): 0,59%.Energ\u00eda Metabolizable: 4.096 kcal\/kg.Enriquecimiento por Kg (m\u00edn.):Vitaminas: Colina: 720 mg; E: 300 mg; C: 180 mg; Niacina: 31,2 mg; Pantotenato de calcio: 16,38 mg;B6: 4,92 mg; B2: 4,56 mg; A: 9.540 UI; B1: 2,52 mg; Biotina: 0,64 mg; \u00c1c. F\u00f3lico: 0,48 mg; B12: 0,04 mg;D3: 600 UI.Oligoelementos: Zinc: 85,8 mg; Manganeso: 28,8 mg; Hierro: 22,2 mg; Cobre: 6,6 mg; Iodo: 2,22 mg;Selenio: 0,03 mg.<\/p>\n<\/div>\n<\/div>\n<\/div>","protected":false},"excerpt":{"rendered":"<p>Es un alimento completo para perros, formulado para ayudar en el manejo de los trastornos agudos de absorci\u00f3n intestinal y<\/p>","protected":false},"featured_media":14826,"comment_status":"open","ping_status":"closed","template":"","meta":[],"product_brand":[],"product_cat":[203],"product_tag":[506],"class_list":{"0":"post-13961","1":"product","2":"type-product","3":"status-publish","4":"has-post-thumbnail","6":"product_cat-perros","7":"product_tag-royal-canin-perro","9":"first","10":"instock","11":"shipping-taxable","12":"purchasable","13":"product-type-variable"},"yoast_head":"<!-- This site is optimized with the Yoast SEO plugin v27.3 - https:\/\/yoast.com\/product\/yoast-seo-wordpress\/ -->\n<title>Royal Canin Gastro Intestinal Dog - MULTIMASCOTA<\/title>\n<meta name=\"description\" content=\"Royal Canin Gastro Intestinal Dog, formulado para ayudar en el manejo de los trastornos agudos de absorci\u00f3n intestinal.\" \/>\n<meta name=\"robots\" content=\"index, follow, max-snippet:-1, max-image-preview:large, max-video-preview:-1\" \/>\n<link rel=\"canonical\" href=\"https:\/\/multimascota.com.ar\/es_ar\/producto\/royal-canin-gastro-intestinal-dog\/\" \/>\n<meta property=\"og:locale\" content=\"es_ES\" \/>\n<meta property=\"og:type\" content=\"article\" \/>\n<meta property=\"og:title\" content=\"Royal Canin Gastro Intestinal Dog - MULTIMASCOTA\" \/>\n<meta property=\"og:description\" content=\"Royal Canin Gastro Intestinal Dog, formulado para ayudar en el manejo de los trastornos agudos de absorci\u00f3n intestinal.\" \/>\n<meta property=\"og:url\" content=\"https:\/\/multimascota.com.ar\/es_ar\/producto\/royal-canin-gastro-intestinal-dog\/\" \/>\n<meta property=\"og:site_name\" content=\"MULTIMASCOTA\" \/>\n<meta property=\"article:publisher\" content=\"https:\/\/www.facebook.com\/multimascota\" \/>\n<meta property=\"article:modified_time\" content=\"2025-10-23T15:53:23+00:00\" \/>\n<meta property=\"og:image\" content=\"https:\/\/i0.wp.com\/multimascota.com.ar\/wp-content\/uploads\/2021\/06\/Gastrointestinal-Canine.jpg?fit=1000%2C1000&ssl=1\" \/>\n\t<meta property=\"og:image:width\" content=\"1000\" \/>\n\t<meta property=\"og:image:height\" content=\"1000\" \/>\n\t<meta property=\"og:image:type\" content=\"image\/jpeg\" \/>\n<meta name=\"twitter:card\" content=\"summary_large_image\" \/>\n<meta name=\"twitter:label1\" content=\"Tiempo de lectura\" \/>\n\t<meta name=\"twitter:data1\" content=\"2 minutos\" \/>\n<script type=\"application\/ld+json\" class=\"yoast-schema-graph\">{\"@context\":\"https:\\\/\\\/schema.org\",\"@graph\":[{\"@type\":[\"WebPage\",\"ItemPage\"],\"@id\":\"https:\\\/\\\/multimascota.com.ar\\\/producto\\\/royal-canin-gastro-intestinal-dog\\\/\",\"url\":\"https:\\\/\\\/multimascota.com.ar\\\/producto\\\/royal-canin-gastro-intestinal-dog\\\/\",\"name\":\"Royal Canin Gastro Intestinal Dog - MULTIMASCOTA\",\"isPartOf\":{\"@id\":\"https:\\\/\\\/multimascota.com.ar\\\/#website\"},\"primaryImageOfPage\":{\"@id\":\"https:\\\/\\\/multimascota.com.ar\\\/producto\\\/royal-canin-gastro-intestinal-dog\\\/#primaryimage\"},\"image\":{\"@id\":\"https:\\\/\\\/multimascota.com.ar\\\/producto\\\/royal-canin-gastro-intestinal-dog\\\/#primaryimage\"},\"thumbnailUrl\":\"https:\\\/\\\/i0.wp.com\\\/multimascota.com.ar\\\/wp-content\\\/uploads\\\/2021\\\/06\\\/Gastrointestinal-Canine.jpg?fit=1000%2C1000&ssl=1\",\"datePublished\":\"2021-06-28T01:19:40+00:00\",\"dateModified\":\"2025-10-23T15:53:23+00:00\",\"description\":\"Royal Canin Gastro Intestinal Dog, formulado para ayudar en el manejo de los trastornos agudos de absorci\u00f3n intestinal.\",\"breadcrumb\":{\"@id\":\"https:\\\/\\\/multimascota.com.ar\\\/producto\\\/royal-canin-gastro-intestinal-dog\\\/#breadcrumb\"},\"inLanguage\":\"es-AR\",\"potentialAction\":[{\"@type\":\"ReadAction\",\"target\":[\"https:\\\/\\\/multimascota.com.ar\\\/producto\\\/royal-canin-gastro-intestinal-dog\\\/\"]}]},{\"@type\":\"ImageObject\",\"inLanguage\":\"es-AR\",\"@id\":\"https:\\\/\\\/multimascota.com.ar\\\/producto\\\/royal-canin-gastro-intestinal-dog\\\/#primaryimage\",\"url\":\"https:\\\/\\\/i0.wp.com\\\/multimascota.com.ar\\\/wp-content\\\/uploads\\\/2021\\\/06\\\/Gastrointestinal-Canine.jpg?fit=1000%2C1000&ssl=1\",\"contentUrl\":\"https:\\\/\\\/i0.wp.com\\\/multimascota.com.ar\\\/wp-content\\\/uploads\\\/2021\\\/06\\\/Gastrointestinal-Canine.jpg?fit=1000%2C1000&ssl=1\",\"width\":1000,\"height\":1000,\"caption\":\"Gastrointestinal Canine\"},{\"@type\":\"BreadcrumbList\",\"@id\":\"https:\\\/\\\/multimascota.com.ar\\\/producto\\\/royal-canin-gastro-intestinal-dog\\\/#breadcrumb\",\"itemListElement\":[{\"@type\":\"ListItem\",\"position\":1,\"name\":\"Portada\",\"item\":\"https:\\\/\\\/multimascota.com.ar\\\/\"},{\"@type\":\"ListItem\",\"position\":2,\"name\":\"Tienda\",\"item\":\"https:\\\/\\\/multimascota.com.ar\\\/tienda\\\/\"},{\"@type\":\"ListItem\",\"position\":3,\"name\":\"Royal Canin Gastro Intestinal Dog\"}]},{\"@type\":\"WebSite\",\"@id\":\"https:\\\/\\\/multimascota.com.ar\\\/#website\",\"url\":\"https:\\\/\\\/multimascota.com.ar\\\/\",\"name\":\"MULTIMASCOTA\",\"description\":\"M\u00c0S DE 20 A\u00d1OS | LOS MEJORES PRODUCTOS\",\"publisher\":{\"@id\":\"https:\\\/\\\/multimascota.com.ar\\\/#organization\"},\"potentialAction\":[{\"@type\":\"SearchAction\",\"target\":{\"@type\":\"EntryPoint\",\"urlTemplate\":\"https:\\\/\\\/multimascota.com.ar\\\/?s={search_term_string}\"},\"query-input\":{\"@type\":\"PropertyValueSpecification\",\"valueRequired\":true,\"valueName\":\"search_term_string\"}}],\"inLanguage\":\"es-AR\"},{\"@type\":\"Organization\",\"@id\":\"https:\\\/\\\/multimascota.com.ar\\\/#organization\",\"name\":\"Multimascota Veterinaria\",\"url\":\"https:\\\/\\\/multimascota.com.ar\\\/\",\"logo\":{\"@type\":\"ImageObject\",\"inLanguage\":\"es-AR\",\"@id\":\"https:\\\/\\\/multimascota.com.ar\\\/#\\\/schema\\\/logo\\\/image\\\/\",\"url\":\"https:\\\/\\\/multimascota.com.ar\\\/wp-content\\\/uploads\\\/2021\\\/07\\\/LG1-1.png\",\"contentUrl\":\"https:\\\/\\\/multimascota.com.ar\\\/wp-content\\\/uploads\\\/2021\\\/07\\\/LG1-1.png\",\"width\":500,\"height\":500,\"caption\":\"Multimascota Veterinaria\"},\"image\":{\"@id\":\"https:\\\/\\\/multimascota.com.ar\\\/#\\\/schema\\\/logo\\\/image\\\/\"},\"sameAs\":[\"https:\\\/\\\/www.facebook.com\\\/multimascota\",\"https:\\\/\\\/www.instagram.com\\\/multimascotasrl\\\/\"]}]}<\/script>\n<!-- \/ Yoast SEO plugin. -->","yoast_head_json":{"title":"Royal Canin Gastro Intestinal Dog - MULTIMASCOTA","description":"Royal Canin Gastro Intestinal Dog, formulado para ayudar en el manejo de los trastornos agudos de absorci\u00f3n intestinal.","robots":{"index":"index","follow":"follow","max-snippet":"max-snippet:-1","max-image-preview":"max-image-preview:large","max-video-preview":"max-video-preview:-1"},"canonical":"https:\/\/multimascota.com.ar\/es_ar\/producto\/royal-canin-gastro-intestinal-dog\/","og_locale":"es_ES","og_type":"article","og_title":"Royal Canin Gastro Intestinal Dog - MULTIMASCOTA","og_description":"Royal Canin Gastro Intestinal Dog, formulado para ayudar en el manejo de los trastornos agudos de absorci\u00f3n intestinal.","og_url":"https:\/\/multimascota.com.ar\/es_ar\/producto\/royal-canin-gastro-intestinal-dog\/","og_site_name":"MULTIMASCOTA","article_publisher":"https:\/\/www.facebook.com\/multimascota","article_modified_time":"2025-10-23T15:53:23+00:00","og_image":[{"width":1000,"height":1000,"url":"https:\/\/i0.wp.com\/multimascota.com.ar\/wp-content\/uploads\/2021\/06\/Gastrointestinal-Canine.jpg?fit=1000%2C1000&ssl=1","type":"image\/jpeg"}],"twitter_card":"summary_large_image","twitter_misc":{"Tiempo de lectura":"2 minutos"},"schema":{"@context":"https:\/\/schema.org","@graph":[{"@type":["WebPage","ItemPage"],"@id":"https:\/\/multimascota.com.ar\/producto\/royal-canin-gastro-intestinal-dog\/","url":"https:\/\/multimascota.com.ar\/producto\/royal-canin-gastro-intestinal-dog\/","name":"Royal Canin Gastro Intestinal Dog - MULTIMASCOTA","isPartOf":{"@id":"https:\/\/multimascota.com.ar\/#website"},"primaryImageOfPage":{"@id":"https:\/\/multimascota.com.ar\/producto\/royal-canin-gastro-intestinal-dog\/#primaryimage"},"image":{"@id":"https:\/\/multimascota.com.ar\/producto\/royal-canin-gastro-intestinal-dog\/#primaryimage"},"thumbnailUrl":"https:\/\/i0.wp.com\/multimascota.com.ar\/wp-content\/uploads\/2021\/06\/Gastrointestinal-Canine.jpg?fit=1000%2C1000&ssl=1","datePublished":"2021-06-28T01:19:40+00:00","dateModified":"2025-10-23T15:53:23+00:00","description":"Royal Canin Gastro Intestinal Dog, formulado para ayudar en el manejo de los trastornos agudos de absorci\u00f3n intestinal.","breadcrumb":{"@id":"https:\/\/multimascota.com.ar\/producto\/royal-canin-gastro-intestinal-dog\/#breadcrumb"},"inLanguage":"es-AR","potentialAction":[{"@type":"ReadAction","target":["https:\/\/multimascota.com.ar\/producto\/royal-canin-gastro-intestinal-dog\/"]}]},{"@type":"ImageObject","inLanguage":"es-AR","@id":"https:\/\/multimascota.com.ar\/producto\/royal-canin-gastro-intestinal-dog\/#primaryimage","url":"https:\/\/i0.wp.com\/multimascota.com.ar\/wp-content\/uploads\/2021\/06\/Gastrointestinal-Canine.jpg?fit=1000%2C1000&ssl=1","contentUrl":"https:\/\/i0.wp.com\/multimascota.com.ar\/wp-content\/uploads\/2021\/06\/Gastrointestinal-Canine.jpg?fit=1000%2C1000&ssl=1","width":1000,"height":1000,"caption":"Gastrointestinal Canine"},{"@type":"BreadcrumbList","@id":"https:\/\/multimascota.com.ar\/producto\/royal-canin-gastro-intestinal-dog\/#breadcrumb","itemListElement":[{"@type":"ListItem","position":1,"name":"Portada","item":"https:\/\/multimascota.com.ar\/"},{"@type":"ListItem","position":2,"name":"Tienda","item":"https:\/\/multimascota.com.ar\/tienda\/"},{"@type":"ListItem","position":3,"name":"Royal Canin Gastro Intestinal Dog"}]},{"@type":"WebSite","@id":"https:\/\/multimascota.com.ar\/#website","url":"https:\/\/multimascota.com.ar\/","name":"MULTIMASCOTA","description":"M\u00c0S DE 20 A\u00d1OS | LOS MEJORES PRODUCTOS","publisher":{"@id":"https:\/\/multimascota.com.ar\/#organization"},"potentialAction":[{"@type":"SearchAction","target":{"@type":"EntryPoint","urlTemplate":"https:\/\/multimascota.com.ar\/?s={search_term_string}"},"query-input":{"@type":"PropertyValueSpecification","valueRequired":true,"valueName":"search_term_string"}}],"inLanguage":"es-AR"},{"@type":"Organization","@id":"https:\/\/multimascota.com.ar\/#organization","name":"Multimascota Veterinaria","url":"https:\/\/multimascota.com.ar\/","logo":{"@type":"ImageObject","inLanguage":"es-AR","@id":"https:\/\/multimascota.com.ar\/#\/schema\/logo\/image\/","url":"https:\/\/multimascota.com.ar\/wp-content\/uploads\/2021\/07\/LG1-1.png","contentUrl":"https:\/\/multimascota.com.ar\/wp-content\/uploads\/2021\/07\/LG1-1.png","width":500,"height":500,"caption":"Multimascota Veterinaria"},"image":{"@id":"https:\/\/multimascota.com.ar\/#\/schema\/logo\/image\/"},"sameAs":["https:\/\/www.facebook.com\/multimascota","https:\/\/www.instagram.com\/multimascotasrl\/"]}]}},"jetpack-related-posts":[{"id":14028,"url":"https:\/\/multimascota.com.ar\/es_ar\/producto\/royal-canin-gastro-intestinal-junior-2k\/","url_meta":{"origin":13961,"position":0},"title":"Royal Canin Gastro Intestinal Junior","author":"Alejandro Nieto","date":"28\/06\/2021","format":false,"excerpt":"Alimento completo para perros cachorros, formulado para ayudar en el manejo de los trastornos agudos de absorci\u00f3n intestinal y promover la restauraci\u00f3n nutricional y convalecencia. Ingredientes altamente digestibles. Elevados niveles de electrolitos y nutrientes esenciales. Densidad energ\u00e9tica elevada. Soporte Digestivo: Una f\u00f3rmula altamente digestible, con contenido balanceado de fibras, incluyendo\u2026","rel":"","context":"Entrada similar ","block_context":{"text":"Entrada similar ","link":""},"img":{"alt_text":"Gastrointestinal Canine Puppy","src":"https:\/\/i0.wp.com\/multimascota.com.ar\/wp-content\/uploads\/2021\/06\/Gastrointestinal-Canine-Puppy.jpg?fit=1000%2C1000&ssl=1&resize=350%2C200","width":350,"height":200,"srcset":"https:\/\/i0.wp.com\/multimascota.com.ar\/wp-content\/uploads\/2021\/06\/Gastrointestinal-Canine-Puppy.jpg?fit=1000%2C1000&ssl=1&resize=350%2C200 1x, https:\/\/i0.wp.com\/multimascota.com.ar\/wp-content\/uploads\/2021\/06\/Gastrointestinal-Canine-Puppy.jpg?fit=1000%2C1000&ssl=1&resize=525%2C300 1.5x, https:\/\/i0.wp.com\/multimascota.com.ar\/wp-content\/uploads\/2021\/06\/Gastrointestinal-Canine-Puppy.jpg?fit=1000%2C1000&ssl=1&resize=700%2C400 2x"},"classes":[]},{"id":18503,"url":"https:\/\/multimascota.com.ar\/es_ar\/producto\/alimento-royal-canin-digestive-care\/","url_meta":{"origin":13961,"position":1},"title":"Alimento Royal Canin Digestive Care","author":"Alejandro Nieto","date":"06\/12\/2021","format":false,"excerpt":"Un est\u00f3mago y tracto digestivo sensibles pueden tener como resultado una gran cantidad de heces de mala calidad que tambi\u00e9n puede indicar una mala digesti\u00f3n. Digestive Care de ROYAL CANIN\u00ae ha sido formulado de una forma equilibrada y precisa para favorecer La salud digestiva gracias a sus nutrientes espec\u00edficos y\u2026","rel":"","context":"Entrada similar ","block_context":{"text":"Entrada similar ","link":""},"img":{"alt_text":"Alimento Royal Canin Digestive Care","src":"https:\/\/i0.wp.com\/multimascota.com.ar\/wp-content\/uploads\/2021\/12\/Digestive-Care.jpg?fit=1000%2C1000&ssl=1&resize=350%2C200","width":350,"height":200,"srcset":"https:\/\/i0.wp.com\/multimascota.com.ar\/wp-content\/uploads\/2021\/12\/Digestive-Care.jpg?fit=1000%2C1000&ssl=1&resize=350%2C200 1x, https:\/\/i0.wp.com\/multimascota.com.ar\/wp-content\/uploads\/2021\/12\/Digestive-Care.jpg?fit=1000%2C1000&ssl=1&resize=525%2C300 1.5x, https:\/\/i0.wp.com\/multimascota.com.ar\/wp-content\/uploads\/2021\/12\/Digestive-Care.jpg?fit=1000%2C1000&ssl=1&resize=700%2C400 2x"},"classes":[]},{"id":12259,"url":"https:\/\/multimascota.com.ar\/es_ar\/producto\/royal-canin-fibre-response-cat-2-kg\/","url_meta":{"origin":13961,"position":2},"title":"Royal Canin Fibre Response","author":"c2010341","date":"26\/05\/2021","format":false,"excerpt":"ROYAL CANIN FIBRE RESPONSE Royal Canin Fibre Response es un alimento S\u00faper Premium para gatos adultos. Esta formulado para contribuir al manejo de la constipaci\u00f3n aguda y cr\u00f3nica. Adem\u00e1s este alimento contiene una combinaci\u00f3n de fibras espec\u00edficas que ayudan a reblandecer las heces y favorecer as\u00ed su eliminaci\u00f3n. SEGURIDAD DIGESTIVA:\u2026","rel":"","context":"Entrada similar ","block_context":{"text":"Entrada similar ","link":""},"img":{"alt_text":"Royal Canin Fibre Response","src":"https:\/\/i0.wp.com\/multimascota.com.ar\/wp-content\/uploads\/2021\/05\/Royal-Canin-Fibre-Response.jpg?fit=1000%2C1000&ssl=1&resize=350%2C200","width":350,"height":200,"srcset":"https:\/\/i0.wp.com\/multimascota.com.ar\/wp-content\/uploads\/2021\/05\/Royal-Canin-Fibre-Response.jpg?fit=1000%2C1000&ssl=1&resize=350%2C200 1x, https:\/\/i0.wp.com\/multimascota.com.ar\/wp-content\/uploads\/2021\/05\/Royal-Canin-Fibre-Response.jpg?fit=1000%2C1000&ssl=1&resize=525%2C300 1.5x, https:\/\/i0.wp.com\/multimascota.com.ar\/wp-content\/uploads\/2021\/05\/Royal-Canin-Fibre-Response.jpg?fit=1000%2C1000&ssl=1&resize=700%2C400 2x"},"classes":[]},{"id":14202,"url":"https:\/\/multimascota.com.ar\/es_ar\/producto\/royal-canin-bulldog-frances-junior\/","url_meta":{"origin":13961,"position":3},"title":"Royal Canin Bulldog Frances Junior","author":"Alejandro Nieto","date":"28\/06\/2021","format":false,"excerpt":"Alimento para perros cachorros de raza Bulldog Franc\u00e9s. De 2 meses a 12 meses de edad. Defensas naturales Contribuye a reforzar las defensas naturales del cachorro Bulldog Franc\u00e9s.Croqueta adaptada Especial para mand\u00edbula braquicef\u00e1lica. Facilita la prensi\u00f3n y estimula la masticaci\u00f3n del cachorro Bulldog Franc\u00e9s gracias a una croqueta especialmente adaptada.\u2026","rel":"","context":"Entrada similar ","block_context":{"text":"Entrada similar ","link":""},"img":{"alt_text":"","src":"https:\/\/i0.wp.com\/multimascota.com.ar\/wp-content\/uploads\/2021\/06\/Royal-Canin-Bulldog-Frances-Junior.jpg?fit=1000%2C1000&ssl=1&resize=350%2C200","width":350,"height":200,"srcset":"https:\/\/i0.wp.com\/multimascota.com.ar\/wp-content\/uploads\/2021\/06\/Royal-Canin-Bulldog-Frances-Junior.jpg?fit=1000%2C1000&ssl=1&resize=350%2C200 1x, https:\/\/i0.wp.com\/multimascota.com.ar\/wp-content\/uploads\/2021\/06\/Royal-Canin-Bulldog-Frances-Junior.jpg?fit=1000%2C1000&ssl=1&resize=525%2C300 1.5x, https:\/\/i0.wp.com\/multimascota.com.ar\/wp-content\/uploads\/2021\/06\/Royal-Canin-Bulldog-Frances-Junior.jpg?fit=1000%2C1000&ssl=1&resize=700%2C400 2x"},"classes":[]},{"id":11865,"url":"https:\/\/multimascota.com.ar\/es_ar\/producto\/pro-plan-perros-adultos-razas-pequenas\/","url_meta":{"origin":13961,"position":4},"title":"Pro Plan Perros Adultos Razas Peque\u00f1as","author":"c2010341","date":"26\/05\/2021","format":false,"excerpt":"PURINA\u00ae PRO PLAN\u00ae ADULT Nuestra avanzada tecnolog\u00eda OptiHealth\u00ae contiene Spirulina, cuya efectividad ha sido cient\u00edficamente probada que ayuda a fortalecer el sistema inmune. LA NUTRICI\u00d3N M\u00c1S AVANZADA A TU ALCANCE Este alimento est\u00e1 formulado para ofrecer vitalidad y protecci\u00f3n a perros adultos de 1 a 7 a\u00f1os. \u00bfQU\u00c9 ES LA\u2026","rel":"","context":"Entrada similar ","block_context":{"text":"Entrada similar ","link":""},"img":{"alt_text":"","src":"https:\/\/i0.wp.com\/multimascota.com.ar\/wp-content\/uploads\/2021\/05\/Pro-Plan-Perros-Adultos-RazasPequenas.jpg?fit=1000%2C1000&ssl=1&resize=350%2C200","width":350,"height":200,"srcset":"https:\/\/i0.wp.com\/multimascota.com.ar\/wp-content\/uploads\/2021\/05\/Pro-Plan-Perros-Adultos-RazasPequenas.jpg?fit=1000%2C1000&ssl=1&resize=350%2C200 1x, https:\/\/i0.wp.com\/multimascota.com.ar\/wp-content\/uploads\/2021\/05\/Pro-Plan-Perros-Adultos-RazasPequenas.jpg?fit=1000%2C1000&ssl=1&resize=525%2C300 1.5x, https:\/\/i0.wp.com\/multimascota.com.ar\/wp-content\/uploads\/2021\/05\/Pro-Plan-Perros-Adultos-RazasPequenas.jpg?fit=1000%2C1000&ssl=1&resize=700%2C400 2x"},"classes":[]},{"id":14155,"url":"https:\/\/multimascota.com.ar\/es_ar\/producto\/royal-canin-skin-care-adult-dog\/","url_meta":{"origin":13961,"position":5},"title":"Royal Canin Skin Care Adult Dog","author":"Alejandro Nieto","date":"28\/06\/2021","format":false,"excerpt":"Skin Care Adult Dog Skin Care Adult Dog es un alimento diet\u00e9tico completo para perros, formulado para mantener la funci\u00f3n d\u00e9rmica en caso de dermatitis no relacionada con intolerancia alimentaria o alergia. Este alimento contiene un alto nivel de \u00e1cidos grasos esenciales. CUIDADO DE LA PIEL: Brinda un soporte nutricional\u2026","rel":"","context":"Entrada similar ","block_context":{"text":"Entrada similar ","link":""},"img":{"alt_text":"","src":"https:\/\/i0.wp.com\/multimascota.com.ar\/wp-content\/uploads\/2021\/06\/Skin-Care-Adult.jpg?fit=1000%2C1000&ssl=1&resize=350%2C200","width":350,"height":200,"srcset":"https:\/\/i0.wp.com\/multimascota.com.ar\/wp-content\/uploads\/2021\/06\/Skin-Care-Adult.jpg?fit=1000%2C1000&ssl=1&resize=350%2C200 1x, https:\/\/i0.wp.com\/multimascota.com.ar\/wp-content\/uploads\/2021\/06\/Skin-Care-Adult.jpg?fit=1000%2C1000&ssl=1&resize=525%2C300 1.5x, https:\/\/i0.wp.com\/multimascota.com.ar\/wp-content\/uploads\/2021\/06\/Skin-Care-Adult.jpg?fit=1000%2C1000&ssl=1&resize=700%2C400 2x"},"classes":[]}],"jetpack_sharing_enabled":true,"_links":{"self":[{"href":"https:\/\/multimascota.com.ar\/es_ar\/wp-json\/wp\/v2\/product\/13961","targetHints":{"allow":["GET"]}}],"collection":[{"href":"https:\/\/multimascota.com.ar\/es_ar\/wp-json\/wp\/v2\/product"}],"about":[{"href":"https:\/\/multimascota.com.ar\/es_ar\/wp-json\/wp\/v2\/types\/product"}],"replies":[{"embeddable":true,"href":"https:\/\/multimascota.com.ar\/es_ar\/wp-json\/wp\/v2\/comments?post=13961"}],"version-history":[{"count":0,"href":"https:\/\/multimascota.com.ar\/es_ar\/wp-json\/wp\/v2\/product\/13961\/revisions"}],"wp:featuredmedia":[{"embeddable":true,"href":"https:\/\/multimascota.com.ar\/es_ar\/wp-json\/wp\/v2\/media\/14826"}],"wp:attachment":[{"href":"https:\/\/multimascota.com.ar\/es_ar\/wp-json\/wp\/v2\/media?parent=13961"}],"wp:term":[{"taxonomy":"product_brand","embeddable":true,"href":"https:\/\/multimascota.com.ar\/es_ar\/wp-json\/wp\/v2\/product_brand?post=13961"},{"taxonomy":"product_cat","embeddable":true,"href":"https:\/\/multimascota.com.ar\/es_ar\/wp-json\/wp\/v2\/product_cat?post=13961"},{"taxonomy":"product_tag","embeddable":true,"href":"https:\/\/multimascota.com.ar\/es_ar\/wp-json\/wp\/v2\/product_tag?post=13961"}],"curies":[{"name":"wp","href":"https:\/\/api.w.org\/{rel}","templated":true}]}}