{"id":12366,"date":"2021-05-26T23:14:48","date_gmt":"2021-05-26T23:14:48","guid":{"rendered":"https:\/\/multimascota.com.ar\/?post_type=product&#038;p=12366"},"modified":"2025-10-23T15:43:57","modified_gmt":"2025-10-23T15:43:57","slug":"royal-canin-urinary-75-kg15-kg-gratis","status":"publish","type":"product","link":"https:\/\/multimascota.com.ar\/es_ar\/producto\/royal-canin-urinary-75-kg15-kg-gratis\/","title":{"rendered":"Royal canin Urinary Care"},"content":{"rendered":"","protected":false},"excerpt":{"rendered":"","protected":false},"featured_media":15840,"comment_status":"closed","ping_status":"closed","template":"","meta":[],"product_brand":[],"product_cat":[205],"product_tag":[313],"class_list":{"0":"post-12366","1":"product","2":"type-product","3":"status-publish","4":"has-post-thumbnail","6":"product_cat-gatos","7":"product_tag-royal-canin-gato","9":"first","10":"instock","11":"shipping-taxable","12":"purchasable","13":"product-type-variable"},"yoast_head":"<!-- This site is optimized with the Yoast SEO plugin v27.3 - https:\/\/yoast.com\/product\/yoast-seo-wordpress\/ -->\n<title>Royal canin Urinary Care - MULTIMASCOTA<\/title>\n<meta name=\"robots\" content=\"index, follow, max-snippet:-1, max-image-preview:large, max-video-preview:-1\" \/>\n<link rel=\"canonical\" href=\"https:\/\/multimascota.com.ar\/es_ar\/producto\/royal-canin-urinary-75-kg15-kg-gratis\/\" \/>\n<meta property=\"og:locale\" content=\"es_ES\" \/>\n<meta property=\"og:type\" content=\"article\" \/>\n<meta property=\"og:title\" content=\"Royal canin Urinary Care - MULTIMASCOTA\" \/>\n<meta property=\"og:url\" content=\"https:\/\/multimascota.com.ar\/es_ar\/producto\/royal-canin-urinary-75-kg15-kg-gratis\/\" \/>\n<meta property=\"og:site_name\" content=\"MULTIMASCOTA\" \/>\n<meta property=\"article:publisher\" content=\"https:\/\/www.facebook.com\/multimascota\" \/>\n<meta property=\"article:modified_time\" content=\"2025-10-23T15:43:57+00:00\" \/>\n<meta property=\"og:image\" content=\"https:\/\/i0.wp.com\/multimascota.com.ar\/wp-content\/uploads\/2021\/05\/Royal-canin-Urinary.jpg?fit=1000%2C1000&ssl=1\" \/>\n\t<meta property=\"og:image:width\" content=\"1000\" \/>\n\t<meta property=\"og:image:height\" content=\"1000\" \/>\n\t<meta property=\"og:image:type\" content=\"image\/jpeg\" \/>\n<meta name=\"twitter:card\" content=\"summary_large_image\" \/>\n<script type=\"application\/ld+json\" class=\"yoast-schema-graph\">{\"@context\":\"https:\\\/\\\/schema.org\",\"@graph\":[{\"@type\":[\"WebPage\",\"ItemPage\"],\"@id\":\"https:\\\/\\\/multimascota.com.ar\\\/producto\\\/royal-canin-urinary-75-kg15-kg-gratis\\\/\",\"url\":\"https:\\\/\\\/multimascota.com.ar\\\/producto\\\/royal-canin-urinary-75-kg15-kg-gratis\\\/\",\"name\":\"Royal canin Urinary Care - MULTIMASCOTA\",\"isPartOf\":{\"@id\":\"https:\\\/\\\/multimascota.com.ar\\\/#website\"},\"primaryImageOfPage\":{\"@id\":\"https:\\\/\\\/multimascota.com.ar\\\/producto\\\/royal-canin-urinary-75-kg15-kg-gratis\\\/#primaryimage\"},\"image\":{\"@id\":\"https:\\\/\\\/multimascota.com.ar\\\/producto\\\/royal-canin-urinary-75-kg15-kg-gratis\\\/#primaryimage\"},\"thumbnailUrl\":\"https:\\\/\\\/i0.wp.com\\\/multimascota.com.ar\\\/wp-content\\\/uploads\\\/2021\\\/05\\\/Royal-canin-Urinary.jpg?fit=1000%2C1000&ssl=1\",\"datePublished\":\"2021-05-26T23:14:48+00:00\",\"dateModified\":\"2025-10-23T15:43:57+00:00\",\"breadcrumb\":{\"@id\":\"https:\\\/\\\/multimascota.com.ar\\\/producto\\\/royal-canin-urinary-75-kg15-kg-gratis\\\/#breadcrumb\"},\"inLanguage\":\"es-AR\",\"potentialAction\":[{\"@type\":\"ReadAction\",\"target\":[\"https:\\\/\\\/multimascota.com.ar\\\/producto\\\/royal-canin-urinary-75-kg15-kg-gratis\\\/\"]}]},{\"@type\":\"ImageObject\",\"inLanguage\":\"es-AR\",\"@id\":\"https:\\\/\\\/multimascota.com.ar\\\/producto\\\/royal-canin-urinary-75-kg15-kg-gratis\\\/#primaryimage\",\"url\":\"https:\\\/\\\/i0.wp.com\\\/multimascota.com.ar\\\/wp-content\\\/uploads\\\/2021\\\/05\\\/Royal-canin-Urinary.jpg?fit=1000%2C1000&ssl=1\",\"contentUrl\":\"https:\\\/\\\/i0.wp.com\\\/multimascota.com.ar\\\/wp-content\\\/uploads\\\/2021\\\/05\\\/Royal-canin-Urinary.jpg?fit=1000%2C1000&ssl=1\",\"width\":1000,\"height\":1000,\"caption\":\"Royal canin Urinary\"},{\"@type\":\"BreadcrumbList\",\"@id\":\"https:\\\/\\\/multimascota.com.ar\\\/producto\\\/royal-canin-urinary-75-kg15-kg-gratis\\\/#breadcrumb\",\"itemListElement\":[{\"@type\":\"ListItem\",\"position\":1,\"name\":\"Portada\",\"item\":\"https:\\\/\\\/multimascota.com.ar\\\/\"},{\"@type\":\"ListItem\",\"position\":2,\"name\":\"Tienda\",\"item\":\"https:\\\/\\\/multimascota.com.ar\\\/tienda\\\/\"},{\"@type\":\"ListItem\",\"position\":3,\"name\":\"Royal canin Urinary Care\"}]},{\"@type\":\"WebSite\",\"@id\":\"https:\\\/\\\/multimascota.com.ar\\\/#website\",\"url\":\"https:\\\/\\\/multimascota.com.ar\\\/\",\"name\":\"MULTIMASCOTA\",\"description\":\"M\u00c0S DE 20 A\u00d1OS | LOS MEJORES PRODUCTOS\",\"publisher\":{\"@id\":\"https:\\\/\\\/multimascota.com.ar\\\/#organization\"},\"potentialAction\":[{\"@type\":\"SearchAction\",\"target\":{\"@type\":\"EntryPoint\",\"urlTemplate\":\"https:\\\/\\\/multimascota.com.ar\\\/?s={search_term_string}\"},\"query-input\":{\"@type\":\"PropertyValueSpecification\",\"valueRequired\":true,\"valueName\":\"search_term_string\"}}],\"inLanguage\":\"es-AR\"},{\"@type\":\"Organization\",\"@id\":\"https:\\\/\\\/multimascota.com.ar\\\/#organization\",\"name\":\"Multimascota Veterinaria\",\"url\":\"https:\\\/\\\/multimascota.com.ar\\\/\",\"logo\":{\"@type\":\"ImageObject\",\"inLanguage\":\"es-AR\",\"@id\":\"https:\\\/\\\/multimascota.com.ar\\\/#\\\/schema\\\/logo\\\/image\\\/\",\"url\":\"https:\\\/\\\/multimascota.com.ar\\\/wp-content\\\/uploads\\\/2021\\\/07\\\/LG1-1.png\",\"contentUrl\":\"https:\\\/\\\/multimascota.com.ar\\\/wp-content\\\/uploads\\\/2021\\\/07\\\/LG1-1.png\",\"width\":500,\"height\":500,\"caption\":\"Multimascota Veterinaria\"},\"image\":{\"@id\":\"https:\\\/\\\/multimascota.com.ar\\\/#\\\/schema\\\/logo\\\/image\\\/\"},\"sameAs\":[\"https:\\\/\\\/www.facebook.com\\\/multimascota\",\"https:\\\/\\\/www.instagram.com\\\/multimascotasrl\\\/\"]}]}<\/script>\n<!-- \/ Yoast SEO plugin. -->","yoast_head_json":{"title":"Royal canin Urinary Care - MULTIMASCOTA","robots":{"index":"index","follow":"follow","max-snippet":"max-snippet:-1","max-image-preview":"max-image-preview:large","max-video-preview":"max-video-preview:-1"},"canonical":"https:\/\/multimascota.com.ar\/es_ar\/producto\/royal-canin-urinary-75-kg15-kg-gratis\/","og_locale":"es_ES","og_type":"article","og_title":"Royal canin Urinary Care - MULTIMASCOTA","og_url":"https:\/\/multimascota.com.ar\/es_ar\/producto\/royal-canin-urinary-75-kg15-kg-gratis\/","og_site_name":"MULTIMASCOTA","article_publisher":"https:\/\/www.facebook.com\/multimascota","article_modified_time":"2025-10-23T15:43:57+00:00","og_image":[{"width":1000,"height":1000,"url":"https:\/\/i0.wp.com\/multimascota.com.ar\/wp-content\/uploads\/2021\/05\/Royal-canin-Urinary.jpg?fit=1000%2C1000&ssl=1","type":"image\/jpeg"}],"twitter_card":"summary_large_image","schema":{"@context":"https:\/\/schema.org","@graph":[{"@type":["WebPage","ItemPage"],"@id":"https:\/\/multimascota.com.ar\/producto\/royal-canin-urinary-75-kg15-kg-gratis\/","url":"https:\/\/multimascota.com.ar\/producto\/royal-canin-urinary-75-kg15-kg-gratis\/","name":"Royal canin Urinary Care - MULTIMASCOTA","isPartOf":{"@id":"https:\/\/multimascota.com.ar\/#website"},"primaryImageOfPage":{"@id":"https:\/\/multimascota.com.ar\/producto\/royal-canin-urinary-75-kg15-kg-gratis\/#primaryimage"},"image":{"@id":"https:\/\/multimascota.com.ar\/producto\/royal-canin-urinary-75-kg15-kg-gratis\/#primaryimage"},"thumbnailUrl":"https:\/\/i0.wp.com\/multimascota.com.ar\/wp-content\/uploads\/2021\/05\/Royal-canin-Urinary.jpg?fit=1000%2C1000&ssl=1","datePublished":"2021-05-26T23:14:48+00:00","dateModified":"2025-10-23T15:43:57+00:00","breadcrumb":{"@id":"https:\/\/multimascota.com.ar\/producto\/royal-canin-urinary-75-kg15-kg-gratis\/#breadcrumb"},"inLanguage":"es-AR","potentialAction":[{"@type":"ReadAction","target":["https:\/\/multimascota.com.ar\/producto\/royal-canin-urinary-75-kg15-kg-gratis\/"]}]},{"@type":"ImageObject","inLanguage":"es-AR","@id":"https:\/\/multimascota.com.ar\/producto\/royal-canin-urinary-75-kg15-kg-gratis\/#primaryimage","url":"https:\/\/i0.wp.com\/multimascota.com.ar\/wp-content\/uploads\/2021\/05\/Royal-canin-Urinary.jpg?fit=1000%2C1000&ssl=1","contentUrl":"https:\/\/i0.wp.com\/multimascota.com.ar\/wp-content\/uploads\/2021\/05\/Royal-canin-Urinary.jpg?fit=1000%2C1000&ssl=1","width":1000,"height":1000,"caption":"Royal canin Urinary"},{"@type":"BreadcrumbList","@id":"https:\/\/multimascota.com.ar\/producto\/royal-canin-urinary-75-kg15-kg-gratis\/#breadcrumb","itemListElement":[{"@type":"ListItem","position":1,"name":"Portada","item":"https:\/\/multimascota.com.ar\/"},{"@type":"ListItem","position":2,"name":"Tienda","item":"https:\/\/multimascota.com.ar\/tienda\/"},{"@type":"ListItem","position":3,"name":"Royal canin Urinary Care"}]},{"@type":"WebSite","@id":"https:\/\/multimascota.com.ar\/#website","url":"https:\/\/multimascota.com.ar\/","name":"MULTIMASCOTA","description":"M\u00c0S DE 20 A\u00d1OS | LOS MEJORES PRODUCTOS","publisher":{"@id":"https:\/\/multimascota.com.ar\/#organization"},"potentialAction":[{"@type":"SearchAction","target":{"@type":"EntryPoint","urlTemplate":"https:\/\/multimascota.com.ar\/?s={search_term_string}"},"query-input":{"@type":"PropertyValueSpecification","valueRequired":true,"valueName":"search_term_string"}}],"inLanguage":"es-AR"},{"@type":"Organization","@id":"https:\/\/multimascota.com.ar\/#organization","name":"Multimascota Veterinaria","url":"https:\/\/multimascota.com.ar\/","logo":{"@type":"ImageObject","inLanguage":"es-AR","@id":"https:\/\/multimascota.com.ar\/#\/schema\/logo\/image\/","url":"https:\/\/multimascota.com.ar\/wp-content\/uploads\/2021\/07\/LG1-1.png","contentUrl":"https:\/\/multimascota.com.ar\/wp-content\/uploads\/2021\/07\/LG1-1.png","width":500,"height":500,"caption":"Multimascota Veterinaria"},"image":{"@id":"https:\/\/multimascota.com.ar\/#\/schema\/logo\/image\/"},"sameAs":["https:\/\/www.facebook.com\/multimascota","https:\/\/www.instagram.com\/multimascotasrl\/"]}]}},"jetpack-related-posts":[{"id":12371,"url":"https:\/\/multimascota.com.ar\/es_ar\/producto\/royal-canin-urinary-s-o-high-dilution-cat\/","url_meta":{"origin":12366,"position":0},"title":"Royal Canin Urinary S\/O High Dilution Cat","author":"c2010341","date":"26\/05\/2021","format":false,"excerpt":"","rel":"","context":"Entrada similar ","block_context":{"text":"Entrada similar ","link":""},"img":{"alt_text":"","src":"https:\/\/i0.wp.com\/multimascota.com.ar\/wp-content\/uploads\/2021\/05\/Royal-Canin-Urinary-SO-High-Dilution-Cat.jpg?fit=1000%2C1000&ssl=1&resize=350%2C200","width":350,"height":200,"srcset":"https:\/\/i0.wp.com\/multimascota.com.ar\/wp-content\/uploads\/2021\/05\/Royal-Canin-Urinary-SO-High-Dilution-Cat.jpg?fit=1000%2C1000&ssl=1&resize=350%2C200 1x, https:\/\/i0.wp.com\/multimascota.com.ar\/wp-content\/uploads\/2021\/05\/Royal-Canin-Urinary-SO-High-Dilution-Cat.jpg?fit=1000%2C1000&ssl=1&resize=525%2C300 1.5x, https:\/\/i0.wp.com\/multimascota.com.ar\/wp-content\/uploads\/2021\/05\/Royal-Canin-Urinary-SO-High-Dilution-Cat.jpg?fit=1000%2C1000&ssl=1&resize=700%2C400 2x"},"classes":[]},{"id":12290,"url":"https:\/\/multimascota.com.ar\/es_ar\/producto\/royal-canin-hair-skin-care-33-2-kg\/","url_meta":{"origin":12366,"position":1},"title":"Royal Canin Hair y Skin Care","author":"c2010341","date":"26\/05\/2021","format":false,"excerpt":"ROYAL CANIN HAIR & SKIN CARE Royal Canin Hair and Skin Care\u00a0 es un alimento equilibrado y Super Premium para gatos adultos para el cuidado y nutrici\u00f3n de la piel y el pelo. La salud del gato se refleja en el estado de su pelaje. Adem\u00e1s una alimentaci\u00f3n adecuada, puede\u2026","rel":"","context":"Entrada similar ","block_context":{"text":"Entrada similar ","link":""},"img":{"alt_text":"","src":"https:\/\/i0.wp.com\/multimascota.com.ar\/wp-content\/uploads\/2021\/05\/ar-l-hair-skin-seco-fcn-01.jpeg?fit=640%2C640&ssl=1&resize=350%2C200","width":350,"height":200,"srcset":"https:\/\/i0.wp.com\/multimascota.com.ar\/wp-content\/uploads\/2021\/05\/ar-l-hair-skin-seco-fcn-01.jpeg?fit=640%2C640&ssl=1&resize=350%2C200 1x, https:\/\/i0.wp.com\/multimascota.com.ar\/wp-content\/uploads\/2021\/05\/ar-l-hair-skin-seco-fcn-01.jpeg?fit=640%2C640&ssl=1&resize=525%2C300 1.5x"},"classes":[]},{"id":17179,"url":"https:\/\/multimascota.com.ar\/es_ar\/producto\/royal-canin-cat-hairball-care-gato\/","url_meta":{"origin":12366,"position":2},"title":"Royal Canin Cat Hairball Care Gato","author":"","date":"30\/08\/2021","format":false,"excerpt":"Royal Canin Hairball\u00a0 (Gato)\u00a0 Alimento para gatos adultos recomendado para ayudar a reducir la formaci\u00f3n de bolas de pelo. Ayuda a reducir la formaci\u00f3n de bolas de pelo Es una f\u00f3rmula nutricional espec\u00edficamente balanceada que ayuda a reducir la formaci\u00f3n de bolas de pelo. El exclusivo complejo Hairball Care est\u00e1\u2026","rel":"","context":"Entrada similar ","block_context":{"text":"Entrada similar ","link":""},"img":{"alt_text":"","src":"https:\/\/i0.wp.com\/multimascota.com.ar\/wp-content\/uploads\/2021\/08\/hairball-care-royal-cannin.jpg?fit=1000%2C1000&ssl=1&resize=350%2C200","width":350,"height":200,"srcset":"https:\/\/i0.wp.com\/multimascota.com.ar\/wp-content\/uploads\/2021\/08\/hairball-care-royal-cannin.jpg?fit=1000%2C1000&ssl=1&resize=350%2C200 1x, https:\/\/i0.wp.com\/multimascota.com.ar\/wp-content\/uploads\/2021\/08\/hairball-care-royal-cannin.jpg?fit=1000%2C1000&ssl=1&resize=525%2C300 1.5x, https:\/\/i0.wp.com\/multimascota.com.ar\/wp-content\/uploads\/2021\/08\/hairball-care-royal-cannin.jpg?fit=1000%2C1000&ssl=1&resize=700%2C400 2x"},"classes":[]},{"id":14155,"url":"https:\/\/multimascota.com.ar\/es_ar\/producto\/royal-canin-skin-care-adult-dog\/","url_meta":{"origin":12366,"position":3},"title":"Royal Canin Skin Care Adult Dog","author":"Alejandro Nieto","date":"28\/06\/2021","format":false,"excerpt":"Skin Care Adult Dog Skin Care Adult Dog es un alimento diet\u00e9tico completo para perros, formulado para mantener la funci\u00f3n d\u00e9rmica en caso de dermatitis no relacionada con intolerancia alimentaria o alergia. Este alimento contiene un alto nivel de \u00e1cidos grasos esenciales. CUIDADO DE LA PIEL: Brinda un soporte nutricional\u2026","rel":"","context":"Entrada similar ","block_context":{"text":"Entrada similar ","link":""},"img":{"alt_text":"","src":"https:\/\/i0.wp.com\/multimascota.com.ar\/wp-content\/uploads\/2021\/06\/Skin-Care-Adult.jpg?fit=1000%2C1000&ssl=1&resize=350%2C200","width":350,"height":200,"srcset":"https:\/\/i0.wp.com\/multimascota.com.ar\/wp-content\/uploads\/2021\/06\/Skin-Care-Adult.jpg?fit=1000%2C1000&ssl=1&resize=350%2C200 1x, https:\/\/i0.wp.com\/multimascota.com.ar\/wp-content\/uploads\/2021\/06\/Skin-Care-Adult.jpg?fit=1000%2C1000&ssl=1&resize=525%2C300 1.5x, https:\/\/i0.wp.com\/multimascota.com.ar\/wp-content\/uploads\/2021\/06\/Skin-Care-Adult.jpg?fit=1000%2C1000&ssl=1&resize=700%2C400 2x"},"classes":[]},{"id":18503,"url":"https:\/\/multimascota.com.ar\/es_ar\/producto\/alimento-royal-canin-digestive-care\/","url_meta":{"origin":12366,"position":4},"title":"Alimento Royal Canin Digestive Care","author":"Alejandro Nieto","date":"06\/12\/2021","format":false,"excerpt":"Un est\u00f3mago y tracto digestivo sensibles pueden tener como resultado una gran cantidad de heces de mala calidad que tambi\u00e9n puede indicar una mala digesti\u00f3n. Digestive Care de ROYAL CANIN\u00ae ha sido formulado de una forma equilibrada y precisa para favorecer La salud digestiva gracias a sus nutrientes espec\u00edficos y\u2026","rel":"","context":"Entrada similar ","block_context":{"text":"Entrada similar ","link":""},"img":{"alt_text":"Alimento Royal Canin Digestive Care","src":"https:\/\/i0.wp.com\/multimascota.com.ar\/wp-content\/uploads\/2021\/12\/Digestive-Care.jpg?fit=1000%2C1000&ssl=1&resize=350%2C200","width":350,"height":200,"srcset":"https:\/\/i0.wp.com\/multimascota.com.ar\/wp-content\/uploads\/2021\/12\/Digestive-Care.jpg?fit=1000%2C1000&ssl=1&resize=350%2C200 1x, https:\/\/i0.wp.com\/multimascota.com.ar\/wp-content\/uploads\/2021\/12\/Digestive-Care.jpg?fit=1000%2C1000&ssl=1&resize=525%2C300 1.5x, https:\/\/i0.wp.com\/multimascota.com.ar\/wp-content\/uploads\/2021\/12\/Digestive-Care.jpg?fit=1000%2C1000&ssl=1&resize=700%2C400 2x"},"classes":[]},{"id":13971,"url":"https:\/\/multimascota.com.ar\/es_ar\/producto\/royal-canin-urinary-s-o-dog\/","url_meta":{"origin":12366,"position":5},"title":"Royal Canin Urinary S\/O Dog","author":"Alejandro Nieto","date":"28\/06\/2021","format":false,"excerpt":"Alimento para perros adultos, formulado para ayudar a promover la disoluci\u00f3n de c\u00e1lculos de estruvita. Contribuye al manejo nutricional de los c\u00e1lculos de oxalato de calcio y de estruvita, reduciendo su recurrencia mediante el uso \u00fanico de esta dieta. Disoluci\u00f3n de estruvita Ayuda a disolver los c\u00e1lculos de estruvita. Bajo\u2026","rel":"","context":"Entrada similar ","block_context":{"text":"Entrada similar ","link":""},"img":{"alt_text":"","src":"https:\/\/i0.wp.com\/multimascota.com.ar\/wp-content\/uploads\/2021\/06\/ROYAL-CANIN-URINARY-SO-DOG.jpg?fit=1000%2C1000&ssl=1&resize=350%2C200","width":350,"height":200,"srcset":"https:\/\/i0.wp.com\/multimascota.com.ar\/wp-content\/uploads\/2021\/06\/ROYAL-CANIN-URINARY-SO-DOG.jpg?fit=1000%2C1000&ssl=1&resize=350%2C200 1x, https:\/\/i0.wp.com\/multimascota.com.ar\/wp-content\/uploads\/2021\/06\/ROYAL-CANIN-URINARY-SO-DOG.jpg?fit=1000%2C1000&ssl=1&resize=525%2C300 1.5x, https:\/\/i0.wp.com\/multimascota.com.ar\/wp-content\/uploads\/2021\/06\/ROYAL-CANIN-URINARY-SO-DOG.jpg?fit=1000%2C1000&ssl=1&resize=700%2C400 2x"},"classes":[]}],"jetpack_sharing_enabled":true,"_links":{"self":[{"href":"https:\/\/multimascota.com.ar\/es_ar\/wp-json\/wp\/v2\/product\/12366","targetHints":{"allow":["GET"]}}],"collection":[{"href":"https:\/\/multimascota.com.ar\/es_ar\/wp-json\/wp\/v2\/product"}],"about":[{"href":"https:\/\/multimascota.com.ar\/es_ar\/wp-json\/wp\/v2\/types\/product"}],"replies":[{"embeddable":true,"href":"https:\/\/multimascota.com.ar\/es_ar\/wp-json\/wp\/v2\/comments?post=12366"}],"version-history":[{"count":0,"href":"https:\/\/multimascota.com.ar\/es_ar\/wp-json\/wp\/v2\/product\/12366\/revisions"}],"wp:featuredmedia":[{"embeddable":true,"href":"https:\/\/multimascota.com.ar\/es_ar\/wp-json\/wp\/v2\/media\/15840"}],"wp:attachment":[{"href":"https:\/\/multimascota.com.ar\/es_ar\/wp-json\/wp\/v2\/media?parent=12366"}],"wp:term":[{"taxonomy":"product_brand","embeddable":true,"href":"https:\/\/multimascota.com.ar\/es_ar\/wp-json\/wp\/v2\/product_brand?post=12366"},{"taxonomy":"product_cat","embeddable":true,"href":"https:\/\/multimascota.com.ar\/es_ar\/wp-json\/wp\/v2\/product_cat?post=12366"},{"taxonomy":"product_tag","embeddable":true,"href":"https:\/\/multimascota.com.ar\/es_ar\/wp-json\/wp\/v2\/product_tag?post=12366"}],"curies":[{"name":"wp","href":"https:\/\/api.w.org\/{rel}","templated":true}]}}