{"id":12035,"date":"2021-05-26T23:08:46","date_gmt":"2021-05-26T23:08:46","guid":{"rendered":"https:\/\/multimascota.com.ar\/?post_type=product&#038;p=12035"},"modified":"2026-01-13T13:19:06","modified_gmt":"2026-01-13T13:19:06","slug":"iams-adult-large-15-kg","status":"publish","type":"product","link":"https:\/\/multimascota.com.ar\/es_ar\/producto\/iams-adult-large-15-kg\/","title":{"rendered":"Iams Adult Large 15 Kg"},"content":{"rendered":"","protected":false},"excerpt":{"rendered":"","protected":false},"featured_media":12091,"comment_status":"closed","ping_status":"closed","template":"","meta":[],"product_brand":[],"product_cat":[203,619],"product_tag":[274],"class_list":{"0":"post-12035","1":"product","2":"type-product","3":"status-publish","4":"has-post-thumbnail","6":"product_cat-perros","7":"product_cat-populares","8":"product_tag-iams-perro","10":"first","11":"outofstock","12":"shipping-taxable","13":"purchasable","14":"product-type-simple"},"yoast_head":"<!-- This site is optimized with the Yoast SEO plugin v27.3 - https:\/\/yoast.com\/product\/yoast-seo-wordpress\/ -->\n<title>Iams Adult Large 15 Kg - MULTIMASCOTA<\/title>\n<meta name=\"robots\" content=\"index, follow, max-snippet:-1, max-image-preview:large, max-video-preview:-1\" \/>\n<link rel=\"canonical\" href=\"https:\/\/multimascota.com.ar\/es_ar\/producto\/iams-adult-large-15-kg\/\" \/>\n<meta property=\"og:locale\" content=\"es_ES\" \/>\n<meta property=\"og:type\" content=\"article\" \/>\n<meta property=\"og:title\" content=\"Iams Adult Large 15 Kg - MULTIMASCOTA\" \/>\n<meta property=\"og:url\" content=\"https:\/\/multimascota.com.ar\/es_ar\/producto\/iams-adult-large-15-kg\/\" \/>\n<meta property=\"og:site_name\" content=\"MULTIMASCOTA\" \/>\n<meta property=\"article:publisher\" content=\"https:\/\/www.facebook.com\/multimascota\" \/>\n<meta property=\"article:modified_time\" content=\"2026-01-13T13:19:06+00:00\" \/>\n<meta property=\"og:image\" content=\"https:\/\/multimascota.com.ar\/wp-content\/uploads\/2021\/05\/Iams-Adulro-Perro-Large.jpg\" \/>\n\t<meta property=\"og:image:width\" content=\"1000\" \/>\n\t<meta property=\"og:image:height\" content=\"1000\" \/>\n\t<meta property=\"og:image:type\" content=\"image\/jpeg\" \/>\n<meta name=\"twitter:card\" content=\"summary_large_image\" \/>\n<script type=\"application\/ld+json\" class=\"yoast-schema-graph\">{\"@context\":\"https:\\\/\\\/schema.org\",\"@graph\":[{\"@type\":[\"WebPage\",\"ItemPage\"],\"@id\":\"https:\\\/\\\/multimascota.com.ar\\\/producto\\\/iams-adult-large-15-kg\\\/\",\"url\":\"https:\\\/\\\/multimascota.com.ar\\\/producto\\\/iams-adult-large-15-kg\\\/\",\"name\":\"Iams Adult Large 15 Kg - MULTIMASCOTA\",\"isPartOf\":{\"@id\":\"https:\\\/\\\/multimascota.com.ar\\\/#website\"},\"primaryImageOfPage\":{\"@id\":\"https:\\\/\\\/multimascota.com.ar\\\/producto\\\/iams-adult-large-15-kg\\\/#primaryimage\"},\"image\":{\"@id\":\"https:\\\/\\\/multimascota.com.ar\\\/producto\\\/iams-adult-large-15-kg\\\/#primaryimage\"},\"thumbnailUrl\":\"https:\\\/\\\/i0.wp.com\\\/multimascota.com.ar\\\/wp-content\\\/uploads\\\/2021\\\/05\\\/Iams-Adulro-Perro-Large.jpg?fit=1000%2C1000&ssl=1\",\"datePublished\":\"2021-05-26T23:08:46+00:00\",\"dateModified\":\"2026-01-13T13:19:06+00:00\",\"breadcrumb\":{\"@id\":\"https:\\\/\\\/multimascota.com.ar\\\/producto\\\/iams-adult-large-15-kg\\\/#breadcrumb\"},\"inLanguage\":\"es-AR\",\"potentialAction\":[{\"@type\":\"ReadAction\",\"target\":[\"https:\\\/\\\/multimascota.com.ar\\\/producto\\\/iams-adult-large-15-kg\\\/\"]}]},{\"@type\":\"ImageObject\",\"inLanguage\":\"es-AR\",\"@id\":\"https:\\\/\\\/multimascota.com.ar\\\/producto\\\/iams-adult-large-15-kg\\\/#primaryimage\",\"url\":\"https:\\\/\\\/i0.wp.com\\\/multimascota.com.ar\\\/wp-content\\\/uploads\\\/2021\\\/05\\\/Iams-Adulro-Perro-Large.jpg?fit=1000%2C1000&ssl=1\",\"contentUrl\":\"https:\\\/\\\/i0.wp.com\\\/multimascota.com.ar\\\/wp-content\\\/uploads\\\/2021\\\/05\\\/Iams-Adulro-Perro-Large.jpg?fit=1000%2C1000&ssl=1\",\"width\":1000,\"height\":1000},{\"@type\":\"BreadcrumbList\",\"@id\":\"https:\\\/\\\/multimascota.com.ar\\\/producto\\\/iams-adult-large-15-kg\\\/#breadcrumb\",\"itemListElement\":[{\"@type\":\"ListItem\",\"position\":1,\"name\":\"Portada\",\"item\":\"https:\\\/\\\/multimascota.com.ar\\\/\"},{\"@type\":\"ListItem\",\"position\":2,\"name\":\"Tienda\",\"item\":\"https:\\\/\\\/multimascota.com.ar\\\/tienda\\\/\"},{\"@type\":\"ListItem\",\"position\":3,\"name\":\"Iams Adult Large 15 Kg\"}]},{\"@type\":\"WebSite\",\"@id\":\"https:\\\/\\\/multimascota.com.ar\\\/#website\",\"url\":\"https:\\\/\\\/multimascota.com.ar\\\/\",\"name\":\"MULTIMASCOTA\",\"description\":\"M\u00c0S DE 20 A\u00d1OS | LOS MEJORES PRODUCTOS\",\"publisher\":{\"@id\":\"https:\\\/\\\/multimascota.com.ar\\\/#organization\"},\"potentialAction\":[{\"@type\":\"SearchAction\",\"target\":{\"@type\":\"EntryPoint\",\"urlTemplate\":\"https:\\\/\\\/multimascota.com.ar\\\/?s={search_term_string}\"},\"query-input\":{\"@type\":\"PropertyValueSpecification\",\"valueRequired\":true,\"valueName\":\"search_term_string\"}}],\"inLanguage\":\"es-AR\"},{\"@type\":\"Organization\",\"@id\":\"https:\\\/\\\/multimascota.com.ar\\\/#organization\",\"name\":\"Multimascota Veterinaria\",\"url\":\"https:\\\/\\\/multimascota.com.ar\\\/\",\"logo\":{\"@type\":\"ImageObject\",\"inLanguage\":\"es-AR\",\"@id\":\"https:\\\/\\\/multimascota.com.ar\\\/#\\\/schema\\\/logo\\\/image\\\/\",\"url\":\"https:\\\/\\\/multimascota.com.ar\\\/wp-content\\\/uploads\\\/2021\\\/07\\\/LG1-1.png\",\"contentUrl\":\"https:\\\/\\\/multimascota.com.ar\\\/wp-content\\\/uploads\\\/2021\\\/07\\\/LG1-1.png\",\"width\":500,\"height\":500,\"caption\":\"Multimascota Veterinaria\"},\"image\":{\"@id\":\"https:\\\/\\\/multimascota.com.ar\\\/#\\\/schema\\\/logo\\\/image\\\/\"},\"sameAs\":[\"https:\\\/\\\/www.facebook.com\\\/multimascota\",\"https:\\\/\\\/www.instagram.com\\\/multimascotasrl\\\/\"]}]}<\/script>\n<!-- \/ Yoast SEO plugin. -->","yoast_head_json":{"title":"Iams Adult Large 15 Kg - MULTIMASCOTA","robots":{"index":"index","follow":"follow","max-snippet":"max-snippet:-1","max-image-preview":"max-image-preview:large","max-video-preview":"max-video-preview:-1"},"canonical":"https:\/\/multimascota.com.ar\/es_ar\/producto\/iams-adult-large-15-kg\/","og_locale":"es_ES","og_type":"article","og_title":"Iams Adult Large 15 Kg - MULTIMASCOTA","og_url":"https:\/\/multimascota.com.ar\/es_ar\/producto\/iams-adult-large-15-kg\/","og_site_name":"MULTIMASCOTA","article_publisher":"https:\/\/www.facebook.com\/multimascota","article_modified_time":"2026-01-13T13:19:06+00:00","og_image":[{"width":1000,"height":1000,"url":"https:\/\/multimascota.com.ar\/wp-content\/uploads\/2021\/05\/Iams-Adulro-Perro-Large.jpg","type":"image\/jpeg"}],"twitter_card":"summary_large_image","schema":{"@context":"https:\/\/schema.org","@graph":[{"@type":["WebPage","ItemPage"],"@id":"https:\/\/multimascota.com.ar\/producto\/iams-adult-large-15-kg\/","url":"https:\/\/multimascota.com.ar\/producto\/iams-adult-large-15-kg\/","name":"Iams Adult Large 15 Kg - MULTIMASCOTA","isPartOf":{"@id":"https:\/\/multimascota.com.ar\/#website"},"primaryImageOfPage":{"@id":"https:\/\/multimascota.com.ar\/producto\/iams-adult-large-15-kg\/#primaryimage"},"image":{"@id":"https:\/\/multimascota.com.ar\/producto\/iams-adult-large-15-kg\/#primaryimage"},"thumbnailUrl":"https:\/\/i0.wp.com\/multimascota.com.ar\/wp-content\/uploads\/2021\/05\/Iams-Adulro-Perro-Large.jpg?fit=1000%2C1000&ssl=1","datePublished":"2021-05-26T23:08:46+00:00","dateModified":"2026-01-13T13:19:06+00:00","breadcrumb":{"@id":"https:\/\/multimascota.com.ar\/producto\/iams-adult-large-15-kg\/#breadcrumb"},"inLanguage":"es-AR","potentialAction":[{"@type":"ReadAction","target":["https:\/\/multimascota.com.ar\/producto\/iams-adult-large-15-kg\/"]}]},{"@type":"ImageObject","inLanguage":"es-AR","@id":"https:\/\/multimascota.com.ar\/producto\/iams-adult-large-15-kg\/#primaryimage","url":"https:\/\/i0.wp.com\/multimascota.com.ar\/wp-content\/uploads\/2021\/05\/Iams-Adulro-Perro-Large.jpg?fit=1000%2C1000&ssl=1","contentUrl":"https:\/\/i0.wp.com\/multimascota.com.ar\/wp-content\/uploads\/2021\/05\/Iams-Adulro-Perro-Large.jpg?fit=1000%2C1000&ssl=1","width":1000,"height":1000},{"@type":"BreadcrumbList","@id":"https:\/\/multimascota.com.ar\/producto\/iams-adult-large-15-kg\/#breadcrumb","itemListElement":[{"@type":"ListItem","position":1,"name":"Portada","item":"https:\/\/multimascota.com.ar\/"},{"@type":"ListItem","position":2,"name":"Tienda","item":"https:\/\/multimascota.com.ar\/tienda\/"},{"@type":"ListItem","position":3,"name":"Iams Adult Large 15 Kg"}]},{"@type":"WebSite","@id":"https:\/\/multimascota.com.ar\/#website","url":"https:\/\/multimascota.com.ar\/","name":"MULTIMASCOTA","description":"M\u00c0S DE 20 A\u00d1OS | LOS MEJORES PRODUCTOS","publisher":{"@id":"https:\/\/multimascota.com.ar\/#organization"},"potentialAction":[{"@type":"SearchAction","target":{"@type":"EntryPoint","urlTemplate":"https:\/\/multimascota.com.ar\/?s={search_term_string}"},"query-input":{"@type":"PropertyValueSpecification","valueRequired":true,"valueName":"search_term_string"}}],"inLanguage":"es-AR"},{"@type":"Organization","@id":"https:\/\/multimascota.com.ar\/#organization","name":"Multimascota Veterinaria","url":"https:\/\/multimascota.com.ar\/","logo":{"@type":"ImageObject","inLanguage":"es-AR","@id":"https:\/\/multimascota.com.ar\/#\/schema\/logo\/image\/","url":"https:\/\/multimascota.com.ar\/wp-content\/uploads\/2021\/07\/LG1-1.png","contentUrl":"https:\/\/multimascota.com.ar\/wp-content\/uploads\/2021\/07\/LG1-1.png","width":500,"height":500,"caption":"Multimascota Veterinaria"},"image":{"@id":"https:\/\/multimascota.com.ar\/#\/schema\/logo\/image\/"},"sameAs":["https:\/\/www.facebook.com\/multimascota","https:\/\/www.instagram.com\/multimascotasrl\/"]}]}},"jetpack-related-posts":[{"id":12036,"url":"https:\/\/multimascota.com.ar\/es_ar\/producto\/iams-adult-small-medium-breed-15-kg\/","url_meta":{"origin":12035,"position":0},"title":"Iams Adult Small\/Medium Breed 15 Kg","author":"c2010341","date":"26\/05\/2021","format":false,"excerpt":"","rel":"","context":"Entrada similar ","block_context":{"text":"Entrada similar ","link":""},"img":{"alt_text":"","src":"https:\/\/i0.wp.com\/multimascota.com.ar\/wp-content\/uploads\/2021\/05\/Iams-Perro-Small-Medium.jpg?fit=1000%2C1000&ssl=1&resize=350%2C200","width":350,"height":200,"srcset":"https:\/\/i0.wp.com\/multimascota.com.ar\/wp-content\/uploads\/2021\/05\/Iams-Perro-Small-Medium.jpg?fit=1000%2C1000&ssl=1&resize=350%2C200 1x, https:\/\/i0.wp.com\/multimascota.com.ar\/wp-content\/uploads\/2021\/05\/Iams-Perro-Small-Medium.jpg?fit=1000%2C1000&ssl=1&resize=525%2C300 1.5x, https:\/\/i0.wp.com\/multimascota.com.ar\/wp-content\/uploads\/2021\/05\/Iams-Perro-Small-Medium.jpg?fit=1000%2C1000&ssl=1&resize=700%2C400 2x"},"classes":[]},{"id":12050,"url":"https:\/\/multimascota.com.ar\/es_ar\/producto\/iams-puppy-large-15-kg\/","url_meta":{"origin":12035,"position":1},"title":"Iams Puppy Large 15 Kg","author":"c2010341","date":"26\/05\/2021","format":false,"excerpt":"","rel":"","context":"Entrada similar ","block_context":{"text":"Entrada similar ","link":""},"img":{"alt_text":"","src":"https:\/\/i0.wp.com\/multimascota.com.ar\/wp-content\/uploads\/2021\/05\/Iams-Perro-Large-Breed.jpg?fit=1000%2C1000&ssl=1&resize=350%2C200","width":350,"height":200,"srcset":"https:\/\/i0.wp.com\/multimascota.com.ar\/wp-content\/uploads\/2021\/05\/Iams-Perro-Large-Breed.jpg?fit=1000%2C1000&ssl=1&resize=350%2C200 1x, https:\/\/i0.wp.com\/multimascota.com.ar\/wp-content\/uploads\/2021\/05\/Iams-Perro-Large-Breed.jpg?fit=1000%2C1000&ssl=1&resize=525%2C300 1.5x, https:\/\/i0.wp.com\/multimascota.com.ar\/wp-content\/uploads\/2021\/05\/Iams-Perro-Large-Breed.jpg?fit=1000%2C1000&ssl=1&resize=700%2C400 2x"},"classes":[]},{"id":12051,"url":"https:\/\/multimascota.com.ar\/es_ar\/producto\/iams-puppy-small-medium-breed-15-kg\/","url_meta":{"origin":12035,"position":2},"title":"Iams Puppy Small\/Medium Breed 15 Kg","author":"c2010341","date":"26\/05\/2021","format":false,"excerpt":"","rel":"","context":"Entrada similar ","block_context":{"text":"Entrada similar ","link":""},"img":{"alt_text":"","src":"https:\/\/i0.wp.com\/multimascota.com.ar\/wp-content\/uploads\/2021\/05\/Iams-Perro-Small-Medium-Breed.jpg?fit=1000%2C1000&ssl=1&resize=350%2C200","width":350,"height":200,"srcset":"https:\/\/i0.wp.com\/multimascota.com.ar\/wp-content\/uploads\/2021\/05\/Iams-Perro-Small-Medium-Breed.jpg?fit=1000%2C1000&ssl=1&resize=350%2C200 1x, https:\/\/i0.wp.com\/multimascota.com.ar\/wp-content\/uploads\/2021\/05\/Iams-Perro-Small-Medium-Breed.jpg?fit=1000%2C1000&ssl=1&resize=525%2C300 1.5x, https:\/\/i0.wp.com\/multimascota.com.ar\/wp-content\/uploads\/2021\/05\/Iams-Perro-Small-Medium-Breed.jpg?fit=1000%2C1000&ssl=1&resize=700%2C400 2x"},"classes":[]},{"id":12586,"url":"https:\/\/multimascota.com.ar\/es_ar\/producto\/eukanuba-adult-large-breed-15-kg-3-kg-gratis\/","url_meta":{"origin":12035,"position":3},"title":"Eukanuba Adult Large Breed","author":"c2010341","date":"26\/05\/2021","format":false,"excerpt":"Formulado para adultos de raza grande (de los 25 kg a los 40 kg de peso en la edad adulta) a partir de los 15 meses de edad. Formulado para adultos de raza gigante (a partir de los 40 kg de peso en la edad adulta) a partir de los\u2026","rel":"","context":"Entrada similar ","block_context":{"text":"Entrada similar ","link":""},"img":{"alt_text":"Eukanuba Adult Large Breed bonus","src":"https:\/\/i0.wp.com\/multimascota.com.ar\/wp-content\/uploads\/2021\/05\/Eukanuba-Adult-Large-Breed-mas-3.jpg?fit=1000%2C1000&ssl=1&resize=350%2C200","width":350,"height":200,"srcset":"https:\/\/i0.wp.com\/multimascota.com.ar\/wp-content\/uploads\/2021\/05\/Eukanuba-Adult-Large-Breed-mas-3.jpg?fit=1000%2C1000&ssl=1&resize=350%2C200 1x, https:\/\/i0.wp.com\/multimascota.com.ar\/wp-content\/uploads\/2021\/05\/Eukanuba-Adult-Large-Breed-mas-3.jpg?fit=1000%2C1000&ssl=1&resize=525%2C300 1.5x, https:\/\/i0.wp.com\/multimascota.com.ar\/wp-content\/uploads\/2021\/05\/Eukanuba-Adult-Large-Breed-mas-3.jpg?fit=1000%2C1000&ssl=1&resize=700%2C400 2x"},"classes":[]},{"id":12002,"url":"https:\/\/multimascota.com.ar\/es_ar\/producto\/iams-adult-chicken-gato\/","url_meta":{"origin":12035,"position":4},"title":"Iams Adult Chicken (Gato)","author":"c2010341","date":"26\/05\/2021","format":false,"excerpt":"","rel":"","context":"Entrada similar ","block_context":{"text":"Entrada similar ","link":""},"img":{"alt_text":"","src":"https:\/\/i0.wp.com\/multimascota.com.ar\/wp-content\/uploads\/2021\/05\/Iams-Gato-Adulto.jpg?fit=1000%2C1000&ssl=1&resize=350%2C200","width":350,"height":200,"srcset":"https:\/\/i0.wp.com\/multimascota.com.ar\/wp-content\/uploads\/2021\/05\/Iams-Gato-Adulto.jpg?fit=1000%2C1000&ssl=1&resize=350%2C200 1x, https:\/\/i0.wp.com\/multimascota.com.ar\/wp-content\/uploads\/2021\/05\/Iams-Gato-Adulto.jpg?fit=1000%2C1000&ssl=1&resize=525%2C300 1.5x, https:\/\/i0.wp.com\/multimascota.com.ar\/wp-content\/uploads\/2021\/05\/Iams-Gato-Adulto.jpg?fit=1000%2C1000&ssl=1&resize=700%2C400 2x"},"classes":[]},{"id":12453,"url":"https:\/\/multimascota.com.ar\/es_ar\/producto\/nutrique-large-young-adult-dog\/","url_meta":{"origin":12035,"position":5},"title":"Nutrique Large Young Adult Dog","author":"c2010341","date":"26\/05\/2021","format":false,"excerpt":"PERRO LARGE YOUNG\u00a0ADULT DOG Perro adulto de talla grande, 15 meses a 6 a\u00f1os de edad. 72% DE LA PROTE\u00cdNA DE ORIGEN ANIMAL 15% HUEVO 9% CERDO 48% PAVO Exclusivo con Vitality Complex Healthy Performance: El condroit\u00edn sulfato y la glucosamina son fundamentales para la salud osteoarticular del perro adulto\u2026","rel":"","context":"Entrada similar ","block_context":{"text":"Entrada similar ","link":""},"img":{"alt_text":"Nutrique Large Young Adult Dog","src":"https:\/\/i0.wp.com\/multimascota.com.ar\/wp-content\/uploads\/2021\/05\/Nutrique-Large-Young-Adult-Dog-1.jpg?fit=1000%2C1000&ssl=1&resize=350%2C200","width":350,"height":200,"srcset":"https:\/\/i0.wp.com\/multimascota.com.ar\/wp-content\/uploads\/2021\/05\/Nutrique-Large-Young-Adult-Dog-1.jpg?fit=1000%2C1000&ssl=1&resize=350%2C200 1x, https:\/\/i0.wp.com\/multimascota.com.ar\/wp-content\/uploads\/2021\/05\/Nutrique-Large-Young-Adult-Dog-1.jpg?fit=1000%2C1000&ssl=1&resize=525%2C300 1.5x, https:\/\/i0.wp.com\/multimascota.com.ar\/wp-content\/uploads\/2021\/05\/Nutrique-Large-Young-Adult-Dog-1.jpg?fit=1000%2C1000&ssl=1&resize=700%2C400 2x"},"classes":[]}],"jetpack_sharing_enabled":true,"_links":{"self":[{"href":"https:\/\/multimascota.com.ar\/es_ar\/wp-json\/wp\/v2\/product\/12035","targetHints":{"allow":["GET"]}}],"collection":[{"href":"https:\/\/multimascota.com.ar\/es_ar\/wp-json\/wp\/v2\/product"}],"about":[{"href":"https:\/\/multimascota.com.ar\/es_ar\/wp-json\/wp\/v2\/types\/product"}],"replies":[{"embeddable":true,"href":"https:\/\/multimascota.com.ar\/es_ar\/wp-json\/wp\/v2\/comments?post=12035"}],"version-history":[{"count":1,"href":"https:\/\/multimascota.com.ar\/es_ar\/wp-json\/wp\/v2\/product\/12035\/revisions"}],"predecessor-version":[{"id":23878,"href":"https:\/\/multimascota.com.ar\/es_ar\/wp-json\/wp\/v2\/product\/12035\/revisions\/23878"}],"wp:featuredmedia":[{"embeddable":true,"href":"https:\/\/multimascota.com.ar\/es_ar\/wp-json\/wp\/v2\/media\/12091"}],"wp:attachment":[{"href":"https:\/\/multimascota.com.ar\/es_ar\/wp-json\/wp\/v2\/media?parent=12035"}],"wp:term":[{"taxonomy":"product_brand","embeddable":true,"href":"https:\/\/multimascota.com.ar\/es_ar\/wp-json\/wp\/v2\/product_brand?post=12035"},{"taxonomy":"product_cat","embeddable":true,"href":"https:\/\/multimascota.com.ar\/es_ar\/wp-json\/wp\/v2\/product_cat?post=12035"},{"taxonomy":"product_tag","embeddable":true,"href":"https:\/\/multimascota.com.ar\/es_ar\/wp-json\/wp\/v2\/product_tag?post=12035"}],"curies":[{"name":"wp","href":"https:\/\/api.w.org\/{rel}","templated":true}]}}